{"id":8972,"date":"2018-08-29T08:40:02","date_gmt":"2018-08-29T08:40:02","guid":{"rendered":"https:\/\/brochure.spain.info\/espana-en-tren\/grandes-rutas-todo-un-lujo\/"},"modified":"2021-01-15T13:50:11","modified_gmt":"2021-01-15T13:50:11","slug":"grandi-percorsi-un-autentico-lusso","status":"publish","type":"page","link":"https:\/\/brochure.spain.info\/it\/spagna-in-treno\/grandi-percorsi-un-autentico-lusso\/","title":{"rendered":"Grandi percorsi, un autentico lusso"},"content":{"rendered":"<h2><strong>Transcantabrico Gran Lusso<\/strong><\/h2>\n<p class=\"p1\">Vivi per otto giorni tutto il glamour dei grandi treni espressi degli anni &#8217;20 che hanno ispirato cinema e letteratura, ma usufruendo di prestazioni di comfort del XXI secolo. Scoprirai la Spagna settentrionale viaggiando lungo il litorale cantabrico da San Sebasti\u00e1n (Paesi Baschi) a Santiago de Compostela (Galizia) o viceversa.<\/p>\n<p class=\"p1\">Potrai riposare in una delle 14 suite di lusso finemente arredate, vedendo scorrere i paesaggi pi\u00f9 incredibili oltre il finestrino della tua sala privata o le ampie finestre delle carrozze-salone originali del 1923, autentici gioielli del patrimonio storico ferroviario.<\/p>\n<figure id=\"attachment_2091\" aria-describedby=\"caption-attachment-2091\" style=\"width: 750px\" class=\"wp-caption alignnone\"><img loading=\"lazy\" decoding=\"async\" class=\"wp-image-2091\" src=\"https:\/\/brochure.spain.info\/wp-content\/uploads\/2018\/08\/Tren-lujo-02.jpg\" alt=\"\" width=\"750\" height=\"378\" srcset=\"https:\/\/brochure.spain.info\/wp-content\/uploads\/2018\/08\/Tren-lujo-02.jpg 845w, https:\/\/brochure.spain.info\/wp-content\/uploads\/2018\/08\/Tren-lujo-02-300x151.jpg 300w, https:\/\/brochure.spain.info\/wp-content\/uploads\/2018\/08\/Tren-lujo-02-768x387.jpg 768w\" sizes=\"(max-width: 750px) 100vw, 750px\" \/><figcaption id=\"caption-attachment-2091\" class=\"wp-caption-text\">Foto: RENFE<\/figcaption><\/figure>\n<p><img loading=\"lazy\" decoding=\"async\" class=\"alignnone wp-image-13597 size-full\" src=\"https:\/\/brochure.spain.info\/wp-content\/uploads\/2018\/11\/Tren-lujo-01_IT.png\" alt=\"\" width=\"845\" height=\"426\" srcset=\"https:\/\/brochure.spain.info\/wp-content\/uploads\/2018\/11\/Tren-lujo-01_IT.png 845w, https:\/\/brochure.spain.info\/wp-content\/uploads\/2018\/11\/Tren-lujo-01_IT-300x151.png 300w, https:\/\/brochure.spain.info\/wp-content\/uploads\/2018\/11\/Tren-lujo-01_IT-768x387.png 768w\" sizes=\"(max-width: 845px) 100vw, 845px\" \/><\/p>\n<hr \/>\n<h2><a href=\"https:\/\/www.spain.info\/it\/scoprire-spagna\/transcantabrico-treno-hotel-lusso\/\"><strong>Transcantabrico Classico<\/strong><\/a><\/h2>\n<p class=\"p1\">Un\u2019altra magnifica alternativa al Transcantabrico Gran Lusso \u00e8 il Transcantabrico Classico, che abbina il percorso lungo il litorale cantabrico ai territori dell\u2019entroterra della Castiglia e Le\u00f3n.Potrai scegliere il percorso di 8 giorni dalla citt\u00e0 di Le\u00f3n a Santiago de Compostela o percorsi pi\u00f9 brevi: Santiago de Compostela-Santander o Le\u00f3n-Santander.<\/p>\n<figure id=\"attachment_2093\" aria-describedby=\"caption-attachment-2093\" style=\"width: 750px\" class=\"wp-caption alignnone\"><img loading=\"lazy\" decoding=\"async\" class=\"wp-image-2093\" src=\"https:\/\/brochure.spain.info\/wp-content\/uploads\/2018\/08\/Tren-lujo-04.jpg\" alt=\"\" width=\"750\" height=\"378\" srcset=\"https:\/\/brochure.spain.info\/wp-content\/uploads\/2018\/08\/Tren-lujo-04.jpg 845w, https:\/\/brochure.spain.info\/wp-content\/uploads\/2018\/08\/Tren-lujo-04-300x151.jpg 300w, https:\/\/brochure.spain.info\/wp-content\/uploads\/2018\/08\/Tren-lujo-04-768x387.jpg 768w\" sizes=\"(max-width: 750px) 100vw, 750px\" \/><figcaption id=\"caption-attachment-2093\" class=\"wp-caption-text\">Foto: RENFE<\/figcaption><\/figure>\n<p><img loading=\"lazy\" decoding=\"async\" class=\"alignnone wp-image-13622 size-full\" src=\"https:\/\/brochure.spain.info\/wp-content\/uploads\/2018\/11\/Tren-lujo-02_IT.png\" alt=\"\" width=\"845\" height=\"426\" srcset=\"https:\/\/brochure.spain.info\/wp-content\/uploads\/2018\/11\/Tren-lujo-02_IT.png 845w, https:\/\/brochure.spain.info\/wp-content\/uploads\/2018\/11\/Tren-lujo-02_IT-300x151.png 300w, https:\/\/brochure.spain.info\/wp-content\/uploads\/2018\/11\/Tren-lujo-02_IT-768x387.png 768w\" sizes=\"(max-width: 845px) 100vw, 845px\" \/><\/p>\n<hr \/>\n<h2><a href=\"https:\/\/www.spain.info\/it\/scoprire-spagna\/treno-alandalus-palazzo-binari-andalusia\/\"><strong>Al Andalus<\/strong><\/a><\/h2>\n<p class=\"p1\">L&#8217;Al Andalus \u00e8 uno dei treni di lusso pi\u00f9 grandi del mondo. Ti sembrer\u00e0 di retrocedere nel tempo fino ai magici anni della Belle Epoque. Le carrozze suite sono della stessa serie di quelle costruite in Francia per i trasferimenti da Calais alla Costa Azzurra dei sovrani britannici. Ma anche in questo caso, il fascino del passato qui si unisce alle prestazioni pi\u00f9 moderne.<\/p>\n<p class=\"p1\">Nelle vetture salone potrai ammirare il paesaggio assaporando nel frattempo un&#8217;eccellente colazione o un&#8217;appetitosa cena a bordo. Per rilassarti, concediti un cocktail nella carrozza con pianoforte e assisti a uno spettacolo musicale.<\/p>\n<figure id=\"attachment_2095\" aria-describedby=\"caption-attachment-2095\" style=\"width: 750px\" class=\"wp-caption alignnone\"><img loading=\"lazy\" decoding=\"async\" class=\"wp-image-2095\" src=\"https:\/\/brochure.spain.info\/wp-content\/uploads\/2018\/08\/Tren-lujo-06.jpg\" alt=\"\" width=\"750\" height=\"378\" srcset=\"https:\/\/brochure.spain.info\/wp-content\/uploads\/2018\/08\/Tren-lujo-06.jpg 845w, https:\/\/brochure.spain.info\/wp-content\/uploads\/2018\/08\/Tren-lujo-06-300x151.jpg 300w, https:\/\/brochure.spain.info\/wp-content\/uploads\/2018\/08\/Tren-lujo-06-768x387.jpg 768w\" sizes=\"(max-width: 750px) 100vw, 750px\" \/><figcaption id=\"caption-attachment-2095\" class=\"wp-caption-text\">Foto: RENFE<\/figcaption><\/figure>\n<figure id=\"attachment_2096\" aria-describedby=\"caption-attachment-2096\" style=\"width: 750px\" class=\"wp-caption alignnone\"><img loading=\"lazy\" decoding=\"async\" class=\"wp-image-2096\" src=\"https:\/\/brochure.spain.info\/wp-content\/uploads\/2018\/08\/Tren-lujo-07.jpg\" alt=\"\" width=\"750\" height=\"378\" srcset=\"https:\/\/brochure.spain.info\/wp-content\/uploads\/2018\/08\/Tren-lujo-07.jpg 845w, https:\/\/brochure.spain.info\/wp-content\/uploads\/2018\/08\/Tren-lujo-07-300x151.jpg 300w, https:\/\/brochure.spain.info\/wp-content\/uploads\/2018\/08\/Tren-lujo-07-768x387.jpg 768w\" sizes=\"(max-width: 750px) 100vw, 750px\" \/><figcaption id=\"caption-attachment-2096\" class=\"wp-caption-text\">Foto: RENFE<\/figcaption><\/figure>\n<p><img loading=\"lazy\" decoding=\"async\" class=\"alignnone wp-image-13647 size-full\" src=\"https:\/\/brochure.spain.info\/wp-content\/uploads\/2018\/11\/Tren-lujo-03_IT.png\" alt=\"\" width=\"845\" height=\"426\" srcset=\"https:\/\/brochure.spain.info\/wp-content\/uploads\/2018\/11\/Tren-lujo-03_IT.png 845w, https:\/\/brochure.spain.info\/wp-content\/uploads\/2018\/11\/Tren-lujo-03_IT-300x151.png 300w, https:\/\/brochure.spain.info\/wp-content\/uploads\/2018\/11\/Tren-lujo-03_IT-768x387.png 768w\" sizes=\"(max-width: 845px) 100vw, 845px\" \/><\/p>\n","protected":false},"excerpt":{"rendered":"<p>Transcantabrico Gran Lusso Vivi per otto giorni tutto il glamour dei grandi treni espressi degli anni &#8217;20 che hanno ispirato cinema e letteratura, ma usufruendo di prestazioni di comfort del XXI secolo. Scoprirai la Spagna settentrionale viaggiando lungo il litorale cantabrico da San Sebasti\u00e1n (Paesi Baschi) a Santiago de Compostela (Galizia) o viceversa. Potrai riposare &hellip;<\/p>\n","protected":false},"author":1,"featured_media":0,"parent":8968,"menu_order":0,"comment_status":"closed","ping_status":"closed","template":"articulo.php","meta":{"footnotes":""},"acf":[],"_links":{"self":[{"href":"https:\/\/brochure.spain.info\/it\/wp-json\/wp\/v2\/pages\/8972"}],"collection":[{"href":"https:\/\/brochure.spain.info\/it\/wp-json\/wp\/v2\/pages"}],"about":[{"href":"https:\/\/brochure.spain.info\/it\/wp-json\/wp\/v2\/types\/page"}],"author":[{"embeddable":true,"href":"https:\/\/brochure.spain.info\/it\/wp-json\/wp\/v2\/users\/1"}],"replies":[{"embeddable":true,"href":"https:\/\/brochure.spain.info\/it\/wp-json\/wp\/v2\/comments?post=8972"}],"version-history":[{"count":10,"href":"https:\/\/brochure.spain.info\/it\/wp-json\/wp\/v2\/pages\/8972\/revisions"}],"predecessor-version":[{"id":15914,"href":"https:\/\/brochure.spain.info\/it\/wp-json\/wp\/v2\/pages\/8972\/revisions\/15914"}],"up":[{"embeddable":true,"href":"https:\/\/brochure.spain.info\/it\/wp-json\/wp\/v2\/pages\/8968"}],"wp:attachment":[{"href":"https:\/\/brochure.spain.info\/it\/wp-json\/wp\/v2\/media?parent=8972"}],"curies":[{"name":"wp","href":"https:\/\/api.w.org\/{rel}","templated":true}]}}