{"id":5961,"date":"2018-08-23T10:54:48","date_gmt":"2018-08-23T10:54:48","guid":{"rendered":"https:\/\/brochure.spain.info\/parque-nacionales\/"},"modified":"2021-01-22T13:35:18","modified_gmt":"2021-01-22T13:35:18","slug":"parchi-nazionali","status":"publish","type":"page","link":"https:\/\/brochure.spain.info\/it\/natura-in-spagna\/parchi-nazionali\/","title":{"rendered":"Parchi Nazionali"},"content":{"rendered":"<h2><img loading=\"lazy\" decoding=\"async\" class=\"alignnone wp-image-13697 size-full\" src=\"https:\/\/brochure.spain.info\/wp-content\/uploads\/2018\/11\/Mapa-naturaleza_IT.png\" alt=\"\" width=\"845\" height=\"628\" srcset=\"https:\/\/brochure.spain.info\/wp-content\/uploads\/2018\/11\/Mapa-naturaleza_IT.png 845w, https:\/\/brochure.spain.info\/wp-content\/uploads\/2018\/11\/Mapa-naturaleza_IT-300x223.png 300w, https:\/\/brochure.spain.info\/wp-content\/uploads\/2018\/11\/Mapa-naturaleza_IT-768x571.png 768w\" sizes=\"(max-width: 845px) 100vw, 845px\" \/><\/h2>\n<hr>\n<h2><strong>1. Parco Nazionale delle Isole Atlantiche della Galizia<\/strong><\/h2>\n<p class=\"p1\">Visita questo paradiso naturale dalle aspre scogliere e scopri la ricchezza dei suoi fondali marini nuotando tra relitti di naufragi dalla <em>r\u00eda<\/em> di Arosa alla <em>r\u00eda<\/em> di Vigo.<\/p>\n<hr>\n<h2><strong>2. Parco Nazionale dei Picos de Europa<\/strong><\/h2>\n<p class=\"p1\">Situato nel nord del paese, tra la provincia di Le\u00f3n, la Cantabria e le Asturie, \u00e8 il parco nazionale pi\u00f9 grande di tutta la penisola e uno dei pi\u00f9 visitati. Qui potrai fare trekking tra fiumi e gole, salire in cima a una delle sue vette pi\u00f9 elevate, il Naranjo de Bulnes, e scoprire l&#8217;imponente bellezza del paesaggio.<\/p>\n<hr>\n<h2><strong>3. Parco Nazionale di Ordesa e Monte Perdido<\/strong><\/h2>\n<p class=\"p1\">Lasciati sorprendere dai contrasti di questo spazio singolare, dalle sue faggete, dalle cascate e dalle gole. Bivacca sulla cima del Monte Perdido, il punto pi\u00f9 alto dei Pirenei aragonesi, risali dalla prateria di Ordesa fino alla cascata Cola de Caballo e scopri uno spazio naturale di eccezionale bellezza.<\/p>\n<hr>\n<h2><strong>4. Parco Nazionale di Aig\u00fcestortes i Estany de Sant Maurici<\/strong><\/h2>\n<p class=\"p1\">L&#8217;acqua \u00e8 l&#8217;elemento che contraddistingue questo spazio di grande bellezza, situato nel cuore dei Pirenei catalani, habitat del cervo rosso e uno degli ultimi rifugi in Europa per il gipeto. Qui ti aspettano pi\u00f9 di 200 laghi montani, ruscelli e cascate dalle acque cristalline.<\/p>\n<hr>\n<h2><strong>5. Parco Nazionale di Monfrag\u00fce<\/strong><\/h2>\n<p class=\"p1\">\u00c8 uno dei gioielli naturali della provincia di C\u00e1ceres, un autentico santuario del birdwatching. Raggiungi il Roquedo de Pe\u00f1a Falc\u00f3n, uno dei belvedere che si affacciano sul fiume Tago, e contempla gli ampi volteggi in cielo dell&#8217;avvoltoio monaco, uno dei rapaci pi\u00f9 grandi che vivono in Spagna.<\/p>\n<hr>\n<h2><strong>6. Parco Nazionale della Sierra di Guadarrama<\/strong><\/h2>\n<p class=\"p1\">Attraversa il centro della penisola percorrendone i sentieri per il trekking e il cicloturismo, tracciati per condurre i visitatori alla scoperta dei circhi e delle lagune glaciali racchiusi nei suoi 500 chilometri di estensione.<\/p>\n<hr>\n<h2><strong>7. Parco Nazionale delle Tablas de Daimiel<\/strong><\/h2>\n<p class=\"p1\">L&#8217;esondazione dei fiumi Cig\u00fcela e Guadiana all&#8217;altezza di Daimiel ha dato vita a una zona umida unica in Europa. Qui troverai un ecosistema privilegiato da dove ogni anno passano in volo lungo le rotte migratorie numerose specie di uccelli acquatici, assoluti protagonisti del parco.<\/p>\n<hr>\n<h2><strong>8. Parco Nazionale di Caba\u00f1eros<\/strong><\/h2>\n<p class=\"p1\">Sui Monti di Toledo troverai una delle maggiori estensioni di bosco mediterraneo di tutta la penisola. Sulle ampie pianure della Ra\u00f1a de Santiago, nota come il \u201cSerengeti spagnolo\u201d, potrai ammirarne la ricca popolazione di cervi.<\/p>\n<hr>\n<h2><strong>9. Parco Nazionale di Do\u00f1ana<\/strong><\/h2>\n<p class=\"p1\">Situato sulla costa atlantica dell&#8217;Andalusia, Do\u00f1ana \u00e8 lo spazio naturale con la maggiore biodiversit\u00e0 di tutta l&#8217;Europa. Scopri a piedi, a cavallo o su un fuoristrada la sua grande variet\u00e0 di ecosistemi, le macchie mediterranee, i paesaggi aridi delle dune mobili e la ricchezza naturale delle paludi.<\/p>\n<hr>\n<h2><strong>10. Parco Nazionale della Sierra Nevada<\/strong><\/h2>\n<p class=\"p1\">Alle spalle dell&#8217;Alhambra, a Granada, si stagliano le vette pi\u00f9 elevate della penisola, il Mulhac\u00e9n e il Veleta, con i loro pendii punteggiati di neve in vari periodi dell&#8217;anno.<\/p>\n<hr>\n<h2><strong>11. Parco Nazionale della Caldera de Taburiente<\/strong><\/h2>\n<p class=\"p1\">Un altro paesaggio dominato da tonalit\u00e0 nere e rossastre, presieduto da un enorme circo di 8 chilometri di diametro sull&#8217;isola di La Palma. Le sue pinete con esemplari secolari offrono sorprendenti itinerari a piedi e a cavallo.<\/p>\n<hr>\n<h2><strong>12. Parco Nazionale di Garajonay<\/strong><\/h2>\n<p class=\"p1\">Le sorprese sulle isole sono continue. Addentrati nei boschi dell&#8217;isola di La Gomera e scopri un ecosistema singolare. La sua frondosa vegetazione \u00e8 caratterizzata dalla presenza della <i>laurisilva<\/i>, uniche vestigia rimaste dei boschi subtropicali che milioni di anni fa dominavano in tutta l&#8217;area mediterranea.<\/p>\n<hr>\n<h2><strong>13. Parco Nazionale del Teide<\/strong><\/h2>\n<p class=\"p1\">Raggiungi le falde del Teide, iscritto nell&#8217;elenco del Patrimonio Mondiale dall&#8217;UNESCO. Enorme vulcano inattivo e vetta pi\u00f9 alta della Spagna, ti permetter\u00e0 di osservare numerosi coni vulcanici e colate laviche.<\/p>\n<hr>\n<h2><strong>14. Parco Nazionale di Timanfaya<\/strong><\/h2>\n<p class=\"p1\">Sull&#8217;isola di Lanzarote le origini vulcaniche dell&#8217;arcipelago appaiono evidente in posti come il belvedere naturale di Monta\u00f1a Rajada. Da l\u00ec potrai contemplare un paesaggio in cui la fusione tra fuoco, cenere e roccia trova mirabile compimento.<\/p>\n<hr>\n<h2><strong>15. Parco Nazionale dell&#8217;arcipelago di Cabrera<\/strong><\/h2>\n<p class=\"p2\">Sali a bordo di un&#8217;imbarcazione a Maiorca, nelle isole Baleari, e raggiungi l&#8217;arcipelago di Cabrera, Se sei appassionato di immersioni, i ricchi fondali marini e le belle grotte in cui si addentra il mare sapranno conquistarti.<\/p>\n","protected":false},"excerpt":{"rendered":"<p>1. Parco Nazionale delle Isole Atlantiche della Galizia Visita questo paradiso naturale dalle aspre scogliere e scopri la ricchezza dei suoi fondali marini nuotando tra relitti di naufragi dalla r\u00eda di Arosa alla r\u00eda di Vigo. 2. Parco Nazionale dei Picos de Europa Situato nel nord del paese, tra la provincia di Le\u00f3n, la Cantabria &hellip;<\/p>\n","protected":false},"author":1,"featured_media":0,"parent":9374,"menu_order":0,"comment_status":"closed","ping_status":"closed","template":"articulo.php","meta":{"footnotes":""},"acf":[],"_links":{"self":[{"href":"https:\/\/brochure.spain.info\/it\/wp-json\/wp\/v2\/pages\/5961"}],"collection":[{"href":"https:\/\/brochure.spain.info\/it\/wp-json\/wp\/v2\/pages"}],"about":[{"href":"https:\/\/brochure.spain.info\/it\/wp-json\/wp\/v2\/types\/page"}],"author":[{"embeddable":true,"href":"https:\/\/brochure.spain.info\/it\/wp-json\/wp\/v2\/users\/1"}],"replies":[{"embeddable":true,"href":"https:\/\/brochure.spain.info\/it\/wp-json\/wp\/v2\/comments?post=5961"}],"version-history":[{"count":8,"href":"https:\/\/brochure.spain.info\/it\/wp-json\/wp\/v2\/pages\/5961\/revisions"}],"predecessor-version":[{"id":16311,"href":"https:\/\/brochure.spain.info\/it\/wp-json\/wp\/v2\/pages\/5961\/revisions\/16311"}],"up":[{"embeddable":true,"href":"https:\/\/brochure.spain.info\/it\/wp-json\/wp\/v2\/pages\/9374"}],"wp:attachment":[{"href":"https:\/\/brochure.spain.info\/it\/wp-json\/wp\/v2\/media?parent=5961"}],"curies":[{"name":"wp","href":"https:\/\/api.w.org\/{rel}","templated":true}]}}