{"id":10690,"date":"2018-10-03T13:56:13","date_gmt":"2018-10-03T13:56:13","guid":{"rendered":"https:\/\/brochure.spain.info\/espana-cruce-de-culturas\/un-viaje-al-pasado\/"},"modified":"2021-01-14T16:25:36","modified_gmt":"2021-01-14T16:25:36","slug":"un-viaggio-nel-passato","status":"publish","type":"page","link":"https:\/\/brochure.spain.info\/it\/spagna-crogiolo-di-culture\/un-viaggio-nel-passato\/","title":{"rendered":"Un viaggio nel passato"},"content":{"rendered":"<h2>Preistoria: lasciati catturare dalle radici della Spagna<\/h2>\n<h3 class=\"p1\"><a href=\"https:\/\/www.spain.info\/it\/siti-interesse\/sito-archeologico-atapuerca\/\" target=\"_blank\" rel=\"noopener\">ATAPUERCA<\/a><\/h3>\n<p class=\"p1\">Vivi una giornata da archeologo nellaSierra di Atapuerca (Burgos): un viaggio appassionante negli scavi dove sono stati rinvenuti fossili umani risalenti a circa un milione di anni fa.<\/p>\n<figure id=\"attachment_4906\" aria-describedby=\"caption-attachment-4906\" style=\"width: 750px\" class=\"wp-caption alignnone\"><img loading=\"lazy\" decoding=\"async\" class=\"wp-image-4906\" src=\"https:\/\/brochure.spain.info\/wp-content\/uploads\/2018\/10\/Cruce_pasado_01.jpg\" alt=\"\" width=\"750\" height=\"391\" srcset=\"https:\/\/brochure.spain.info\/wp-content\/uploads\/2018\/10\/Cruce_pasado_01.jpg 845w, https:\/\/brochure.spain.info\/wp-content\/uploads\/2018\/10\/Cruce_pasado_01-300x157.jpg 300w, https:\/\/brochure.spain.info\/wp-content\/uploads\/2018\/10\/Cruce_pasado_01-768x401.jpg 768w\" sizes=\"(max-width: 750px) 100vw, 750px\" \/><figcaption id=\"caption-attachment-4906\" class=\"wp-caption-text\">Museo dell&#8217;Evoluzione Umana, Burgos<\/figcaption><\/figure>\n<h3 class=\"p1\"><a href=\"https:\/\/www.spain.info\/it\/siti-interesse\/arte-rupestre-paleolitico-cornice-cantabrica-ampliamento-grotta-altamira\/\" target=\"_blank\" rel=\"noopener\">ARTE RUPESTRE NELLA SPAGNA SETTENTRIONALE<\/a><\/h3>\n<p class=\"p1\">Il nostro paese custodisce alcune delle pi\u00f9 importanti manifestazioni al mondo di arte preistorica, tra le quali spiccano i dipinti rupestri di Altamira.<\/p>\n<figure id=\"attachment_4912\" aria-describedby=\"caption-attachment-4912\" style=\"width: 845px\" class=\"wp-caption alignnone\"><img loading=\"lazy\" decoding=\"async\" class=\"wp-image-4912 size-full\" src=\"https:\/\/brochure.spain.info\/wp-content\/uploads\/2018\/10\/Cruce_pasado_02.jpg\" alt=\"\" width=\"845\" height=\"441\" srcset=\"https:\/\/brochure.spain.info\/wp-content\/uploads\/2018\/10\/Cruce_pasado_02.jpg 845w, https:\/\/brochure.spain.info\/wp-content\/uploads\/2018\/10\/Cruce_pasado_02-300x157.jpg 300w, https:\/\/brochure.spain.info\/wp-content\/uploads\/2018\/10\/Cruce_pasado_02-768x401.jpg 768w\" sizes=\"(max-width: 845px) 100vw, 845px\" \/><figcaption id=\"caption-attachment-4912\" class=\"wp-caption-text\">Nazionale e Centro di Ricerca di Altamira, Santillana del Mar<\/figcaption><\/figure>\n<h3 class=\"p1\"><span style=\"color: #c70808;\">MONUMENTI MEGALITICI<\/span><\/h3>\n<p class=\"p1\">Lasciati stupire dalle dimensioni di alcune delle costruzioni megalitiche pi\u00f9 importanti d&#8217;Europa.<\/p>\n<figure id=\"attachment_4918\" aria-describedby=\"caption-attachment-4918\" style=\"width: 750px\" class=\"wp-caption alignnone\"><img loading=\"lazy\" decoding=\"async\" class=\"wp-image-4918\" style=\"font-size: 16px;\" src=\"https:\/\/brochure.spain.info\/wp-content\/uploads\/2018\/10\/Cruce_pasado_03.jpg\" alt=\"\" width=\"750\" height=\"391\" srcset=\"https:\/\/brochure.spain.info\/wp-content\/uploads\/2018\/10\/Cruce_pasado_03.jpg 845w, https:\/\/brochure.spain.info\/wp-content\/uploads\/2018\/10\/Cruce_pasado_03-300x157.jpg 300w, https:\/\/brochure.spain.info\/wp-content\/uploads\/2018\/10\/Cruce_pasado_03-768x401.jpg 768w\" sizes=\"(max-width: 750px) 100vw, 750px\" \/><figcaption id=\"caption-attachment-4918\" class=\"wp-caption-text\">Complesso Archeologico Dolmen di Antequera<\/figcaption><\/figure>\n<hr \/>\n<h2>Fenici e cartaginesi<\/h2>\n<p class=\"p1\">Le costruzioni fenicie pi\u00f9 importanti si trovano nel sito archeologico di Gadir, uno dei pi\u00f9 antichi d&#8217;Occidente, dove \u00e8 esposta anche un&#8217;importante collezione di utensili di vita quotidiana.<\/p>\n<p class=\"p1\">La maggior parte dei pezzi dell&#8217;artigianato punico conservati in Spagna proviene dal sito archeologico di Puig des Molins, a Ibiza (isole Baleari), dove i cartaginesi fondarono un&#8217;importante base navale.<\/p>\n<figure id=\"attachment_4924\" aria-describedby=\"caption-attachment-4924\" style=\"width: 750px\" class=\"wp-caption alignnone\"><img loading=\"lazy\" decoding=\"async\" class=\"wp-image-4924\" src=\"https:\/\/brochure.spain.info\/wp-content\/uploads\/2018\/10\/Cruce_pasado_04.jpg\" alt=\"\" width=\"750\" height=\"391\" srcset=\"https:\/\/brochure.spain.info\/wp-content\/uploads\/2018\/10\/Cruce_pasado_04.jpg 845w, https:\/\/brochure.spain.info\/wp-content\/uploads\/2018\/10\/Cruce_pasado_04-300x157.jpg 300w, https:\/\/brochure.spain.info\/wp-content\/uploads\/2018\/10\/Cruce_pasado_04-768x401.jpg 768w\" sizes=\"(max-width: 750px) 100vw, 750px\" \/><figcaption id=\"caption-attachment-4924\" class=\"wp-caption-text\">Dama di Cadice, Museo di Cadice<\/figcaption><\/figure>\n<hr \/>\n<h2><strong>Hispania<\/strong> romana<\/h2>\n<p class=\"p1\">Attraversa strade e ponti, assisti a rappresentazioni di opere del teatro classico in anfiteatri con secoli di storia, partecipa ai banchetti romani di Almedinilla (Cordova).<\/p>\n<h3 class=\"p1\"><a href=\"https:\/\/www.spain.info\/it\/siti-interesse\/acquedotto-segovia\/\" target=\"_blank\" rel=\"noopener\">ACQUEDOTTO DI SEGOVIA<\/a><\/h3>\n<p class=\"p1\">Questa maestosa opera di ingegneria del II secolo d. C. fu costruita per raccogliere l&#8217;acqua dai rilievi della Sierra di Guadarrama e distribuirla tra i diversi impianti cittadini.<\/p>\n<figure id=\"attachment_4930\" aria-describedby=\"caption-attachment-4930\" style=\"width: 750px\" class=\"wp-caption alignnone\"><img loading=\"lazy\" decoding=\"async\" class=\"wp-image-4930\" src=\"https:\/\/brochure.spain.info\/wp-content\/uploads\/2018\/10\/Cruce_pasado_05.jpg\" alt=\"\" width=\"750\" height=\"391\" srcset=\"https:\/\/brochure.spain.info\/wp-content\/uploads\/2018\/10\/Cruce_pasado_05.jpg 845w, https:\/\/brochure.spain.info\/wp-content\/uploads\/2018\/10\/Cruce_pasado_05-300x157.jpg 300w, https:\/\/brochure.spain.info\/wp-content\/uploads\/2018\/10\/Cruce_pasado_05-768x401.jpg 768w\" sizes=\"(max-width: 750px) 100vw, 750px\" \/><figcaption id=\"caption-attachment-4930\" class=\"wp-caption-text\">Acquedotto di Segovia<\/figcaption><\/figure>\n<h3 class=\"p1\"><a href=\"https:\/\/www.spain.info\/it\/destinazione\/merida\/\" target=\"_blank\" rel=\"noopener\">M\u00c9RIDA<\/a><\/h3>\n<p class=\"p1\">Augusta Emerita, oggi nota come M\u00e9rida (Estremadura), fu capitale della Lusitania romana e una delle citt\u00e0 pi\u00f9 fiorenti dell&#8217;Impero.<\/p>\n<figure id=\"attachment_4936\" aria-describedby=\"caption-attachment-4936\" style=\"width: 750px\" class=\"wp-caption alignnone\"><img loading=\"lazy\" decoding=\"async\" class=\"wp-image-4936\" src=\"https:\/\/brochure.spain.info\/wp-content\/uploads\/2018\/10\/Cruce_pasado_06.jpg\" alt=\"\" width=\"750\" height=\"391\" srcset=\"https:\/\/brochure.spain.info\/wp-content\/uploads\/2018\/10\/Cruce_pasado_06.jpg 845w, https:\/\/brochure.spain.info\/wp-content\/uploads\/2018\/10\/Cruce_pasado_06-300x157.jpg 300w, https:\/\/brochure.spain.info\/wp-content\/uploads\/2018\/10\/Cruce_pasado_06-768x401.jpg 768w\" sizes=\"(max-width: 750px) 100vw, 750px\" \/><figcaption id=\"caption-attachment-4936\" class=\"wp-caption-text\">Teatro romano de M\u00e9rida<\/figcaption><\/figure>\n<h3 class=\"p1\"><a href=\"https:\/\/www.spain.info\/it\/siti-interesse\/ponte-alcantara-toledo\/\" target=\"_blank\" rel=\"noopener\">PONTE DI ALC\u00c1NTARA<\/a><\/h3>\n<p class=\"p1\">Questa spettacolare opera di ingegneria civile si conserva in perfetto stato dopo vari interventi di restauro a partire dal II secolo d. C.<\/p>\n<figure id=\"attachment_4942\" aria-describedby=\"caption-attachment-4942\" style=\"width: 750px\" class=\"wp-caption alignnone\"><img loading=\"lazy\" decoding=\"async\" class=\"wp-image-4942\" src=\"https:\/\/brochure.spain.info\/wp-content\/uploads\/2018\/10\/Cruce_pasado_07.jpg\" alt=\"\" width=\"750\" height=\"391\" srcset=\"https:\/\/brochure.spain.info\/wp-content\/uploads\/2018\/10\/Cruce_pasado_07.jpg 845w, https:\/\/brochure.spain.info\/wp-content\/uploads\/2018\/10\/Cruce_pasado_07-300x157.jpg 300w, https:\/\/brochure.spain.info\/wp-content\/uploads\/2018\/10\/Cruce_pasado_07-768x401.jpg 768w\" sizes=\"(max-width: 750px) 100vw, 750px\" \/><figcaption id=\"caption-attachment-4942\" class=\"wp-caption-text\">Puente de Alc\u00e1ntara, Toledo<\/figcaption><\/figure>\n<h3 class=\"p1\"><a href=\"https:\/\/www.spain.info\/it\/destinazione\/las-medulas\/\" target=\"_blank\" rel=\"noopener\">LAS M\u00c9DULAS<\/a><\/h3>\n<p class=\"p1\">Nel territorio di El Bierzo (Le\u00f3n, Castiglia e Le\u00f3n) scoprirai quella che \u00e8 considerata la pi\u00f9 grande miniera d&#8217;oro a cielo aperto di tutto l&#8217;impero romano.<\/p>\n<figure id=\"attachment_4948\" aria-describedby=\"caption-attachment-4948\" style=\"width: 750px\" class=\"wp-caption alignnone\"><img loading=\"lazy\" decoding=\"async\" class=\"wp-image-4948\" src=\"https:\/\/brochure.spain.info\/wp-content\/uploads\/2018\/10\/Cruce_pasado_08.jpg\" alt=\"\" width=\"750\" height=\"391\" srcset=\"https:\/\/brochure.spain.info\/wp-content\/uploads\/2018\/10\/Cruce_pasado_08.jpg 845w, https:\/\/brochure.spain.info\/wp-content\/uploads\/2018\/10\/Cruce_pasado_08-300x157.jpg 300w, https:\/\/brochure.spain.info\/wp-content\/uploads\/2018\/10\/Cruce_pasado_08-768x401.jpg 768w\" sizes=\"(max-width: 750px) 100vw, 750px\" \/><figcaption id=\"caption-attachment-4948\" class=\"wp-caption-text\">Las M\u00e9dulas, Le\u00f3n<\/figcaption><\/figure>\n<hr \/>\n<h2>La cultura visigotica<\/h2>\n<p class=\"p1\">Le tracce di questo grande popolo germanico in Spagna sono poche e sono disperse su tutto il territorio. Toledo (Castiglia La Mancia) fu prescelta come capitale del regno e da l\u00ec part\u00ec l&#8217;organizzazione di un sistema precursore del feudalesimo.<\/p>\n<figure id=\"attachment_4954\" aria-describedby=\"caption-attachment-4954\" style=\"width: 750px\" class=\"wp-caption alignnone\"><img loading=\"lazy\" decoding=\"async\" class=\"wp-image-4954\" src=\"https:\/\/brochure.spain.info\/wp-content\/uploads\/2018\/10\/Cruce_pasado_09.jpg\" alt=\"\" width=\"750\" height=\"391\" srcset=\"https:\/\/brochure.spain.info\/wp-content\/uploads\/2018\/10\/Cruce_pasado_09.jpg 845w, https:\/\/brochure.spain.info\/wp-content\/uploads\/2018\/10\/Cruce_pasado_09-300x157.jpg 300w, https:\/\/brochure.spain.info\/wp-content\/uploads\/2018\/10\/Cruce_pasado_09-768x401.jpg 768w\" sizes=\"(max-width: 750px) 100vw, 750px\" \/><figcaption id=\"caption-attachment-4954\" class=\"wp-caption-text\">Monastero de San Mill\u00e1n de Suso, San Mill\u00e1n de la Cogolla<\/figcaption><\/figure>\n","protected":false},"excerpt":{"rendered":"<p>Preistoria: lasciati catturare dalle radici della Spagna ATAPUERCA Vivi una giornata da archeologo nellaSierra di Atapuerca (Burgos): un viaggio appassionante negli scavi dove sono stati rinvenuti fossili umani risalenti a circa un milione di anni fa. ARTE RUPESTRE NELLA SPAGNA SETTENTRIONALE Il nostro paese custodisce alcune delle pi\u00f9 importanti manifestazioni al mondo di arte preistorica, &hellip;<\/p>\n","protected":false},"author":1,"featured_media":0,"parent":10682,"menu_order":0,"comment_status":"closed","ping_status":"closed","template":"articulo.php","meta":{"footnotes":""},"acf":[],"_links":{"self":[{"href":"https:\/\/brochure.spain.info\/it\/wp-json\/wp\/v2\/pages\/10690"}],"collection":[{"href":"https:\/\/brochure.spain.info\/it\/wp-json\/wp\/v2\/pages"}],"about":[{"href":"https:\/\/brochure.spain.info\/it\/wp-json\/wp\/v2\/types\/page"}],"author":[{"embeddable":true,"href":"https:\/\/brochure.spain.info\/it\/wp-json\/wp\/v2\/users\/1"}],"replies":[{"embeddable":true,"href":"https:\/\/brochure.spain.info\/it\/wp-json\/wp\/v2\/comments?post=10690"}],"version-history":[{"count":7,"href":"https:\/\/brochure.spain.info\/it\/wp-json\/wp\/v2\/pages\/10690\/revisions"}],"predecessor-version":[{"id":15842,"href":"https:\/\/brochure.spain.info\/it\/wp-json\/wp\/v2\/pages\/10690\/revisions\/15842"}],"up":[{"embeddable":true,"href":"https:\/\/brochure.spain.info\/it\/wp-json\/wp\/v2\/pages\/10682"}],"wp:attachment":[{"href":"https:\/\/brochure.spain.info\/it\/wp-json\/wp\/v2\/media?parent=10690"}],"curies":[{"name":"wp","href":"https:\/\/api.w.org\/{rel}","templated":true}]}}