{"id":10508,"date":"2018-08-22T11:02:49","date_gmt":"2018-08-22T11:02:49","guid":{"rendered":"https:\/\/brochure.spain.info\/aprender-espanol-en-espana\/las-mejores-ciudades-para-estudiantes\/"},"modified":"2020-12-29T13:33:06","modified_gmt":"2020-12-29T13:33:06","slug":"le-citta-migliori-per-gli-studenti","status":"publish","type":"page","link":"https:\/\/brochure.spain.info\/it\/imparare-lo-spagnolo-in-spagna\/le-citta-migliori-per-gli-studenti\/","title":{"rendered":"Le citt\u00e0 migliori per gli studenti"},"content":{"rendered":"<p><img loading=\"lazy\" decoding=\"async\" class=\"alignnone wp-image-13152 size-full\" src=\"https:\/\/brochure.spain.info\/wp-content\/uploads\/2018\/11\/mapa_aprende_IT.png\" alt=\"\" width=\"2802\" height=\"2096\" srcset=\"https:\/\/brochure.spain.info\/wp-content\/uploads\/2018\/11\/mapa_aprende_IT.png 2802w, https:\/\/brochure.spain.info\/wp-content\/uploads\/2018\/11\/mapa_aprende_IT-300x224.png 300w, https:\/\/brochure.spain.info\/wp-content\/uploads\/2018\/11\/mapa_aprende_IT-768x574.png 768w, https:\/\/brochure.spain.info\/wp-content\/uploads\/2018\/11\/mapa_aprende_IT-1024x766.png 1024w\" sizes=\"(max-width: 2802px) 100vw, 2802px\" \/><\/p>\n<hr \/>\n<h2><a href=\"https:\/\/www.spain.info\/it\/destinazione\/alcala-de-henares\/\" target=\"_blank\" rel=\"noopener\">Alcal\u00e1 de Henares<\/a><\/h2>\n<p>\u00c8 una citt\u00e0 piccola situata a poca distanza da Madrid, con buoni alloggi e una comunit\u00e0 studentesca molto attiva. L&#8217;universit\u00e0 di Alcal\u00e1 de Henares \u00e8 una tra le pi\u00f9 apprezzate dagli studenti stranieri in Spagna.<\/p>\n<p><img loading=\"lazy\" decoding=\"async\" class=\"alignnone size-full wp-image-5555\" src=\"https:\/\/brochure.spain.info\/wp-content\/uploads\/2018\/10\/Aprender_ciudades_02.jpg\" alt=\"\" width=\"845\" height=\"450\" srcset=\"https:\/\/brochure.spain.info\/wp-content\/uploads\/2018\/10\/Aprender_ciudades_02.jpg 845w, https:\/\/brochure.spain.info\/wp-content\/uploads\/2018\/10\/Aprender_ciudades_02-300x160.jpg 300w, https:\/\/brochure.spain.info\/wp-content\/uploads\/2018\/10\/Aprender_ciudades_02-768x409.jpg 768w\" sizes=\"(max-width: 845px) 100vw, 845px\" \/><\/p>\n<hr \/>\n<h2><a href=\"https:\/\/www.spain.info\/it\/destinazione\/madrid\/\" target=\"_blank\" rel=\"noopener\">Madrid<\/a><\/h2>\n<p>Nella capitale troverai tutto quello che cerchi a ogni ora del giorno (e della notte). Madrid \u00e8 una citt\u00e0 multiculturale dove c&#8217;\u00e8 sempre qualcosa da fare.<\/p>\n<p><img loading=\"lazy\" decoding=\"async\" class=\"alignnone size-full wp-image-5561\" src=\"https:\/\/brochure.spain.info\/wp-content\/uploads\/2018\/10\/Aprender_ciudades_03.jpg\" alt=\"\" width=\"845\" height=\"450\" srcset=\"https:\/\/brochure.spain.info\/wp-content\/uploads\/2018\/10\/Aprender_ciudades_03.jpg 845w, https:\/\/brochure.spain.info\/wp-content\/uploads\/2018\/10\/Aprender_ciudades_03-300x160.jpg 300w, https:\/\/brochure.spain.info\/wp-content\/uploads\/2018\/10\/Aprender_ciudades_03-768x409.jpg 768w\" sizes=\"(max-width: 845px) 100vw, 845px\" \/><\/p>\n<hr \/>\n<h2><a href=\"https:\/\/www.spain.info\/it\/destinazione\/barcellona\/\" target=\"_blank\" rel=\"noopener\">Barcelona<\/a><\/h2>\n<p>Citt\u00e0 cosmopolita e aperta, la sua posizione geografica e l&#8217;offerta culturale e di svago ne fanno la destinazione ideale per trascorrere un soggiorno memorabile.<\/p>\n<figure id=\"attachment_5567\" aria-describedby=\"caption-attachment-5567\" style=\"width: 750px\" class=\"wp-caption alignnone\"><img loading=\"lazy\" decoding=\"async\" class=\"wp-image-5567\" src=\"https:\/\/brochure.spain.info\/wp-content\/uploads\/2018\/10\/Aprender_ciudades_04.jpg\" alt=\"\" width=\"750\" height=\"399\" srcset=\"https:\/\/brochure.spain.info\/wp-content\/uploads\/2018\/10\/Aprender_ciudades_04.jpg 845w, https:\/\/brochure.spain.info\/wp-content\/uploads\/2018\/10\/Aprender_ciudades_04-300x160.jpg 300w, https:\/\/brochure.spain.info\/wp-content\/uploads\/2018\/10\/Aprender_ciudades_04-768x409.jpg 768w\" sizes=\"(max-width: 750px) 100vw, 750px\" \/><figcaption id=\"caption-attachment-5567\" class=\"wp-caption-text\">Foto: Marco Rubino\/123rf.com<\/figcaption><\/figure>\n<hr \/>\n<h2><a href=\"https:\/\/www.spain.info\/it\/destinazione\/valencia\/\" target=\"_blank\" rel=\"noopener\">Valencia<\/a><\/h2>\n<p>Conosciuta in tutto il mondo per le sue spiagge, per la paella e per il clima eccezionale, in realt\u00e0 Valencia ha tanto altro da offrire. Possiede riconosciute universit\u00e0 pubbliche e private, centri di ricerca di qualit\u00e0 e alto livello accademico, e non ultimo un vivace ambiente universitario.<\/p>\n<p><img loading=\"lazy\" decoding=\"async\" class=\"alignnone size-full wp-image-5549\" src=\"https:\/\/brochure.spain.info\/wp-content\/uploads\/2018\/10\/Aprender_ciudades_01.jpg\" alt=\"\" width=\"845\" height=\"450\" srcset=\"https:\/\/brochure.spain.info\/wp-content\/uploads\/2018\/10\/Aprender_ciudades_01.jpg 845w, https:\/\/brochure.spain.info\/wp-content\/uploads\/2018\/10\/Aprender_ciudades_01-300x160.jpg 300w, https:\/\/brochure.spain.info\/wp-content\/uploads\/2018\/10\/Aprender_ciudades_01-768x409.jpg 768w\" sizes=\"(max-width: 845px) 100vw, 845px\" \/><\/p>\n<hr \/>\n<h2><a href=\"https:\/\/www.spain.info\/it\/destinazione\/salamanca\/\" target=\"_blank\" rel=\"noopener\">Salamanca<\/a><\/h2>\n<p>Oltre a un&#8217;offerta formativa di alta qualit\u00e0, Salamanca ha un costo della vita molto accessibile. \u00c8 una delle citt\u00e0 preferite da studenti spagnoli e stranieri per il grande prestigio della sua universit\u00e0 e per la vivace vita notturna.<\/p>\n<p><img loading=\"lazy\" decoding=\"async\" class=\"alignnone size-full wp-image-5573\" src=\"https:\/\/brochure.spain.info\/wp-content\/uploads\/2018\/10\/Aprender_ciudades_05.jpg\" alt=\"\" width=\"845\" height=\"450\" srcset=\"https:\/\/brochure.spain.info\/wp-content\/uploads\/2018\/10\/Aprender_ciudades_05.jpg 845w, https:\/\/brochure.spain.info\/wp-content\/uploads\/2018\/10\/Aprender_ciudades_05-300x160.jpg 300w, https:\/\/brochure.spain.info\/wp-content\/uploads\/2018\/10\/Aprender_ciudades_05-768x409.jpg 768w\" sizes=\"(max-width: 845px) 100vw, 845px\" \/><\/p>\n<hr \/>\n<h2><a href=\"https:\/\/www.spain.info\/it\/destinazione\/alicante-alacant\/\" target=\"_blank\" rel=\"noopener\">Alicante<\/a><\/h2>\n<p>Sole e mare per gran parte dell&#8217;anno, prezzi accessibili per vitto e alloggio, insieme a una grande offerta di svago, fanno di Alicante una destinazione particolarmente attraente per imparare la lingua spagnola. Questa citt\u00e0 della Comunit\u00e0 Valenciana ogni anno accoglie un numero crescente di studenti stranieri.<\/p>\n<p><img loading=\"lazy\" decoding=\"async\" class=\"alignnone size-full wp-image-5579\" src=\"https:\/\/brochure.spain.info\/wp-content\/uploads\/2018\/10\/Aprender_ciudades_06.jpg\" alt=\"\" width=\"845\" height=\"450\" srcset=\"https:\/\/brochure.spain.info\/wp-content\/uploads\/2018\/10\/Aprender_ciudades_06.jpg 845w, https:\/\/brochure.spain.info\/wp-content\/uploads\/2018\/10\/Aprender_ciudades_06-300x160.jpg 300w, https:\/\/brochure.spain.info\/wp-content\/uploads\/2018\/10\/Aprender_ciudades_06-768x409.jpg 768w\" sizes=\"(max-width: 845px) 100vw, 845px\" \/><\/p>\n<hr \/>\n<h2><a href=\"https:\/\/www.spain.info\/it\/destinazione\/malaga\/\">Malaga<\/a><\/h2>\n<p>La citt\u00e0 della Costa del Sol offre i corsi di spagnolo per stranieri dell&#8217;Universit\u00e0 di Malaga e una grande scelta di centri privati. \u00c8 sicuramente una citt\u00e0 con un fascino speciale, prova ne sia il grande afflusso di persone che ogni anno la scelgono.<\/p>\n<figure id=\"attachment_5585\" aria-describedby=\"caption-attachment-5585\" style=\"width: 750px\" class=\"wp-caption alignnone\"><img loading=\"lazy\" decoding=\"async\" class=\"wp-image-5585\" src=\"https:\/\/brochure.spain.info\/wp-content\/uploads\/2018\/10\/Aprender_ciudades_07.jpg\" alt=\"\" width=\"750\" height=\"399\" srcset=\"https:\/\/brochure.spain.info\/wp-content\/uploads\/2018\/10\/Aprender_ciudades_07.jpg 845w, https:\/\/brochure.spain.info\/wp-content\/uploads\/2018\/10\/Aprender_ciudades_07-300x160.jpg 300w, https:\/\/brochure.spain.info\/wp-content\/uploads\/2018\/10\/Aprender_ciudades_07-768x409.jpg 768w\" sizes=\"(max-width: 750px) 100vw, 750px\" \/><figcaption id=\"caption-attachment-5585\" class=\"wp-caption-text\">Foto: Ivo De Rooij\/123rf.com<\/figcaption><\/figure>\n<hr \/>\n<h2><a href=\"https:\/\/www.spain.info\/it\/destinazione\/granada\/\" target=\"_blank\" rel=\"noopener\">Granada<\/a><\/h2>\n<p>L&#8217;universit\u00e0 di Granada \u00e8 la destinazione perfetta per gli studenti Erasmus. \u00c8 una delle citt\u00e0 della Spagna con pi\u00f9 tradizione universitaria.<\/p>\n<figure id=\"attachment_5591\" aria-describedby=\"caption-attachment-5591\" style=\"width: 750px\" class=\"wp-caption alignnone\"><img loading=\"lazy\" decoding=\"async\" class=\"wp-image-5591\" src=\"https:\/\/brochure.spain.info\/wp-content\/uploads\/2018\/10\/Aprender_ciudades_08.jpg\" alt=\"\" width=\"750\" height=\"399\" srcset=\"https:\/\/brochure.spain.info\/wp-content\/uploads\/2018\/10\/Aprender_ciudades_08.jpg 845w, https:\/\/brochure.spain.info\/wp-content\/uploads\/2018\/10\/Aprender_ciudades_08-300x160.jpg 300w, https:\/\/brochure.spain.info\/wp-content\/uploads\/2018\/10\/Aprender_ciudades_08-768x409.jpg 768w\" sizes=\"(max-width: 750px) 100vw, 750px\" \/><figcaption id=\"caption-attachment-5591\" class=\"wp-caption-text\">Foto: lachris77\/123rf.com<\/figcaption><\/figure>\n<hr \/>\n<h2><a href=\"https:\/\/www.spain.info\/it\/destinazione\/cadice\/\">Cadice<\/a><\/h2>\n<p>Molti dei centri di formazione si trovano nel cuore e in edifici storici della citt\u00e0. Ben poche destinazioni possono vantare l&#8217;atmosfera festosa di Cadice, soprattutto a febbraio, in occasione del suo celebre carnevale.<\/p>\n<p><img loading=\"lazy\" decoding=\"async\" class=\"alignnone size-full wp-image-5597\" src=\"https:\/\/brochure.spain.info\/wp-content\/uploads\/2018\/10\/Aprender_ciudades_09.jpg\" alt=\"\" width=\"845\" height=\"450\" srcset=\"https:\/\/brochure.spain.info\/wp-content\/uploads\/2018\/10\/Aprender_ciudades_09.jpg 845w, https:\/\/brochure.spain.info\/wp-content\/uploads\/2018\/10\/Aprender_ciudades_09-300x160.jpg 300w, https:\/\/brochure.spain.info\/wp-content\/uploads\/2018\/10\/Aprender_ciudades_09-768x409.jpg 768w\" sizes=\"(max-width: 845px) 100vw, 845px\" \/><\/p>\n<hr \/>\n<h2><a href=\"https:\/\/www.spain.info\/it\/destinazione\/siviglia\/\" target=\"_blank\" rel=\"noopener\">Siviglia<\/a><\/h2>\n<p>Il capoluogo dell&#8217;Andalusia, oltre ai suoi celebri campus internazionali, pu\u00f2 vantare una qualit\u00e0 di vita che ben poche destinazioni possono offrire.<\/p>\n<figure id=\"attachment_5603\" aria-describedby=\"caption-attachment-5603\" style=\"width: 750px\" class=\"wp-caption alignnone\"><img loading=\"lazy\" decoding=\"async\" class=\"wp-image-5603\" src=\"https:\/\/brochure.spain.info\/wp-content\/uploads\/2018\/10\/Aprender_ciudades_10.jpg\" alt=\"\" width=\"750\" height=\"399\" srcset=\"https:\/\/brochure.spain.info\/wp-content\/uploads\/2018\/10\/Aprender_ciudades_10.jpg 845w, https:\/\/brochure.spain.info\/wp-content\/uploads\/2018\/10\/Aprender_ciudades_10-300x160.jpg 300w, https:\/\/brochure.spain.info\/wp-content\/uploads\/2018\/10\/Aprender_ciudades_10-768x409.jpg 768w\" sizes=\"(max-width: 750px) 100vw, 750px\" \/><figcaption id=\"caption-attachment-5603\" class=\"wp-caption-text\">Foto: Karol Kozlowski\/123rf.com<\/figcaption><\/figure>\n","protected":false},"excerpt":{"rendered":"<p>Alcal\u00e1 de Henares \u00c8 una citt\u00e0 piccola situata a poca distanza da Madrid, con buoni alloggi e una comunit\u00e0 studentesca molto attiva. L&#8217;universit\u00e0 di Alcal\u00e1 de Henares \u00e8 una tra le pi\u00f9 apprezzate dagli studenti stranieri in Spagna. Madrid Nella capitale troverai tutto quello che cerchi a ogni ora del giorno (e della notte). Madrid &hellip;<\/p>\n","protected":false},"author":1,"featured_media":0,"parent":10500,"menu_order":0,"comment_status":"closed","ping_status":"closed","template":"articulo.php","meta":{"footnotes":""},"acf":[],"_links":{"self":[{"href":"https:\/\/brochure.spain.info\/it\/wp-json\/wp\/v2\/pages\/10508"}],"collection":[{"href":"https:\/\/brochure.spain.info\/it\/wp-json\/wp\/v2\/pages"}],"about":[{"href":"https:\/\/brochure.spain.info\/it\/wp-json\/wp\/v2\/types\/page"}],"author":[{"embeddable":true,"href":"https:\/\/brochure.spain.info\/it\/wp-json\/wp\/v2\/users\/1"}],"replies":[{"embeddable":true,"href":"https:\/\/brochure.spain.info\/it\/wp-json\/wp\/v2\/comments?post=10508"}],"version-history":[{"count":5,"href":"https:\/\/brochure.spain.info\/it\/wp-json\/wp\/v2\/pages\/10508\/revisions"}],"predecessor-version":[{"id":15498,"href":"https:\/\/brochure.spain.info\/it\/wp-json\/wp\/v2\/pages\/10508\/revisions\/15498"}],"up":[{"embeddable":true,"href":"https:\/\/brochure.spain.info\/it\/wp-json\/wp\/v2\/pages\/10500"}],"wp:attachment":[{"href":"https:\/\/brochure.spain.info\/it\/wp-json\/wp\/v2\/media?parent=10508"}],"curies":[{"name":"wp","href":"https:\/\/api.w.org\/{rel}","templated":true}]}}