{"id":10448,"date":"2018-08-29T08:11:46","date_gmt":"2018-08-29T08:11:46","guid":{"rendered":"https:\/\/brochure.spain.info\/ciudades-patrimonio-de-la-humanidad\/fiestas-y-ferias-en-las-ciudades-patrimonio\/"},"modified":"2020-12-30T12:12:03","modified_gmt":"2020-12-30T12:12:03","slug":"non-farti-sfuggire-queste-10-esperienze-nelle-citta-patrimonio","status":"publish","type":"page","link":"https:\/\/brochure.spain.info\/it\/citta-patrimonio-dellumanita\/non-farti-sfuggire-queste-10-esperienze-nelle-citta-patrimonio\/","title":{"rendered":"Non farti sfuggire queste 10 esperienze nelle Citt\u00e0 Patrimonio"},"content":{"rendered":"<h2 class=\"p1\">Festival Internazionale del Teatro Classico di M\u00e9rida<\/h2>\n<p class=\"p2\">Il <a href=\"https:\/\/www.spain.info\/it\/eventi\/festival-teatro-classico-merida\/\">Festival Internazionale del Teatro Classico di M\u00e9rida<\/a>, che si svolge tra luglio e agosto, ti permetter\u00e0 di godere della cornice privilegiata di un teatro romano del I secolo a.C. Uno scenario imponente, perfetto per rappresentazioni di opere di origine greco-latina, ma aperto anche alle arti sceniche in generale, compresa la musica e il cinema.<\/p>\n<figure id=\"attachment_2079\" aria-describedby=\"caption-attachment-2079\" style=\"width: 750px\" class=\"wp-caption alignnone\"><img loading=\"lazy\" decoding=\"async\" class=\"wp-image-2079\" src=\"https:\/\/brochure.spain.info\/wp-content\/uploads\/2018\/08\/Patrimonio-fiestas-01.jpg\" alt=\"Foto: Ciudades Patrimonio de la Humanidad\" width=\"750\" height=\"501\" srcset=\"https:\/\/brochure.spain.info\/wp-content\/uploads\/2018\/08\/Patrimonio-fiestas-01.jpg 845w, https:\/\/brochure.spain.info\/wp-content\/uploads\/2018\/08\/Patrimonio-fiestas-01-300x200.jpg 300w, https:\/\/brochure.spain.info\/wp-content\/uploads\/2018\/08\/Patrimonio-fiestas-01-768x513.jpg 768w\" sizes=\"(max-width: 750px) 100vw, 750px\" \/><figcaption id=\"caption-attachment-2079\" class=\"wp-caption-text\">Foto: Ciudades Patrimonio de la Humanidad<\/figcaption><\/figure>\n<hr \/>\n<h2 class=\"p1\">Festa di Santa Tecla<\/h2>\n<p class=\"p1\">Se visiti Tarragona nella seconda met\u00e0 di settembre, potrai assistere alla festa di Santa Tecla, con alcune delle tradizioni pi\u00f9 emblematiche della Catalogna. Salta e corri tra petardi mentre gli abitanti, travestiti da demoni e draghi, mettono a prova i tuoi riflessi durante il Correfoc.<\/p>\n<figure id=\"attachment_5478\" aria-describedby=\"caption-attachment-5478\" style=\"width: 750px\" class=\"wp-caption alignnone\"><img loading=\"lazy\" decoding=\"async\" class=\"wp-image-5478\" src=\"https:\/\/brochure.spain.info\/wp-content\/uploads\/2018\/10\/Ciudades_expe_01.jpg\" alt=\"\" width=\"750\" height=\"500\" srcset=\"https:\/\/brochure.spain.info\/wp-content\/uploads\/2018\/10\/Ciudades_expe_01.jpg 845w, https:\/\/brochure.spain.info\/wp-content\/uploads\/2018\/10\/Ciudades_expe_01-300x200.jpg 300w, https:\/\/brochure.spain.info\/wp-content\/uploads\/2018\/10\/Ciudades_expe_01-768x512.jpg 768w\" sizes=\"(max-width: 750px) 100vw, 750px\" \/><figcaption id=\"caption-attachment-5478\" class=\"wp-caption-text\">Foto: Joan Capdevila<\/figcaption><\/figure>\n<hr \/>\n<h2>Autunno Culturale Flamenco<\/h2>\n<p class=\"p1\">A Baeza potrai impregnarti dei segreti del canto e del ballo grazie all&#8217;Autunno Culturale Flamenco. L&#8217;associazione flamenca cittadina organizza incontri letterari, mostre e concerti dedicati a quest&#8217;arte tipicamente spagnola.<\/p>\n<p><img loading=\"lazy\" decoding=\"async\" class=\"alignnone size-full wp-image-5490\" src=\"https:\/\/brochure.spain.info\/wp-content\/uploads\/2018\/10\/Ciudades_expe_03.jpg\" alt=\"\" width=\"845\" height=\"563\" srcset=\"https:\/\/brochure.spain.info\/wp-content\/uploads\/2018\/10\/Ciudades_expe_03.jpg 845w, https:\/\/brochure.spain.info\/wp-content\/uploads\/2018\/10\/Ciudades_expe_03-300x200.jpg 300w, https:\/\/brochure.spain.info\/wp-content\/uploads\/2018\/10\/Ciudades_expe_03-768x512.jpg 768w\" sizes=\"(max-width: 845px) 100vw, 845px\" \/><\/p>\n<hr \/>\n<h2>Settimana Cervantina<\/h2>\n<p class=\"p1\">A ottobre ad Alcal\u00e1 de Henares si svolge la <a href=\"https:\/\/www.spain.info\/it\/eventi\/settimana-cervantes\/\">Settimana Cervantina<\/a>, un&#8217;occasione speciale per conoscere da vicino l&#8217;eredit\u00e0 lasciata nella citt\u00e0 da Miguel de Cervantes, autore del Don Chisciotte. Le strade si animano di proposte letterarie, attivit\u00e0 di svago e gastronomia, tra cui il Mercato Medievale Cervantino con\u00a0prodotti locali e bei souvenir artigianali.<\/p>\n<figure id=\"attachment_2080\" aria-describedby=\"caption-attachment-2080\" style=\"width: 750px\" class=\"wp-caption alignnone\"><img loading=\"lazy\" decoding=\"async\" class=\"wp-image-2080\" src=\"https:\/\/brochure.spain.info\/wp-content\/uploads\/2018\/08\/Patrimonio-fiestas-02.jpg\" alt=\"Foto: Ciudades Patrimonio de la Humanidad \" width=\"750\" height=\"501\" srcset=\"https:\/\/brochure.spain.info\/wp-content\/uploads\/2018\/08\/Patrimonio-fiestas-02.jpg 845w, https:\/\/brochure.spain.info\/wp-content\/uploads\/2018\/08\/Patrimonio-fiestas-02-300x200.jpg 300w, https:\/\/brochure.spain.info\/wp-content\/uploads\/2018\/08\/Patrimonio-fiestas-02-768x513.jpg 768w\" sizes=\"(max-width: 750px) 100vw, 750px\" \/><figcaption id=\"caption-attachment-2080\" class=\"wp-caption-text\">Foto: Ciudades Patrimonio de la Humanidad<\/figcaption><\/figure>\n<hr \/>\n<h2>Giorno dell&#8217;Apostolo Giacomo<\/h2>\n<p class=\"p1\">Visita Santiago de Compostela il 25 luglio, giorno dell&#8217;Apostolo Giacomo, patrono della Galizia e della Spagna. Scoprirai come un&#8217;intera citt\u00e0 pu\u00f2 diventare scenario di una grande festa.<\/p>\n<figure id=\"attachment_5484\" aria-describedby=\"caption-attachment-5484\" style=\"width: 750px\" class=\"wp-caption alignnone\"><img loading=\"lazy\" decoding=\"async\" class=\"wp-image-5484\" src=\"https:\/\/brochure.spain.info\/wp-content\/uploads\/2018\/10\/Ciudades_expe_02.jpg\" alt=\"\" width=\"750\" height=\"500\" srcset=\"https:\/\/brochure.spain.info\/wp-content\/uploads\/2018\/10\/Ciudades_expe_02.jpg 845w, https:\/\/brochure.spain.info\/wp-content\/uploads\/2018\/10\/Ciudades_expe_02-300x200.jpg 300w, https:\/\/brochure.spain.info\/wp-content\/uploads\/2018\/10\/Ciudades_expe_02-768x512.jpg 768w\" sizes=\"(max-width: 750px) 100vw, 750px\" \/><figcaption id=\"caption-attachment-5484\" class=\"wp-caption-text\">\u00a9 Turismo de Santiago de Compostela<\/figcaption><\/figure>\n<hr \/>\n<h2 class=\"p1\">Carnevale<\/h2>\n<p class=\"p2\">Il Carnevale \u00e8 particolarmente ricco di colore in tutta la Spagna, ma \u00e8 in citt\u00e0 come Santiago de Compostela che assume un incanto tutto particolare. Nel capoluogo della Galizia la passione per le maschere, il trucco e i travestimenti si concentra nella sfilata del marted\u00ec grasso, alla quale prendono parte carri e gruppi formati da amici e gente del posto che percorrono la citt\u00e0.<\/p>\n<figure id=\"attachment_2081\" aria-describedby=\"caption-attachment-2081\" style=\"width: 750px\" class=\"wp-caption alignnone\"><img loading=\"lazy\" decoding=\"async\" class=\"wp-image-2081\" src=\"https:\/\/brochure.spain.info\/wp-content\/uploads\/2018\/08\/Patrimonio-fiestas-03.jpg\" alt=\"Foto: sssanchez\/123rf.com\" width=\"750\" height=\"498\" srcset=\"https:\/\/brochure.spain.info\/wp-content\/uploads\/2018\/08\/Patrimonio-fiestas-03.jpg 845w, https:\/\/brochure.spain.info\/wp-content\/uploads\/2018\/08\/Patrimonio-fiestas-03-300x199.jpg 300w, https:\/\/brochure.spain.info\/wp-content\/uploads\/2018\/08\/Patrimonio-fiestas-03-768x510.jpg 768w\" sizes=\"(max-width: 750px) 100vw, 750px\" \/><figcaption id=\"caption-attachment-2081\" class=\"wp-caption-text\">Foto: sssanchez\/123rf.com<\/figcaption><\/figure>\n<hr \/>\n<h2>Mercato Medievale delle Tre Culture<\/h2>\n<p class=\"p1\">Ogni anno, nel mese di novembre, a C\u00e1ceres viene allestito il Mercato Medievale delle Tre Culture, un invito a viaggiare nel tempo alla scoperta della mirabile commistione di culture prodotta dalla convivenza di musulmani, ebrei e cristiani.<\/p>\n<p><img loading=\"lazy\" decoding=\"async\" class=\"alignnone size-full wp-image-5260\" src=\"https:\/\/brochure.spain.info\/wp-content\/uploads\/2018\/10\/Interior_encanto_04.jpg\" alt=\"\" width=\"845\" height=\"475\" srcset=\"https:\/\/brochure.spain.info\/wp-content\/uploads\/2018\/10\/Interior_encanto_04.jpg 845w, https:\/\/brochure.spain.info\/wp-content\/uploads\/2018\/10\/Interior_encanto_04-300x169.jpg 300w, https:\/\/brochure.spain.info\/wp-content\/uploads\/2018\/10\/Interior_encanto_04-768x432.jpg 768w\" sizes=\"(max-width: 845px) 100vw, 845px\" \/><\/p>\n<hr \/>\n<h2 class=\"p1\">Festival dei Cortili di Cordova<\/h2>\n<p class=\"p2\">Maggio \u00e8 anche il mese del <a href=\"https:\/\/www.spain.info\/it\/eventi\/festival-cortili-cordova\/\">Festival dei Cortili di Cordova<\/a>, Patrimonio Culturale Immateriale dell&#8217;UNESCO. Per due settimane gli abitanti della citt\u00e0 aprono con orgoglio i cortili del centro storico al pubblico, adornandoli per l&#8217;occasione con vasi di gerani, garofani e gelsomini. \u00c8 possibile visitarli praticamente tutto il giorno e in molte occasioni potrai anche degustare le prelibate tapas cordovesi e il vino Montilla-Moriles.<\/p>\n<p><img loading=\"lazy\" decoding=\"async\" class=\"alignnone wp-image-2082 size-full\" src=\"https:\/\/brochure.spain.info\/wp-content\/uploads\/2018\/08\/Patrimonio-fiestas-04.jpg\" alt=\"\" width=\"845\" height=\"562\" srcset=\"https:\/\/brochure.spain.info\/wp-content\/uploads\/2018\/08\/Patrimonio-fiestas-04.jpg 845w, https:\/\/brochure.spain.info\/wp-content\/uploads\/2018\/08\/Patrimonio-fiestas-04-300x200.jpg 300w, https:\/\/brochure.spain.info\/wp-content\/uploads\/2018\/08\/Patrimonio-fiestas-04-768x511.jpg 768w\" sizes=\"(max-width: 845px) 100vw, 845px\" \/><\/p>\n<hr \/>\n<h2>Settimana Santa<\/h2>\n<p class=\"p1\">Tra marzo e aprile Cuenca si prepara alla solenne celebrazione della Settimana Santa. Potrai assistere alla processione del Cammino del Calvario e lasciarti sorprendere dalle Turbas. Si chiama cos\u00ec il frastuono di tamburi e trombe che precede l&#8217;immagine di Cristo nelle processioni che percorrono le scoscese strade del centro storico.<\/p>\n<p><img loading=\"lazy\" decoding=\"async\" class=\"alignnone size-full wp-image-5502\" src=\"https:\/\/brochure.spain.info\/wp-content\/uploads\/2018\/10\/Ciudades_expe_05.jpg\" alt=\"\" width=\"845\" height=\"563\" srcset=\"https:\/\/brochure.spain.info\/wp-content\/uploads\/2018\/10\/Ciudades_expe_05.jpg 845w, https:\/\/brochure.spain.info\/wp-content\/uploads\/2018\/10\/Ciudades_expe_05-300x200.jpg 300w, https:\/\/brochure.spain.info\/wp-content\/uploads\/2018\/10\/Ciudades_expe_05-768x512.jpg 768w\" sizes=\"(max-width: 845px) 100vw, 845px\" \/><\/p>\n<hr \/>\n<h2>Corpus Domini<\/h2>\n<p class=\"p1\">A fine primavera potrai partecipare alla festa del Corpus Domini di Toledo. Una sfilata solenne in una citt\u00e0 che per l&#8217;occasione si veste di gala, con antichi stendardi e arazzi sui balconi delle case e decorazioni floreali per le strade.<\/p>\n<p><img loading=\"lazy\" decoding=\"async\" class=\"alignnone size-full wp-image-5496\" src=\"https:\/\/brochure.spain.info\/wp-content\/uploads\/2018\/10\/Ciudades_expe_04.jpg\" alt=\"\" width=\"845\" height=\"563\" srcset=\"https:\/\/brochure.spain.info\/wp-content\/uploads\/2018\/10\/Ciudades_expe_04.jpg 845w, https:\/\/brochure.spain.info\/wp-content\/uploads\/2018\/10\/Ciudades_expe_04-300x200.jpg 300w, https:\/\/brochure.spain.info\/wp-content\/uploads\/2018\/10\/Ciudades_expe_04-768x512.jpg 768w\" sizes=\"(max-width: 845px) 100vw, 845px\" \/><\/p>\n","protected":false},"excerpt":{"rendered":"<p>Festival Internazionale del Teatro Classico di M\u00e9rida Il Festival Internazionale del Teatro Classico di M\u00e9rida, che si svolge tra luglio e agosto, ti permetter\u00e0 di godere della cornice privilegiata di un teatro romano del I secolo a.C. Uno scenario imponente, perfetto per rappresentazioni di opere di origine greco-latina, ma aperto anche alle arti sceniche in &hellip;<\/p>\n","protected":false},"author":1,"featured_media":0,"parent":10440,"menu_order":0,"comment_status":"closed","ping_status":"closed","template":"articulo.php","meta":{"footnotes":""},"acf":[],"_links":{"self":[{"href":"https:\/\/brochure.spain.info\/it\/wp-json\/wp\/v2\/pages\/10448"}],"collection":[{"href":"https:\/\/brochure.spain.info\/it\/wp-json\/wp\/v2\/pages"}],"about":[{"href":"https:\/\/brochure.spain.info\/it\/wp-json\/wp\/v2\/types\/page"}],"author":[{"embeddable":true,"href":"https:\/\/brochure.spain.info\/it\/wp-json\/wp\/v2\/users\/1"}],"replies":[{"embeddable":true,"href":"https:\/\/brochure.spain.info\/it\/wp-json\/wp\/v2\/comments?post=10448"}],"version-history":[{"count":6,"href":"https:\/\/brochure.spain.info\/it\/wp-json\/wp\/v2\/pages\/10448\/revisions"}],"predecessor-version":[{"id":15627,"href":"https:\/\/brochure.spain.info\/it\/wp-json\/wp\/v2\/pages\/10448\/revisions\/15627"}],"up":[{"embeddable":true,"href":"https:\/\/brochure.spain.info\/it\/wp-json\/wp\/v2\/pages\/10440"}],"wp:attachment":[{"href":"https:\/\/brochure.spain.info\/it\/wp-json\/wp\/v2\/media?parent=10448"}],"curies":[{"name":"wp","href":"https:\/\/api.w.org\/{rel}","templated":true}]}}