{"id":9492,"date":"2018-08-22T10:35:25","date_gmt":"2018-08-22T10:35:25","guid":{"rendered":"https:\/\/brochure.spain.info\/islas-baleares\/descubre-las-islas-baleares\/"},"modified":"2018-11-29T15:43:24","modified_gmt":"2018-11-29T15:43:24","slug":"decouvrez-les-iles-baleares","status":"publish","type":"page","link":"https:\/\/brochure.spain.info\/fr\/iles-baleares\/decouvrez-les-iles-baleares\/","title":{"rendered":"D\u00e9couvrez les \u00eeles Bal\u00e9ares"},"content":{"rendered":"","protected":false},"excerpt":{"rendered":"","protected":false},"author":1,"featured_media":0,"parent":9476,"menu_order":0,"comment_status":"closed","ping_status":"closed","template":"galeria.php","meta":{"footnotes":""},"acf":[],"_links":{"self":[{"href":"https:\/\/brochure.spain.info\/fr\/wp-json\/wp\/v2\/pages\/9492"}],"collection":[{"href":"https:\/\/brochure.spain.info\/fr\/wp-json\/wp\/v2\/pages"}],"about":[{"href":"https:\/\/brochure.spain.info\/fr\/wp-json\/wp\/v2\/types\/page"}],"author":[{"embeddable":true,"href":"https:\/\/brochure.spain.info\/fr\/wp-json\/wp\/v2\/users\/1"}],"replies":[{"embeddable":true,"href":"https:\/\/brochure.spain.info\/fr\/wp-json\/wp\/v2\/comments?post=9492"}],"version-history":[{"count":3,"href":"https:\/\/brochure.spain.info\/fr\/wp-json\/wp\/v2\/pages\/9492\/revisions"}],"predecessor-version":[{"id":12371,"href":"https:\/\/brochure.spain.info\/fr\/wp-json\/wp\/v2\/pages\/9492\/revisions\/12371"}],"up":[{"embeddable":true,"href":"https:\/\/brochure.spain.info\/fr\/wp-json\/wp\/v2\/pages\/9476"}],"wp:attachment":[{"href":"https:\/\/brochure.spain.info\/fr\/wp-json\/wp\/v2\/media?parent=9492"}],"curies":[{"name":"wp","href":"https:\/\/api.w.org\/{rel}","templated":true}]}}