{"id":9484,"date":"2018-10-09T14:03:28","date_gmt":"2018-10-09T14:03:28","guid":{"rendered":"https:\/\/brochure.spain.info\/islas-baleares\/10-experiencias-para-hacer-durante-todo-el-ano\/"},"modified":"2018-11-29T15:43:16","modified_gmt":"2018-11-29T15:43:16","slug":"10-experiences-a-faire-tout-au-long-de-lannee","status":"publish","type":"page","link":"https:\/\/brochure.spain.info\/fr\/iles-baleares\/10-experiences-a-faire-tout-au-long-de-lannee\/","title":{"rendered":"10\u00a0exp\u00e9riences \u00e0 faire tout au long de l&rsquo;ann\u00e9e"},"content":{"rendered":"","protected":false},"excerpt":{"rendered":"","protected":false},"author":1,"featured_media":0,"parent":9476,"menu_order":0,"comment_status":"closed","ping_status":"closed","template":"top.php","meta":{"footnotes":""},"acf":[],"_links":{"self":[{"href":"https:\/\/brochure.spain.info\/fr\/wp-json\/wp\/v2\/pages\/9484"}],"collection":[{"href":"https:\/\/brochure.spain.info\/fr\/wp-json\/wp\/v2\/pages"}],"about":[{"href":"https:\/\/brochure.spain.info\/fr\/wp-json\/wp\/v2\/types\/page"}],"author":[{"embeddable":true,"href":"https:\/\/brochure.spain.info\/fr\/wp-json\/wp\/v2\/users\/1"}],"replies":[{"embeddable":true,"href":"https:\/\/brochure.spain.info\/fr\/wp-json\/wp\/v2\/comments?post=9484"}],"version-history":[{"count":4,"href":"https:\/\/brochure.spain.info\/fr\/wp-json\/wp\/v2\/pages\/9484\/revisions"}],"predecessor-version":[{"id":13895,"href":"https:\/\/brochure.spain.info\/fr\/wp-json\/wp\/v2\/pages\/9484\/revisions\/13895"}],"up":[{"embeddable":true,"href":"https:\/\/brochure.spain.info\/fr\/wp-json\/wp\/v2\/pages\/9476"}],"wp:attachment":[{"href":"https:\/\/brochure.spain.info\/fr\/wp-json\/wp\/v2\/media?parent=9484"}],"curies":[{"name":"wp","href":"https:\/\/api.w.org\/{rel}","templated":true}]}}