{"id":8970,"date":"2018-08-29T08:40:02","date_gmt":"2018-08-29T08:40:02","guid":{"rendered":"https:\/\/brochure.spain.info\/espana-en-tren\/grandes-rutas-todo-un-lujo\/"},"modified":"2021-01-15T13:48:03","modified_gmt":"2021-01-15T13:48:03","slug":"grands-voyages-grand-luxe","status":"publish","type":"page","link":"https:\/\/brochure.spain.info\/fr\/lespagne-en-train\/grands-voyages-grand-luxe\/","title":{"rendered":"Grands voyages, grand luxe"},"content":{"rendered":"<h2><strong>Transcant\u00e1brico Gran Lujo<\/strong><\/h2>\n<p class=\"p1\">Vivez pendant huit jours tout le glamour des grands express des ann\u00e9es 20, source d&rsquo;inspiration du cin\u00e9ma et de la litt\u00e9rature, dot\u00e9s du confort du XXIe si\u00e8cle. Vous d\u00e9couvrirez le nord de l&rsquo;Espagne en voyageant sur la c\u00f4te de la mer Cantabrique de Saint-S\u00e9bastien (Pays basque) \u00e0 Saint-Jacques-de-Compostelle (Galice), ou l&rsquo;inverse.<\/p>\n<p class=\"p1\">Vous pourrez vous d\u00e9lasser dans l&rsquo;une de ses 14 suites de luxe, d\u00e9cor\u00e9es avec soin, et admirer les extraordinaires paysages par la fen\u00eatre de votre salon priv\u00e9 ou face aux grandes baies vitr\u00e9es du wagon-salon, datant de 1923, v\u00e9ritables joyaux du patrimoine historique du chemin de fer.<\/p>\n<figure id=\"attachment_2091\" aria-describedby=\"caption-attachment-2091\" style=\"width: 750px\" class=\"wp-caption alignnone\"><img loading=\"lazy\" decoding=\"async\" class=\"wp-image-2091\" src=\"https:\/\/brochure.spain.info\/wp-content\/uploads\/2018\/08\/Tren-lujo-02.jpg\" alt=\"\" width=\"750\" height=\"378\" srcset=\"https:\/\/brochure.spain.info\/wp-content\/uploads\/2018\/08\/Tren-lujo-02.jpg 845w, https:\/\/brochure.spain.info\/wp-content\/uploads\/2018\/08\/Tren-lujo-02-300x151.jpg 300w, https:\/\/brochure.spain.info\/wp-content\/uploads\/2018\/08\/Tren-lujo-02-768x387.jpg 768w\" sizes=\"(max-width: 750px) 100vw, 750px\" \/><figcaption id=\"caption-attachment-2091\" class=\"wp-caption-text\">Photo: RENFE<\/figcaption><\/figure>\n<p><img loading=\"lazy\" decoding=\"async\" class=\"alignnone wp-image-13590 size-full\" src=\"https:\/\/brochure.spain.info\/wp-content\/uploads\/2018\/11\/Tren-lujo-01_FR.png\" alt=\"\" width=\"845\" height=\"426\" srcset=\"https:\/\/brochure.spain.info\/wp-content\/uploads\/2018\/11\/Tren-lujo-01_FR.png 845w, https:\/\/brochure.spain.info\/wp-content\/uploads\/2018\/11\/Tren-lujo-01_FR-300x151.png 300w, https:\/\/brochure.spain.info\/wp-content\/uploads\/2018\/11\/Tren-lujo-01_FR-768x387.png 768w\" sizes=\"(max-width: 845px) 100vw, 845px\" \/><\/p>\n<hr \/>\n<h2><a href=\"https:\/\/www.spain.info\/fr\/decouvrir-espagne\/transcantabrico-train-hotel-luxe\/\"><strong>Transcant\u00e1brico Cl\u00e1sico<\/strong><\/a><\/h2>\n<p class=\"p1\">Le Transcant\u00e1brico Cl\u00e1sico offre une magnifique alternative au Transcant\u00e1brico Gran Lujo en associant c\u00f4te cantabrique et terres int\u00e9rieures de la Castille-Le\u00f3n. Un voyage de 8 jours est propos\u00e9 au d\u00e9part de Le\u00f3n jusqu\u2019\u00e0 Saint-Jacques-de-Compostelle, mais des options plus courtes sont \u00e9galement disponibles : Saint-Jacques-de-Compostelle-Santander ou Le\u00f3n-Santander.<\/p>\n<figure id=\"attachment_2093\" aria-describedby=\"caption-attachment-2093\" style=\"width: 750px\" class=\"wp-caption alignnone\"><img loading=\"lazy\" decoding=\"async\" class=\"wp-image-2093\" src=\"https:\/\/brochure.spain.info\/wp-content\/uploads\/2018\/08\/Tren-lujo-04.jpg\" alt=\"\" width=\"750\" height=\"378\" srcset=\"https:\/\/brochure.spain.info\/wp-content\/uploads\/2018\/08\/Tren-lujo-04.jpg 845w, https:\/\/brochure.spain.info\/wp-content\/uploads\/2018\/08\/Tren-lujo-04-300x151.jpg 300w, https:\/\/brochure.spain.info\/wp-content\/uploads\/2018\/08\/Tren-lujo-04-768x387.jpg 768w\" sizes=\"(max-width: 750px) 100vw, 750px\" \/><figcaption id=\"caption-attachment-2093\" class=\"wp-caption-text\">Photo: RENFE<\/figcaption><\/figure>\n<p><img loading=\"lazy\" decoding=\"async\" class=\"alignnone wp-image-13615 size-full\" src=\"https:\/\/brochure.spain.info\/wp-content\/uploads\/2018\/11\/Tren-lujo-02_FR.png\" alt=\"\" width=\"845\" height=\"426\" srcset=\"https:\/\/brochure.spain.info\/wp-content\/uploads\/2018\/11\/Tren-lujo-02_FR.png 845w, https:\/\/brochure.spain.info\/wp-content\/uploads\/2018\/11\/Tren-lujo-02_FR-300x151.png 300w, https:\/\/brochure.spain.info\/wp-content\/uploads\/2018\/11\/Tren-lujo-02_FR-768x387.png 768w\" sizes=\"(max-width: 845px) 100vw, 845px\" \/><\/p>\n<hr \/>\n<h2><a href=\"https:\/\/www.spain.info\/fr\/decouvrir-espagne\/train-alandalus-palai-rails-andalousie\/\"><strong>Al Andalus<\/strong><\/a><\/h2>\n<p class=\"p1\">L&rsquo;Al Andalus compte parmi les plus grands trains de luxe au monde. Il vous transportera jusqu&rsquo;aux ann\u00e9es magiques de la Belle \u00c9poque. Les wagons-suites appartiennent \u00e0 la m\u00eame s\u00e9rie que ceux construits en France pour les monarques britanniques qui voyageaient de Calais \u00e0 la C\u00f4te d&rsquo;Azur. Le charme du pass\u00e9 s&rsquo;associe aux prestations les plus modernes.<\/p>\n<p class=\"p1\">Les wagons-salons permettent de profiter du paysage tout en d\u00e9gustant un petit-d\u00e9jeuner ou un d\u00e9licieux d\u00eener \u00e0 bord. Pour vous d\u00e9tendre, prenez un verre au wagon-piano devant un spectacle musical.<\/p>\n<figure id=\"attachment_2095\" aria-describedby=\"caption-attachment-2095\" style=\"width: 750px\" class=\"wp-caption alignnone\"><img loading=\"lazy\" decoding=\"async\" class=\"wp-image-2095\" src=\"https:\/\/brochure.spain.info\/wp-content\/uploads\/2018\/08\/Tren-lujo-06.jpg\" alt=\"\" width=\"750\" height=\"378\" srcset=\"https:\/\/brochure.spain.info\/wp-content\/uploads\/2018\/08\/Tren-lujo-06.jpg 845w, https:\/\/brochure.spain.info\/wp-content\/uploads\/2018\/08\/Tren-lujo-06-300x151.jpg 300w, https:\/\/brochure.spain.info\/wp-content\/uploads\/2018\/08\/Tren-lujo-06-768x387.jpg 768w\" sizes=\"(max-width: 750px) 100vw, 750px\" \/><figcaption id=\"caption-attachment-2095\" class=\"wp-caption-text\">Photo: RENFE<\/figcaption><\/figure>\n<figure id=\"attachment_2096\" aria-describedby=\"caption-attachment-2096\" style=\"width: 750px\" class=\"wp-caption alignnone\"><img loading=\"lazy\" decoding=\"async\" class=\"wp-image-2096\" src=\"https:\/\/brochure.spain.info\/wp-content\/uploads\/2018\/08\/Tren-lujo-07.jpg\" alt=\"\" width=\"750\" height=\"378\" srcset=\"https:\/\/brochure.spain.info\/wp-content\/uploads\/2018\/08\/Tren-lujo-07.jpg 845w, https:\/\/brochure.spain.info\/wp-content\/uploads\/2018\/08\/Tren-lujo-07-300x151.jpg 300w, https:\/\/brochure.spain.info\/wp-content\/uploads\/2018\/08\/Tren-lujo-07-768x387.jpg 768w\" sizes=\"(max-width: 750px) 100vw, 750px\" \/><figcaption id=\"caption-attachment-2096\" class=\"wp-caption-text\">Photo: RENFE<\/figcaption><\/figure>\n<p><img loading=\"lazy\" decoding=\"async\" class=\"alignnone wp-image-13640 size-full\" src=\"https:\/\/brochure.spain.info\/wp-content\/uploads\/2018\/11\/Tren-lujo-03_FR.png\" alt=\"\" width=\"845\" height=\"426\" srcset=\"https:\/\/brochure.spain.info\/wp-content\/uploads\/2018\/11\/Tren-lujo-03_FR.png 845w, https:\/\/brochure.spain.info\/wp-content\/uploads\/2018\/11\/Tren-lujo-03_FR-300x151.png 300w, https:\/\/brochure.spain.info\/wp-content\/uploads\/2018\/11\/Tren-lujo-03_FR-768x387.png 768w\" sizes=\"(max-width: 845px) 100vw, 845px\" \/><\/p>\n","protected":false},"excerpt":{"rendered":"<p>Transcant\u00e1brico Gran Lujo Vivez pendant huit jours tout le glamour des grands express des ann\u00e9es 20, source d&rsquo;inspiration du cin\u00e9ma et de la litt\u00e9rature, dot\u00e9s du confort du XXIe si\u00e8cle. Vous d\u00e9couvrirez le nord de l&rsquo;Espagne en voyageant sur la c\u00f4te de la mer Cantabrique de Saint-S\u00e9bastien (Pays basque) \u00e0 Saint-Jacques-de-Compostelle (Galice), ou l&rsquo;inverse. Vous &hellip;<\/p>\n","protected":false},"author":1,"featured_media":0,"parent":8966,"menu_order":0,"comment_status":"closed","ping_status":"closed","template":"articulo.php","meta":{"footnotes":""},"acf":[],"_links":{"self":[{"href":"https:\/\/brochure.spain.info\/fr\/wp-json\/wp\/v2\/pages\/8970"}],"collection":[{"href":"https:\/\/brochure.spain.info\/fr\/wp-json\/wp\/v2\/pages"}],"about":[{"href":"https:\/\/brochure.spain.info\/fr\/wp-json\/wp\/v2\/types\/page"}],"author":[{"embeddable":true,"href":"https:\/\/brochure.spain.info\/fr\/wp-json\/wp\/v2\/users\/1"}],"replies":[{"embeddable":true,"href":"https:\/\/brochure.spain.info\/fr\/wp-json\/wp\/v2\/comments?post=8970"}],"version-history":[{"count":8,"href":"https:\/\/brochure.spain.info\/fr\/wp-json\/wp\/v2\/pages\/8970\/revisions"}],"predecessor-version":[{"id":15910,"href":"https:\/\/brochure.spain.info\/fr\/wp-json\/wp\/v2\/pages\/8970\/revisions\/15910"}],"up":[{"embeddable":true,"href":"https:\/\/brochure.spain.info\/fr\/wp-json\/wp\/v2\/pages\/8966"}],"wp:attachment":[{"href":"https:\/\/brochure.spain.info\/fr\/wp-json\/wp\/v2\/media?parent=8970"}],"curies":[{"name":"wp","href":"https:\/\/api.w.org\/{rel}","templated":true}]}}