{"id":5957,"date":"2018-08-23T10:54:48","date_gmt":"2018-08-23T10:54:48","guid":{"rendered":"https:\/\/brochure.spain.info\/parque-nacionales\/"},"modified":"2021-01-22T13:33:56","modified_gmt":"2021-01-22T13:33:56","slug":"parcs-nationaux","status":"publish","type":"page","link":"https:\/\/brochure.spain.info\/fr\/naturale-en-espagne\/parcs-nationaux\/","title":{"rendered":"Parcs Nationaux"},"content":{"rendered":"<h2><img loading=\"lazy\" decoding=\"async\" class=\"alignnone wp-image-13690 size-full\" src=\"https:\/\/brochure.spain.info\/wp-content\/uploads\/2018\/11\/Mapa-naturaleza_FR.png\" alt=\"\" width=\"845\" height=\"628\" srcset=\"https:\/\/brochure.spain.info\/wp-content\/uploads\/2018\/11\/Mapa-naturaleza_FR.png 845w, https:\/\/brochure.spain.info\/wp-content\/uploads\/2018\/11\/Mapa-naturaleza_FR-300x223.png 300w, https:\/\/brochure.spain.info\/wp-content\/uploads\/2018\/11\/Mapa-naturaleza_FR-768x571.png 768w\" sizes=\"(max-width: 845px) 100vw, 845px\" \/><\/h2>\n<hr>\n<h2><strong>1. Parc National des \u00eeles atlantiques de Galice<\/strong><\/h2>\n<p class=\"p1\">Visitez ce paradis naturel aux falaises escarp\u00e9es et explorez la richesse de ses fonds marins en plongeant parmi les \u00e9paves de navires entre la ria d\u2019Arosa et la ria de Vigo.<\/p>\n<hr>\n<h2><strong>2. Parc National des Pics d&rsquo;Europe<\/strong><\/h2>\n<p class=\"p1\">Situ\u00e9 dans le nord du pays, entre Le\u00f3n, la Cantabrie et les Asturies, ce parc national, le plus vaste de toute la p\u00e9ninsule, compte parmi les plus visit\u00e9s. Vous pourrez y pratiquer la randonn\u00e9e entre ses cours d\u2019eau et ses gorges, escalader l\u2019un de ses sommets les plus \u00e9lev\u00e9s, le Naranjo de Bulnes, ou d\u00e9couvrir la beaut\u00e9 imposante du paysage.<\/p>\n<hr>\n<h2><strong>3. Parc National d&rsquo;Ordesa et Monte Perdido<\/strong><\/h2>\n<p class=\"p1\">Laissez-vous surprendre par les contrastes de cet espace singulier et ses h\u00eatraies, ses cascades et ses gorges. Bivouaquez au sommet du Monte Perdido, le point le plus \u00e9lev\u00e9 des Pyr\u00e9n\u00e9es aragonaises, ou grimpez depuis la prairie d\u2019Ordesa jusqu\u2019\u00e0 la cascade de la Cola de Caballo pour appr\u00e9cier un espace naturel d\u2019une beaut\u00e9 exceptionnelle.<\/p>\n<hr>\n<h2><strong>4. Parc National d&rsquo;Aig\u00fcestortes i Estany de Sant Maurici<\/strong><\/h2>\n<p class=\"p1\">L\u2019eau est le principal trait d\u2019identit\u00e9 de ce beau paysage au coeur des Pyr\u00e9n\u00e9es catalanes. Habitat du cerf \u00e9laphe, le site compte \u00e9galement parmi les derniers refuges du gypa\u00e8te en Europe. Plus de 200 lacs de montagne vous y attendent, ainsi que de nombreux ruisseaux et des cascades d\u2019eau cristalline.<\/p>\n<hr>\n<h2><strong>5. Parc National de Monfrag\u00fce<\/strong><\/h2>\n<p class=\"p1\">Ce joyau de la nature de la province de C\u00e1ceres est un authentique sanctuaire pour l\u2019observation des oiseaux. Acc\u00e9dez au Roquedo de Pe\u00f1a Falc\u00f3n, l\u2019un des belv\u00e9d\u00e8res donnant sur le Tage, et contemplez le vol du vautour moine, le plus grand rapace d\u2019Espagne.<\/p>\n<hr>\n<h2><strong>6. Parc National de la Sierra de Guadarrama<\/strong><\/h2>\n<p class=\"p1\">Traversez le centre de la p\u00e9ninsule gr\u00e2ce \u00e0 ses sentiers de randonn\u00e9e et de cyclotourisme con\u00e7us pour parcourir les cirques et les lacs glaciaires qui ponctuent ses 500 kilom\u00e8tres de long.<\/p>\n<hr>\n<h2><strong>7. Parc National des Tablas de Daimiel<\/strong><\/h2>\n<p class=\"p1\">Le d\u00e9bordement des fleuves Cig\u00fcela et Guadiana \u00e0 hauteur de Daimiel a cr\u00e9\u00e9 un marais unique en Europe. Vous y trouverez un \u00e9cosyst\u00e8me privil\u00e9gi\u00e9 travers\u00e9 chaque ann\u00e9e par les routes migratoires de nombreux oiseaux aquatiques, les vedettes absolues du parc.<\/p>\n<hr>\n<h2><strong>8. Parc National de Caba\u00f1eros<\/strong><\/h2>\n<p class=\"p1\">Les monts de Tol\u00e8de abritent l\u2019une des plus grandes \u00e9tendues de for\u00eat m\u00e9diterran\u00e9enne de toute la p\u00e9ninsule. Observez l\u2019abondante population de cerfs dans les vastes plaines de la Ra\u00f1a de Santiago, connue comme le Serengueti espagnol.<\/p>\n<hr>\n<h2><strong>9. Parc National de Do\u00f1ana<\/strong><\/h2>\n<p class=\"p1\">Situ\u00e9 sur la c\u00f4te atlantique andalouse, Do\u00f1ana est l\u2019espace naturel dot\u00e9 de la biodiversit\u00e9 la plus riche de toute l\u2019Europe. Explorez \u00e0 pied, \u00e0 cheval ou en 4&#215;4 sa grande vari\u00e9t\u00e9 d\u2019\u00e9cosyst\u00e8mes, les r\u00e9serves m\u00e9diterran\u00e9ennes, les paysages arides des dunes mobiles et la richesse naturelle des marais.<\/p>\n<hr>\n<h2><strong>10. Parc National de Sierra Nevada<\/strong><\/h2>\n<p class=\"p1\">Derri\u00e8re l\u2019Alhambra, \u00e0 Grenade, se dressent les sommets les plus hauts de la p\u00e9ninsule, le Mulhac\u00e9n et le Veleta, avec leurs versants enneig\u00e9s \u00e0 diff\u00e9rentes p\u00e9riodes de l\u2019ann\u00e9e.<\/p>\n<hr>\n<h2><strong>11. Parc National de la Caldera de Taburiente<\/strong><\/h2>\n<p class=\"p1\">Autre paysage domin\u00e9 par des nuances noires et rouge\u00e2tres, et surmont\u00e9 d\u2019un \u00e9norme cirque de 8 kilom\u00e8tres de diam\u00e8tre sur l\u2019\u00eele de La Palma. Ses pin\u00e8des abritant des sp\u00e9cimens centenaires garantissent de surprenantes randonn\u00e9es \u00e0 pied ou \u00e0 cheval.<\/p>\n<hr>\n<h2><strong>12. Parc National de Garajonay<\/strong><\/h2>\n<p class=\"p1\">Les \u00eeles regorgent de surprises. P\u00e9n\u00e9trez dans les for\u00eats de l\u2019\u00eele de La Gomera et d\u00e9couvrez un \u00e9cosyst\u00e8me singulier. Sa v\u00e9g\u00e9tation luxuriante est marqu\u00e9e par la <em>laurisylve<\/em>, unique vestige des for\u00eats subtropicales qui dominaient toute la r\u00e9gion m\u00e9diterran\u00e9enne il y a des millions d\u2019ann\u00e9es.<\/p>\n<hr>\n<h2><strong>13. Parc National du Teide<\/strong><\/h2>\n<p class=\"p1\">Avancez jusqu\u2019au flanc du Teide, class\u00e9 au patrimoine mondial de l\u2019UNESCO. Cet \u00e9norme volcan inactif de l\u2019\u00eele de Tenerife, dont le sommet est le plus haut d\u2019Europe, pr\u00e9sente plusieurs c\u00f4nes volcaniques et des coul\u00e9es de lave.<\/p>\n<hr>\n<h2><strong>14. Parc National de Timanfaya<\/strong><\/h2>\n<p class=\"p1\">Sur l\u2019\u00eele de Lanzarote, des sites tels que le belv\u00e9d\u00e8re naturel de Monta\u00f1a Rajada mettent en \u00e9vidence l\u2019origine volcanique de l\u2019archipel. De l\u00e0, vous pourrez contempler un paysage r\u00e9unissant le feu, les cendres et la roche.<\/p>\n<hr>\n<h2><strong>15. Parc National de l&rsquo;archipel de Cabrera<\/strong><\/h2>\n<p class=\"p2\">Montez \u00e0 bord d\u2019un bateau \u00e0 Majorque, dans les \u00eeles Bal\u00e9ares, et naviguez jusqu\u2019\u00e0 l\u2019archipel de Cabrera. Si vous aimez la plong\u00e9e sous-marine, ses riches fonds marins et les superbes grottes envahies par la mer sauront vous captiver.<\/p>\n","protected":false},"excerpt":{"rendered":"<p>1. Parc National des \u00eeles atlantiques de Galice Visitez ce paradis naturel aux falaises escarp\u00e9es et explorez la richesse de ses fonds marins en plongeant parmi les \u00e9paves de navires entre la ria d\u2019Arosa et la ria de Vigo. 2. Parc National des Pics d&rsquo;Europe Situ\u00e9 dans le nord du pays, entre Le\u00f3n, la Cantabrie &hellip;<\/p>\n","protected":false},"author":1,"featured_media":0,"parent":9372,"menu_order":0,"comment_status":"closed","ping_status":"closed","template":"articulo.php","meta":{"footnotes":""},"acf":[],"_links":{"self":[{"href":"https:\/\/brochure.spain.info\/fr\/wp-json\/wp\/v2\/pages\/5957"}],"collection":[{"href":"https:\/\/brochure.spain.info\/fr\/wp-json\/wp\/v2\/pages"}],"about":[{"href":"https:\/\/brochure.spain.info\/fr\/wp-json\/wp\/v2\/types\/page"}],"author":[{"embeddable":true,"href":"https:\/\/brochure.spain.info\/fr\/wp-json\/wp\/v2\/users\/1"}],"replies":[{"embeddable":true,"href":"https:\/\/brochure.spain.info\/fr\/wp-json\/wp\/v2\/comments?post=5957"}],"version-history":[{"count":11,"href":"https:\/\/brochure.spain.info\/fr\/wp-json\/wp\/v2\/pages\/5957\/revisions"}],"predecessor-version":[{"id":16305,"href":"https:\/\/brochure.spain.info\/fr\/wp-json\/wp\/v2\/pages\/5957\/revisions\/16305"}],"up":[{"embeddable":true,"href":"https:\/\/brochure.spain.info\/fr\/wp-json\/wp\/v2\/pages\/9372"}],"wp:attachment":[{"href":"https:\/\/brochure.spain.info\/fr\/wp-json\/wp\/v2\/media?parent=5957"}],"curies":[{"name":"wp","href":"https:\/\/api.w.org\/{rel}","templated":true}]}}