{"id":10688,"date":"2018-10-03T13:56:13","date_gmt":"2018-10-03T13:56:13","guid":{"rendered":"https:\/\/brochure.spain.info\/espana-cruce-de-culturas\/un-viaje-al-pasado\/"},"modified":"2021-01-14T16:19:46","modified_gmt":"2021-01-14T16:19:46","slug":"un-voyage-dans-le-passe","status":"publish","type":"page","link":"https:\/\/brochure.spain.info\/fr\/lespagne-brassage-de-cultures\/un-voyage-dans-le-passe\/","title":{"rendered":"Un voyage dans le pass\u00e9"},"content":{"rendered":"<h2>Pr\u00e9histoire. Laissez-vous attraper<br \/>\npar les racines de l&rsquo;Espagne<\/h2>\n<h3 class=\"p1\"><a href=\"https:\/\/www.spain.info\/fr\/curiosites\/site-archeologique-atapuerca\/\" target=\"_blank\" rel=\"noopener\">ATAPUERCA<\/a><\/h3>\n<p class=\"p1\">Arch\u00e9ologue pour un jour, partez explorer la <strong>Sierra de Atapuerca<\/strong> (province de Burgos) : un voyage passionnant sur les fouilles o\u00f9 furent d\u00e9couverts des fossiles humains vieux d&rsquo;environ un million d&rsquo;ann\u00e9es.<\/p>\n<figure id=\"attachment_4906\" aria-describedby=\"caption-attachment-4906\" style=\"width: 750px\" class=\"wp-caption alignnone\"><img loading=\"lazy\" decoding=\"async\" class=\"wp-image-4906\" src=\"https:\/\/brochure.spain.info\/wp-content\/uploads\/2018\/10\/Cruce_pasado_01.jpg\" alt=\"\" width=\"750\" height=\"391\" srcset=\"https:\/\/brochure.spain.info\/wp-content\/uploads\/2018\/10\/Cruce_pasado_01.jpg 845w, https:\/\/brochure.spain.info\/wp-content\/uploads\/2018\/10\/Cruce_pasado_01-300x157.jpg 300w, https:\/\/brochure.spain.info\/wp-content\/uploads\/2018\/10\/Cruce_pasado_01-768x401.jpg 768w\" sizes=\"(max-width: 750px) 100vw, 750px\" \/><figcaption id=\"caption-attachment-4906\" class=\"wp-caption-text\">Mus\u00e9e de l&rsquo;\u00c9volution Humaine, Burgos<\/figcaption><\/figure>\n<h3 class=\"p1\"><a href=\"https:\/\/www.spain.info\/fr\/curiosites\/art-rupestre-paleolithique-corniche-cantabrique-extension-grotte-altamira\/\" target=\"_blank\" rel=\"noopener\">ART RUPESTRE DANS LE NORD DE L&rsquo;ESPAGNE<\/a><\/h3>\n<p class=\"p1\">Notre pays poss\u00e8de certaines des manifestations d&rsquo;art pr\u00e9historique les plus importantes du monde, en particulier les peintures rupestres d&rsquo;Altamira.<\/p>\n<figure id=\"attachment_4912\" aria-describedby=\"caption-attachment-4912\" style=\"width: 845px\" class=\"wp-caption alignnone\"><img loading=\"lazy\" decoding=\"async\" class=\"wp-image-4912 size-full\" src=\"https:\/\/brochure.spain.info\/wp-content\/uploads\/2018\/10\/Cruce_pasado_02.jpg\" alt=\"\" width=\"845\" height=\"441\" srcset=\"https:\/\/brochure.spain.info\/wp-content\/uploads\/2018\/10\/Cruce_pasado_02.jpg 845w, https:\/\/brochure.spain.info\/wp-content\/uploads\/2018\/10\/Cruce_pasado_02-300x157.jpg 300w, https:\/\/brochure.spain.info\/wp-content\/uploads\/2018\/10\/Cruce_pasado_02-768x401.jpg 768w\" sizes=\"(max-width: 845px) 100vw, 845px\" \/><figcaption id=\"caption-attachment-4912\" class=\"wp-caption-text\">N\u00e9o-grotte &#8211; Mus\u00e9e National et Centre de Recherche d&rsquo;Altamira\u00a0Santillana del Mar, Cantabrie<\/figcaption><\/figure>\n<h3 class=\"p1\"><span style=\"color: #c70808;\">MONUMENTS M\u00c9GALITHIQUES<\/span><\/h3>\n<p class=\"p1\">La grandeur de certaines des constructions m\u00e9galithiques les plus importantes d&rsquo;Europe vous laissera sans voix.<\/p>\n<figure id=\"attachment_4918\" aria-describedby=\"caption-attachment-4918\" style=\"width: 750px\" class=\"wp-caption alignnone\"><img loading=\"lazy\" decoding=\"async\" class=\"wp-image-4918\" src=\"https:\/\/brochure.spain.info\/wp-content\/uploads\/2018\/10\/Cruce_pasado_03.jpg\" alt=\"\" width=\"750\" height=\"391\" srcset=\"https:\/\/brochure.spain.info\/wp-content\/uploads\/2018\/10\/Cruce_pasado_03.jpg 845w, https:\/\/brochure.spain.info\/wp-content\/uploads\/2018\/10\/Cruce_pasado_03-300x157.jpg 300w, https:\/\/brochure.spain.info\/wp-content\/uploads\/2018\/10\/Cruce_pasado_03-768x401.jpg 768w\" sizes=\"(max-width: 750px) 100vw, 750px\" \/><figcaption id=\"caption-attachment-4918\" class=\"wp-caption-text\">Site Arch\u00e9ologique Dolmens d&rsquo;Antequera<\/figcaption><\/figure>\n<hr \/>\n<h2>Ph\u00e9niciens et Carthaginois<\/h2>\n<p class=\"p1\">Les plus grandes constructions ph\u00e9niciennes se trouvent sur le site arch\u00e9ologique<br \/>\nde Gadir, un des plus anciens d&rsquo;Occident, o\u00f9 est \u00e9galement expos\u00e9e une importante collection d&rsquo;ustensiles du quotidien.<\/p>\n<p class=\"p1\">La plupart de l&rsquo;artisanat punique conserv\u00e9 en Espagne est issu du site arch\u00e9ologique de Puig des Molins, \u00e0 Ibiza (\u00eeles Bal\u00e9ares), o\u00f9 les Carthaginois fond\u00e8rent une importante base navale.<\/p>\n<figure id=\"attachment_4924\" aria-describedby=\"caption-attachment-4924\" style=\"width: 750px\" class=\"wp-caption alignnone\"><img loading=\"lazy\" decoding=\"async\" class=\"wp-image-4924\" src=\"https:\/\/brochure.spain.info\/wp-content\/uploads\/2018\/10\/Cruce_pasado_04.jpg\" alt=\"\" width=\"750\" height=\"391\" srcset=\"https:\/\/brochure.spain.info\/wp-content\/uploads\/2018\/10\/Cruce_pasado_04.jpg 845w, https:\/\/brochure.spain.info\/wp-content\/uploads\/2018\/10\/Cruce_pasado_04-300x157.jpg 300w, https:\/\/brochure.spain.info\/wp-content\/uploads\/2018\/10\/Cruce_pasado_04-768x401.jpg 768w\" sizes=\"(max-width: 750px) 100vw, 750px\" \/><figcaption id=\"caption-attachment-4924\" class=\"wp-caption-text\">Dame de Cadix, Mus\u00e9e de Cadix<\/figcaption><\/figure>\n<hr \/>\n<h2>L&rsquo;Hispanie romaine<\/h2>\n<p class=\"p1\">Traversez des voies et des ponts romains, assistez \u00e0 des repr\u00e9sentations de th\u00e9\u00e2tre<br \/>\nclassique dans des amphith\u00e9\u00e2tres vieux de plusieurs si\u00e8cles ou participez aux banquets romains d&rsquo;Almedinilla (province de Cordoue).<\/p>\n<h3 class=\"p1\"><a href=\"https:\/\/www.spain.info\/fr\/curiosites\/aqueduc-segovie\/\" target=\"_blank\" rel=\"noopener\">AQUEDUC DE S\u00c9GOVIE<\/a><\/h3>\n<p class=\"p1\">Cet ouvrage majestueux du IIe s. fut construit pour recueillir l&rsquo;eau de la Sierra<br \/>\nde Guadarrama et la distribuer dans les diff\u00e9rentes installations urbaines.<\/p>\n<figure id=\"attachment_4930\" aria-describedby=\"caption-attachment-4930\" style=\"width: 750px\" class=\"wp-caption alignnone\"><img loading=\"lazy\" decoding=\"async\" class=\"wp-image-4930\" src=\"https:\/\/brochure.spain.info\/wp-content\/uploads\/2018\/10\/Cruce_pasado_05.jpg\" alt=\"\" width=\"750\" height=\"391\" srcset=\"https:\/\/brochure.spain.info\/wp-content\/uploads\/2018\/10\/Cruce_pasado_05.jpg 845w, https:\/\/brochure.spain.info\/wp-content\/uploads\/2018\/10\/Cruce_pasado_05-300x157.jpg 300w, https:\/\/brochure.spain.info\/wp-content\/uploads\/2018\/10\/Cruce_pasado_05-768x401.jpg 768w\" sizes=\"(max-width: 750px) 100vw, 750px\" \/><figcaption id=\"caption-attachment-4930\" class=\"wp-caption-text\">Aqueduc de S\u00e9govie<\/figcaption><\/figure>\n<h3 class=\"p1\"><a href=\"https:\/\/www.spain.info\/fr\/destination\/merida\/\">M\u00c9RIDA<\/a><\/h3>\n<p class=\"p1\">Augusta Emerita, l&rsquo;actuelle M\u00e9rida (Estr\u00e9madure), fut la capitale de la Lusitanie romaine et une des villes les plus florissantes de l&rsquo;Empire.<\/p>\n<figure id=\"attachment_4936\" aria-describedby=\"caption-attachment-4936\" style=\"width: 750px\" class=\"wp-caption alignnone\"><img loading=\"lazy\" decoding=\"async\" class=\"wp-image-4936\" src=\"https:\/\/brochure.spain.info\/wp-content\/uploads\/2018\/10\/Cruce_pasado_06.jpg\" alt=\"\" width=\"750\" height=\"391\" srcset=\"https:\/\/brochure.spain.info\/wp-content\/uploads\/2018\/10\/Cruce_pasado_06.jpg 845w, https:\/\/brochure.spain.info\/wp-content\/uploads\/2018\/10\/Cruce_pasado_06-300x157.jpg 300w, https:\/\/brochure.spain.info\/wp-content\/uploads\/2018\/10\/Cruce_pasado_06-768x401.jpg 768w\" sizes=\"(max-width: 750px) 100vw, 750px\" \/><figcaption id=\"caption-attachment-4936\" class=\"wp-caption-text\">Th\u00e9\u00e2tre Romain, M\u00e9rida<\/figcaption><\/figure>\n<h3 class=\"p1\"><a href=\"https:\/\/www.spain.info\/fr\/curiosites\/pont-alcantara-tolede\/\">PONT D&rsquo;ALC\u00c1NTARA<\/a><\/h3>\n<p class=\"p1\">Cet ouvrage spectaculaire de g\u00e9nie civil est en parfait \u00e9tat apr\u00e8s plusieurs restaurations depuis le IIe s.<\/p>\n<figure id=\"attachment_4942\" aria-describedby=\"caption-attachment-4942\" style=\"width: 750px\" class=\"wp-caption alignnone\"><img loading=\"lazy\" decoding=\"async\" class=\"wp-image-4942\" src=\"https:\/\/brochure.spain.info\/wp-content\/uploads\/2018\/10\/Cruce_pasado_07.jpg\" alt=\"\" width=\"750\" height=\"391\" srcset=\"https:\/\/brochure.spain.info\/wp-content\/uploads\/2018\/10\/Cruce_pasado_07.jpg 845w, https:\/\/brochure.spain.info\/wp-content\/uploads\/2018\/10\/Cruce_pasado_07-300x157.jpg 300w, https:\/\/brochure.spain.info\/wp-content\/uploads\/2018\/10\/Cruce_pasado_07-768x401.jpg 768w\" sizes=\"(max-width: 750px) 100vw, 750px\" \/><figcaption id=\"caption-attachment-4942\" class=\"wp-caption-text\">Pont d&rsquo;Alc\u00e1ntara, Toledo<\/figcaption><\/figure>\n<h3 class=\"p1\"><a href=\"https:\/\/www.spain.info\/fr\/destination\/las-medulas\/\" target=\"_blank\" rel=\"noopener\">LAS M\u00c9DULAS<\/a><\/h3>\n<p class=\"p1\">\u00c0 El Bierzo (province de Le\u00f3n, Castille-Le\u00f3n), vous d\u00e9couvrirez celle que l&rsquo;on consid\u00e8re comme la plus grande mine d&rsquo;or \u00e0 ciel ouvert de tout l&rsquo;Empire romain<\/p>\n<figure id=\"attachment_4948\" aria-describedby=\"caption-attachment-4948\" style=\"width: 750px\" class=\"wp-caption alignnone\"><img loading=\"lazy\" decoding=\"async\" class=\"wp-image-4948\" src=\"https:\/\/brochure.spain.info\/wp-content\/uploads\/2018\/10\/Cruce_pasado_08.jpg\" alt=\"\" width=\"750\" height=\"391\" srcset=\"https:\/\/brochure.spain.info\/wp-content\/uploads\/2018\/10\/Cruce_pasado_08.jpg 845w, https:\/\/brochure.spain.info\/wp-content\/uploads\/2018\/10\/Cruce_pasado_08-300x157.jpg 300w, https:\/\/brochure.spain.info\/wp-content\/uploads\/2018\/10\/Cruce_pasado_08-768x401.jpg 768w\" sizes=\"(max-width: 750px) 100vw, 750px\" \/><figcaption id=\"caption-attachment-4948\" class=\"wp-caption-text\">Las M\u00e9dulas, Le\u00f3n<\/figcaption><\/figure>\n<hr \/>\n<h2>La culture wisigothe<\/h2>\n<p class=\"p1\">Les traces de ce peuple germanique en Espagne sont rares et r\u00e9parties sur tout<br \/>\nle territoire. La capitale du royaume \u00e9tait situ\u00e9e \u00e0 Tol\u00e8de (Castille-La Manche), o\u00f9<br \/>\nfut mis en place un syst\u00e8me pr\u00e9curseur du f\u00e9odalisme.<\/p>\n<figure id=\"attachment_4954\" aria-describedby=\"caption-attachment-4954\" style=\"width: 750px\" class=\"wp-caption alignnone\"><img loading=\"lazy\" decoding=\"async\" class=\"wp-image-4954\" src=\"https:\/\/brochure.spain.info\/wp-content\/uploads\/2018\/10\/Cruce_pasado_09.jpg\" alt=\"\" width=\"750\" height=\"391\" srcset=\"https:\/\/brochure.spain.info\/wp-content\/uploads\/2018\/10\/Cruce_pasado_09.jpg 845w, https:\/\/brochure.spain.info\/wp-content\/uploads\/2018\/10\/Cruce_pasado_09-300x157.jpg 300w, https:\/\/brochure.spain.info\/wp-content\/uploads\/2018\/10\/Cruce_pasado_09-768x401.jpg 768w\" sizes=\"(max-width: 750px) 100vw, 750px\" \/><figcaption id=\"caption-attachment-4954\" class=\"wp-caption-text\">Monast\u00e8re San Mill\u00e1n de Suso, San Mill\u00e1n de la Cogolla<\/figcaption><\/figure>\n","protected":false},"excerpt":{"rendered":"<p>Pr\u00e9histoire. Laissez-vous attraper par les racines de l&rsquo;Espagne ATAPUERCA Arch\u00e9ologue pour un jour, partez explorer la Sierra de Atapuerca (province de Burgos) : un voyage passionnant sur les fouilles o\u00f9 furent d\u00e9couverts des fossiles humains vieux d&rsquo;environ un million d&rsquo;ann\u00e9es. ART RUPESTRE DANS LE NORD DE L&rsquo;ESPAGNE Notre pays poss\u00e8de certaines des manifestations d&rsquo;art pr\u00e9historique &hellip;<\/p>\n","protected":false},"author":1,"featured_media":0,"parent":10680,"menu_order":0,"comment_status":"closed","ping_status":"closed","template":"articulo.php","meta":{"footnotes":""},"acf":[],"_links":{"self":[{"href":"https:\/\/brochure.spain.info\/fr\/wp-json\/wp\/v2\/pages\/10688"}],"collection":[{"href":"https:\/\/brochure.spain.info\/fr\/wp-json\/wp\/v2\/pages"}],"about":[{"href":"https:\/\/brochure.spain.info\/fr\/wp-json\/wp\/v2\/types\/page"}],"author":[{"embeddable":true,"href":"https:\/\/brochure.spain.info\/fr\/wp-json\/wp\/v2\/users\/1"}],"replies":[{"embeddable":true,"href":"https:\/\/brochure.spain.info\/fr\/wp-json\/wp\/v2\/comments?post=10688"}],"version-history":[{"count":6,"href":"https:\/\/brochure.spain.info\/fr\/wp-json\/wp\/v2\/pages\/10688\/revisions"}],"predecessor-version":[{"id":15838,"href":"https:\/\/brochure.spain.info\/fr\/wp-json\/wp\/v2\/pages\/10688\/revisions\/15838"}],"up":[{"embeddable":true,"href":"https:\/\/brochure.spain.info\/fr\/wp-json\/wp\/v2\/pages\/10680"}],"wp:attachment":[{"href":"https:\/\/brochure.spain.info\/fr\/wp-json\/wp\/v2\/media?parent=10688"}],"curies":[{"name":"wp","href":"https:\/\/api.w.org\/{rel}","templated":true}]}}