{"id":10506,"date":"2018-08-22T11:02:49","date_gmt":"2018-08-22T11:02:49","guid":{"rendered":"https:\/\/brochure.spain.info\/aprender-espanol-en-espana\/las-mejores-ciudades-para-estudiantes\/"},"modified":"2020-12-29T13:07:23","modified_gmt":"2020-12-29T13:07:23","slug":"les-meilleures-villes-pour-les-etudiants","status":"publish","type":"page","link":"https:\/\/brochure.spain.info\/fr\/apprendre-lespagnol-en-espagne\/les-meilleures-villes-pour-les-etudiants\/","title":{"rendered":"Les meilleures villes pour les \u00e9tudiants"},"content":{"rendered":"<p><img loading=\"lazy\" decoding=\"async\" class=\"alignnone wp-image-13149 size-full\" src=\"https:\/\/brochure.spain.info\/wp-content\/uploads\/2018\/11\/mapa_aprende_FR.png\" alt=\"\" width=\"2802\" height=\"2096\" srcset=\"https:\/\/brochure.spain.info\/wp-content\/uploads\/2018\/11\/mapa_aprende_FR.png 2802w, https:\/\/brochure.spain.info\/wp-content\/uploads\/2018\/11\/mapa_aprende_FR-300x224.png 300w, https:\/\/brochure.spain.info\/wp-content\/uploads\/2018\/11\/mapa_aprende_FR-768x574.png 768w, https:\/\/brochure.spain.info\/wp-content\/uploads\/2018\/11\/mapa_aprende_FR-1024x766.png 1024w\" sizes=\"(max-width: 2802px) 100vw, 2802px\" \/><\/p>\n<hr \/>\n<h2><a href=\"https:\/\/www.spain.info\/fr\/destination\/alcala-de-henares\/\" target=\"_blank\" rel=\"noopener\">Alcal\u00e1 de Henares<\/a><\/h2>\n<p>Cette petite ville proche de Madrid dispose de bons h\u00e9bergements et sa communaut\u00e9 \u00e9tudiante est tr\u00e8s active. L&rsquo;Universit\u00e9 d&rsquo;Alcal\u00e1 de Henares est l&rsquo;une des plus pris\u00e9es par les \u00e9tudiants \u00e9trangers en Espagne.<\/p>\n<p><img loading=\"lazy\" decoding=\"async\" class=\"alignnone size-full wp-image-5555\" src=\"https:\/\/brochure.spain.info\/wp-content\/uploads\/2018\/10\/Aprender_ciudades_02.jpg\" alt=\"\" width=\"845\" height=\"450\" srcset=\"https:\/\/brochure.spain.info\/wp-content\/uploads\/2018\/10\/Aprender_ciudades_02.jpg 845w, https:\/\/brochure.spain.info\/wp-content\/uploads\/2018\/10\/Aprender_ciudades_02-300x160.jpg 300w, https:\/\/brochure.spain.info\/wp-content\/uploads\/2018\/10\/Aprender_ciudades_02-768x409.jpg 768w\" sizes=\"(max-width: 845px) 100vw, 845px\" \/><\/p>\n<hr \/>\n<h2><a href=\"https:\/\/www.spain.info\/fr\/destination\/madrid\/\" target=\"_blank\" rel=\"noopener\">Madrid<\/a><\/h2>\n<p>Vous trouverez dans la capitale tout ce que vous cherchez, \u00e0 toute heure du jour (et de la nuit). Madrid est une ville multiculturelle o\u00f9 il y a toujours quelque chose \u00e0 faire.<\/p>\n<p><img loading=\"lazy\" decoding=\"async\" class=\"alignnone size-full wp-image-5561\" src=\"https:\/\/brochure.spain.info\/wp-content\/uploads\/2018\/10\/Aprender_ciudades_03.jpg\" alt=\"\" width=\"845\" height=\"450\" srcset=\"https:\/\/brochure.spain.info\/wp-content\/uploads\/2018\/10\/Aprender_ciudades_03.jpg 845w, https:\/\/brochure.spain.info\/wp-content\/uploads\/2018\/10\/Aprender_ciudades_03-300x160.jpg 300w, https:\/\/brochure.spain.info\/wp-content\/uploads\/2018\/10\/Aprender_ciudades_03-768x409.jpg 768w\" sizes=\"(max-width: 845px) 100vw, 845px\" \/><\/p>\n<hr \/>\n<h2><a href=\"https:\/\/www.spain.info\/fr\/destination\/barcelone\/\" target=\"_blank\" rel=\"noopener\">Barcelone<\/a><\/h2>\n<p>Ville cosmopolite et ouverte, son emplacement g\u00e9ographique et son offre culturelle et de loisirs en font une destination parfaite pour un s\u00e9jour inoubliable.<\/p>\n<figure id=\"attachment_5567\" aria-describedby=\"caption-attachment-5567\" style=\"width: 750px\" class=\"wp-caption alignnone\"><img loading=\"lazy\" decoding=\"async\" class=\"wp-image-5567\" src=\"https:\/\/brochure.spain.info\/wp-content\/uploads\/2018\/10\/Aprender_ciudades_04.jpg\" alt=\"\" width=\"750\" height=\"399\" srcset=\"https:\/\/brochure.spain.info\/wp-content\/uploads\/2018\/10\/Aprender_ciudades_04.jpg 845w, https:\/\/brochure.spain.info\/wp-content\/uploads\/2018\/10\/Aprender_ciudades_04-300x160.jpg 300w, https:\/\/brochure.spain.info\/wp-content\/uploads\/2018\/10\/Aprender_ciudades_04-768x409.jpg 768w\" sizes=\"(max-width: 750px) 100vw, 750px\" \/><figcaption id=\"caption-attachment-5567\" class=\"wp-caption-text\">Photo: Marco Rubino\/123rf.com<\/figcaption><\/figure>\n<hr \/>\n<h2><a href=\"https:\/\/www.spain.info\/fr\/destination\/valence\/\" target=\"_blank\" rel=\"noopener\">Valence<\/a><\/h2>\n<p>La ville est mondialement connue pour ses plages, la paella et son climat privil\u00e9gi\u00e9, pourtant elle offre bien davantage. Valence dispose d&rsquo;universit\u00e9s publiques et priv\u00e9es, ainsi que de bons centres de recherche. Le niveau acad\u00e9mique y est \u00e9lev\u00e9 et l&rsquo;ambiance universitaire tr\u00e8s bonne !<\/p>\n<p><img loading=\"lazy\" decoding=\"async\" class=\"alignnone size-full wp-image-5549\" src=\"https:\/\/brochure.spain.info\/wp-content\/uploads\/2018\/10\/Aprender_ciudades_01.jpg\" alt=\"\" width=\"845\" height=\"450\" srcset=\"https:\/\/brochure.spain.info\/wp-content\/uploads\/2018\/10\/Aprender_ciudades_01.jpg 845w, https:\/\/brochure.spain.info\/wp-content\/uploads\/2018\/10\/Aprender_ciudades_01-300x160.jpg 300w, https:\/\/brochure.spain.info\/wp-content\/uploads\/2018\/10\/Aprender_ciudades_01-768x409.jpg 768w\" sizes=\"(max-width: 845px) 100vw, 845px\" \/><\/p>\n<hr \/>\n<h2><a href=\"https:\/\/www.spain.info\/fr\/destination\/salamanque\/\" target=\"_blank\" rel=\"noopener\">Salamanque<\/a><\/h2>\n<p>Salamanque propose un enseignement de grande qualit\u00e9 et la vie y est tr\u00e8s accessible. C&rsquo;est une des villes pr\u00e9f\u00e9r\u00e9es des \u00e9tudiants espagnols et \u00e9trangers, pour la r\u00e9putation de son universit\u00e9 et pour sa vie nocturne anim\u00e9e.<\/p>\n<p><img loading=\"lazy\" decoding=\"async\" class=\"alignnone size-full wp-image-5573\" src=\"https:\/\/brochure.spain.info\/wp-content\/uploads\/2018\/10\/Aprender_ciudades_05.jpg\" alt=\"\" width=\"845\" height=\"450\" srcset=\"https:\/\/brochure.spain.info\/wp-content\/uploads\/2018\/10\/Aprender_ciudades_05.jpg 845w, https:\/\/brochure.spain.info\/wp-content\/uploads\/2018\/10\/Aprender_ciudades_05-300x160.jpg 300w, https:\/\/brochure.spain.info\/wp-content\/uploads\/2018\/10\/Aprender_ciudades_05-768x409.jpg 768w\" sizes=\"(max-width: 845px) 100vw, 845px\" \/><\/p>\n<hr \/>\n<h2><a href=\"https:\/\/www.spain.info\/fr\/destination\/alicante-alacant\/\" target=\"_blank\" rel=\"noopener\">Alicante<\/a><\/h2>\n<p>Le soleil et la plage pendant une bonne partie de l&rsquo;ann\u00e9e et la possibilit\u00e9 de se loger et de manger \u00e0 des prix accessibles, font d&rsquo;Alicante une destination tr\u00e8s attrayante pour apprendre la langue. Cette ville de la r\u00e9gion de Valence accueille de plus en plus d&rsquo;\u00e9tudiants \u00e9trangers.<\/p>\n<p><img loading=\"lazy\" decoding=\"async\" class=\"alignnone size-full wp-image-5579\" src=\"https:\/\/brochure.spain.info\/wp-content\/uploads\/2018\/10\/Aprender_ciudades_06.jpg\" alt=\"\" width=\"845\" height=\"450\" srcset=\"https:\/\/brochure.spain.info\/wp-content\/uploads\/2018\/10\/Aprender_ciudades_06.jpg 845w, https:\/\/brochure.spain.info\/wp-content\/uploads\/2018\/10\/Aprender_ciudades_06-300x160.jpg 300w, https:\/\/brochure.spain.info\/wp-content\/uploads\/2018\/10\/Aprender_ciudades_06-768x409.jpg 768w\" sizes=\"(max-width: 845px) 100vw, 845px\" \/><\/p>\n<hr \/>\n<h2><a href=\"https:\/\/www.spain.info\/fr\/destination\/malaga\/\" target=\"_blank\" rel=\"noopener\">Malaga<\/a><\/h2>\n<p>La capitale de la Costa del Sol propose des cours d\u2019espagnol comme langue \u00e9trang\u00e8re \u00e0 l&rsquo;Universit\u00e9 de Malaga et dans un grand nombre de centres priv\u00e9s. C&rsquo;est une ville charmante que de nombreuses personnes choisissent chaque ann\u00e9e.<\/p>\n<figure id=\"attachment_5585\" aria-describedby=\"caption-attachment-5585\" style=\"width: 750px\" class=\"wp-caption alignnone\"><img loading=\"lazy\" decoding=\"async\" class=\"wp-image-5585\" src=\"https:\/\/brochure.spain.info\/wp-content\/uploads\/2018\/10\/Aprender_ciudades_07.jpg\" alt=\"\" width=\"750\" height=\"399\" srcset=\"https:\/\/brochure.spain.info\/wp-content\/uploads\/2018\/10\/Aprender_ciudades_07.jpg 845w, https:\/\/brochure.spain.info\/wp-content\/uploads\/2018\/10\/Aprender_ciudades_07-300x160.jpg 300w, https:\/\/brochure.spain.info\/wp-content\/uploads\/2018\/10\/Aprender_ciudades_07-768x409.jpg 768w\" sizes=\"(max-width: 750px) 100vw, 750px\" \/><figcaption id=\"caption-attachment-5585\" class=\"wp-caption-text\">Photo: Ivo De Rooij\/123rf.com<\/figcaption><\/figure>\n<hr \/>\n<h2><a href=\"https:\/\/www.spain.info\/fr\/destination\/grenade\/\" target=\"_blank\" rel=\"noopener\">Grenade<\/a><\/h2>\n<p>L&rsquo;Universit\u00e9 de Grenade est la destination pr\u00e9f\u00e9r\u00e9e des \u00e9tudiants europ\u00e9ens (dans le cadre des \u00e9changes Erasmus). C&rsquo;est une des villes o\u00f9 la tradition universitaire est le plus ancr\u00e9e.<\/p>\n<figure id=\"attachment_5591\" aria-describedby=\"caption-attachment-5591\" style=\"width: 750px\" class=\"wp-caption alignnone\"><img loading=\"lazy\" decoding=\"async\" class=\"wp-image-5591\" src=\"https:\/\/brochure.spain.info\/wp-content\/uploads\/2018\/10\/Aprender_ciudades_08.jpg\" alt=\"\" width=\"750\" height=\"399\" srcset=\"https:\/\/brochure.spain.info\/wp-content\/uploads\/2018\/10\/Aprender_ciudades_08.jpg 845w, https:\/\/brochure.spain.info\/wp-content\/uploads\/2018\/10\/Aprender_ciudades_08-300x160.jpg 300w, https:\/\/brochure.spain.info\/wp-content\/uploads\/2018\/10\/Aprender_ciudades_08-768x409.jpg 768w\" sizes=\"(max-width: 750px) 100vw, 750px\" \/><figcaption id=\"caption-attachment-5591\" class=\"wp-caption-text\">Photo: lachris77\/123rf.com<\/figcaption><\/figure>\n<hr \/>\n<h2><a href=\"https:\/\/www.spain.info\/fr\/destination\/cadix\/\" target=\"_blank\" rel=\"noopener\">Cadix<\/a><\/h2>\n<p>Plusieurs institutions \u00e9ducatives se trouvent dans la vieille ville, dans des b\u00e2timents historiques. Quant \u00e0 l&rsquo;ambiance festive, peu de villes peuvent rivaliser avec Cadix, particuli\u00e8rement en f\u00e9vrier, au moment du carnaval.<\/p>\n<p><img loading=\"lazy\" decoding=\"async\" class=\"alignnone size-full wp-image-5597\" src=\"https:\/\/brochure.spain.info\/wp-content\/uploads\/2018\/10\/Aprender_ciudades_09.jpg\" alt=\"\" width=\"845\" height=\"450\" srcset=\"https:\/\/brochure.spain.info\/wp-content\/uploads\/2018\/10\/Aprender_ciudades_09.jpg 845w, https:\/\/brochure.spain.info\/wp-content\/uploads\/2018\/10\/Aprender_ciudades_09-300x160.jpg 300w, https:\/\/brochure.spain.info\/wp-content\/uploads\/2018\/10\/Aprender_ciudades_09-768x409.jpg 768w\" sizes=\"(max-width: 845px) 100vw, 845px\" \/><\/p>\n<hr \/>\n<h2><a href=\"https:\/\/www.spain.info\/fr\/destination\/seville\/\" target=\"_blank\" rel=\"noopener\">S\u00e9ville<\/a><\/h2>\n<p>La capitale andalouse ajoute \u00e0 ses c\u00e9l\u00e8bres campus internationaux une qualit\u00e9 de vie que peu de destinations peuvent \u00e9galer.<\/p>\n<figure id=\"attachment_5603\" aria-describedby=\"caption-attachment-5603\" style=\"width: 750px\" class=\"wp-caption alignnone\"><img loading=\"lazy\" decoding=\"async\" class=\"wp-image-5603\" src=\"https:\/\/brochure.spain.info\/wp-content\/uploads\/2018\/10\/Aprender_ciudades_10.jpg\" alt=\"\" width=\"750\" height=\"399\" srcset=\"https:\/\/brochure.spain.info\/wp-content\/uploads\/2018\/10\/Aprender_ciudades_10.jpg 845w, https:\/\/brochure.spain.info\/wp-content\/uploads\/2018\/10\/Aprender_ciudades_10-300x160.jpg 300w, https:\/\/brochure.spain.info\/wp-content\/uploads\/2018\/10\/Aprender_ciudades_10-768x409.jpg 768w\" sizes=\"(max-width: 750px) 100vw, 750px\" \/><figcaption id=\"caption-attachment-5603\" class=\"wp-caption-text\">Photo: Karol Kozlowski\/123rf.com<\/figcaption><\/figure>\n","protected":false},"excerpt":{"rendered":"<p>Alcal\u00e1 de Henares Cette petite ville proche de Madrid dispose de bons h\u00e9bergements et sa communaut\u00e9 \u00e9tudiante est tr\u00e8s active. L&rsquo;Universit\u00e9 d&rsquo;Alcal\u00e1 de Henares est l&rsquo;une des plus pris\u00e9es par les \u00e9tudiants \u00e9trangers en Espagne. Madrid Vous trouverez dans la capitale tout ce que vous cherchez, \u00e0 toute heure du jour (et de la nuit). &hellip;<\/p>\n","protected":false},"author":1,"featured_media":0,"parent":10498,"menu_order":0,"comment_status":"closed","ping_status":"closed","template":"articulo.php","meta":{"footnotes":""},"acf":[],"_links":{"self":[{"href":"https:\/\/brochure.spain.info\/fr\/wp-json\/wp\/v2\/pages\/10506"}],"collection":[{"href":"https:\/\/brochure.spain.info\/fr\/wp-json\/wp\/v2\/pages"}],"about":[{"href":"https:\/\/brochure.spain.info\/fr\/wp-json\/wp\/v2\/types\/page"}],"author":[{"embeddable":true,"href":"https:\/\/brochure.spain.info\/fr\/wp-json\/wp\/v2\/users\/1"}],"replies":[{"embeddable":true,"href":"https:\/\/brochure.spain.info\/fr\/wp-json\/wp\/v2\/comments?post=10506"}],"version-history":[{"count":6,"href":"https:\/\/brochure.spain.info\/fr\/wp-json\/wp\/v2\/pages\/10506\/revisions"}],"predecessor-version":[{"id":15494,"href":"https:\/\/brochure.spain.info\/fr\/wp-json\/wp\/v2\/pages\/10506\/revisions\/15494"}],"up":[{"embeddable":true,"href":"https:\/\/brochure.spain.info\/fr\/wp-json\/wp\/v2\/pages\/10498"}],"wp:attachment":[{"href":"https:\/\/brochure.spain.info\/fr\/wp-json\/wp\/v2\/media?parent=10506"}],"curies":[{"name":"wp","href":"https:\/\/api.w.org\/{rel}","templated":true}]}}