{"id":10446,"date":"2018-08-29T08:11:46","date_gmt":"2018-08-29T08:11:46","guid":{"rendered":"https:\/\/brochure.spain.info\/ciudades-patrimonio-de-la-humanidad\/fiestas-y-ferias-en-las-ciudades-patrimonio\/"},"modified":"2020-12-30T12:08:55","modified_gmt":"2020-12-30T12:08:55","slug":"ne-ratez-pas-ces-10-experiences-dans-nos-villes-classee","status":"publish","type":"page","link":"https:\/\/brochure.spain.info\/fr\/villes-du-patrimoine-de-lhumanite\/ne-ratez-pas-ces-10-experiences-dans-nos-villes-classee\/","title":{"rendered":"Ne ratez pas ces 10\u00a0exp\u00e9riences dans nos villes class\u00e9es"},"content":{"rendered":"<h2 class=\"p1\">Festival international de Th\u00e9\u00e2tre classique de M\u00e9rida<\/h2>\n<p class=\"p2\">Le <a href=\"https:\/\/www.spain.info\/fr\/evenements\/festival-theatre-classique-merida\/\">Festival international de Th\u00e9\u00e2tre classique de M\u00e9rida<\/a>, se d\u00e9roule en juillet et en ao\u00fbt dans le cadre privil\u00e9gi\u00e9 d&rsquo;un th\u00e9\u00e2tre romain datant du Ier si\u00e8cle avant J.-C. Son impressionnante sc\u00e8ne accueille principalement des repr\u00e9sentations de textes de l&rsquo;\u00e9poque gr\u00e9co-latine, mais aussi des spectacles musicaux et des projections de cin\u00e9ma.<\/p>\n<figure id=\"attachment_2079\" aria-describedby=\"caption-attachment-2079\" style=\"width: 750px\" class=\"wp-caption alignnone\"><img loading=\"lazy\" decoding=\"async\" class=\"wp-image-2079\" src=\"https:\/\/brochure.spain.info\/wp-content\/uploads\/2018\/08\/Patrimonio-fiestas-01.jpg\" alt=\"Foto: Ciudades Patrimonio de la Humanidad\" width=\"750\" height=\"501\" srcset=\"https:\/\/brochure.spain.info\/wp-content\/uploads\/2018\/08\/Patrimonio-fiestas-01.jpg 845w, https:\/\/brochure.spain.info\/wp-content\/uploads\/2018\/08\/Patrimonio-fiestas-01-300x200.jpg 300w, https:\/\/brochure.spain.info\/wp-content\/uploads\/2018\/08\/Patrimonio-fiestas-01-768x513.jpg 768w\" sizes=\"(max-width: 750px) 100vw, 750px\" \/><figcaption id=\"caption-attachment-2079\" class=\"wp-caption-text\">Photo: Villes du Patrimoine de l\u2019Humanit\u00e9<\/figcaption><\/figure>\n<hr \/>\n<h2 class=\"p1\">F\u00eate de Santa Tecla<\/h2>\n<p class=\"p1\">Si vous visitez Tarragone au cours de la seconde quinzaine de septembre, vous assisterez \u00e0 la f\u00eate de Santa Tecla, avec certaines des traditions festives les plus embl\u00e9matiques de Catalogne. Sautez et courez entre les p\u00e9tards, alors que les habitants d\u00e9guis\u00e9s en diables et en dragons mettent vos r\u00e9flexes \u00e0 l&rsquo;\u00e9preuve lors d&rsquo;un d\u00e9fil\u00e9 appel\u00e9 Correfoc.<\/p>\n<figure id=\"attachment_5478\" aria-describedby=\"caption-attachment-5478\" style=\"width: 750px\" class=\"wp-caption alignnone\"><img loading=\"lazy\" decoding=\"async\" class=\"wp-image-5478\" src=\"https:\/\/brochure.spain.info\/wp-content\/uploads\/2018\/10\/Ciudades_expe_01.jpg\" alt=\"\" width=\"750\" height=\"500\" srcset=\"https:\/\/brochure.spain.info\/wp-content\/uploads\/2018\/10\/Ciudades_expe_01.jpg 845w, https:\/\/brochure.spain.info\/wp-content\/uploads\/2018\/10\/Ciudades_expe_01-300x200.jpg 300w, https:\/\/brochure.spain.info\/wp-content\/uploads\/2018\/10\/Ciudades_expe_01-768x512.jpg 768w\" sizes=\"(max-width: 750px) 100vw, 750px\" \/><figcaption id=\"caption-attachment-5478\" class=\"wp-caption-text\">Photo: Joan Capdevila<\/figcaption><\/figure>\n<hr \/>\n<h2>L&rsquo;Automne culturel flamenco<\/h2>\n<p class=\"p1\">Dans la ville de Baeza, vous pourrez vous impr\u00e9gner de chant et de danse \u00e0 l&rsquo;occasion de l&rsquo;Automne culturel flamenco. L&rsquo;association flamenco de la ville organise des rencontres litt\u00e9raires, des expositions et des concerts consacr\u00e9s \u00e0 cet art typiquement espagnol.<\/p>\n<p><img loading=\"lazy\" decoding=\"async\" class=\"alignnone size-full wp-image-5490\" src=\"https:\/\/brochure.spain.info\/wp-content\/uploads\/2018\/10\/Ciudades_expe_03.jpg\" alt=\"\" width=\"845\" height=\"563\" srcset=\"https:\/\/brochure.spain.info\/wp-content\/uploads\/2018\/10\/Ciudades_expe_03.jpg 845w, https:\/\/brochure.spain.info\/wp-content\/uploads\/2018\/10\/Ciudades_expe_03-300x200.jpg 300w, https:\/\/brochure.spain.info\/wp-content\/uploads\/2018\/10\/Ciudades_expe_03-768x512.jpg 768w\" sizes=\"(max-width: 845px) 100vw, 845px\" \/><\/p>\n<hr \/>\n<h2>Semaine Cervantine<\/h2>\n<p class=\"p1\">En octobre, Alcal\u00e1 de Henares f\u00eate la <a href=\"https:\/\/www.spain.info\/fr\/evenements\/semaine-cervantes\/\">Semaine Cervantine<\/a>, une occasion unique de d\u00e9couvrir l&rsquo;h\u00e9ritage l\u00e9gu\u00e9 \u00e0 la ville par Miguel de Cervant\u00e8s, l&rsquo;auteur du Quichotte. La litt\u00e9rature, les jeux et la gastronomie envahissent les rues, et dans le march\u00e9 m\u00e9di\u00e9val cervantin, vous trouverez des produits locaux et de jolis souvenirs artisanaux.<\/p>\n<figure id=\"attachment_8012\" aria-describedby=\"caption-attachment-8012\" style=\"width: 845px\" class=\"wp-caption alignnone\"><img loading=\"lazy\" decoding=\"async\" class=\"wp-image-8012 size-full\" src=\"https:\/\/brochure.spain.info\/wp-content\/uploads\/2018\/08\/Patrimonio-fiestas-02.jpg\" alt=\"\" width=\"845\" height=\"564\" srcset=\"https:\/\/brochure.spain.info\/wp-content\/uploads\/2018\/08\/Patrimonio-fiestas-02.jpg 845w, https:\/\/brochure.spain.info\/wp-content\/uploads\/2018\/08\/Patrimonio-fiestas-02-300x200.jpg 300w, https:\/\/brochure.spain.info\/wp-content\/uploads\/2018\/08\/Patrimonio-fiestas-02-768x513.jpg 768w\" sizes=\"(max-width: 845px) 100vw, 845px\" \/><figcaption id=\"caption-attachment-8012\" class=\"wp-caption-text\">Photo: Villes du Patrimoine de l\u2019Humanit\u00e9<\/figcaption><\/figure>\n<hr \/>\n<h2>Jour de l&rsquo;ap\u00f4tre Saint-Jacques<\/h2>\n<p class=\"p1\">Le 25 juillet, rendez-vous \u00e0 Saint- Jacques-de-Compostelle pour f\u00eater le jour de l&rsquo;ap\u00f4tre Saint-Jacques, le protecteur de la Galice et de l&rsquo;Espagne.<\/p>\n<figure id=\"attachment_5484\" aria-describedby=\"caption-attachment-5484\" style=\"width: 750px\" class=\"wp-caption alignnone\"><img loading=\"lazy\" decoding=\"async\" class=\"wp-image-5484\" src=\"https:\/\/brochure.spain.info\/wp-content\/uploads\/2018\/10\/Ciudades_expe_02.jpg\" alt=\"\" width=\"750\" height=\"500\" srcset=\"https:\/\/brochure.spain.info\/wp-content\/uploads\/2018\/10\/Ciudades_expe_02.jpg 845w, https:\/\/brochure.spain.info\/wp-content\/uploads\/2018\/10\/Ciudades_expe_02-300x200.jpg 300w, https:\/\/brochure.spain.info\/wp-content\/uploads\/2018\/10\/Ciudades_expe_02-768x512.jpg 768w\" sizes=\"(max-width: 750px) 100vw, 750px\" \/><figcaption id=\"caption-attachment-5484\" class=\"wp-caption-text\">\u00a9 Turismo de Santiago de Compostela<\/figcaption><\/figure>\n<hr \/>\n<h2 class=\"p1\">Carnaval<\/h2>\n<p class=\"p2\">En Espagne, le Carnaval est particuli\u00e8rement color\u00e9, mais il prend toute sa dimension dans des villes comme Saint- Jacques-de-Compostelle. Dans la capitale galicienne, l&rsquo;amour des masques, du maquillage et des d\u00e9guisements se refl\u00e8te dans les rues lors des d\u00e9fil\u00e9s du Carnaval, auxquels participent des chars et des groupes form\u00e9s par des voisins et des amis qui parcourent la ville.<\/p>\n<figure id=\"attachment_2081\" aria-describedby=\"caption-attachment-2081\" style=\"width: 750px\" class=\"wp-caption alignnone\"><img loading=\"lazy\" decoding=\"async\" class=\"wp-image-2081\" src=\"https:\/\/brochure.spain.info\/wp-content\/uploads\/2018\/08\/Patrimonio-fiestas-03.jpg\" alt=\"Foto: sssanchez\/123rf.com\" width=\"750\" height=\"498\" srcset=\"https:\/\/brochure.spain.info\/wp-content\/uploads\/2018\/08\/Patrimonio-fiestas-03.jpg 845w, https:\/\/brochure.spain.info\/wp-content\/uploads\/2018\/08\/Patrimonio-fiestas-03-300x199.jpg 300w, https:\/\/brochure.spain.info\/wp-content\/uploads\/2018\/08\/Patrimonio-fiestas-03-768x510.jpg 768w\" sizes=\"(max-width: 750px) 100vw, 750px\" \/><figcaption id=\"caption-attachment-2081\" class=\"wp-caption-text\">Photo: sssanchez\/123rf.com<\/figcaption><\/figure>\n<hr \/>\n<h2>March\u00e9 m\u00e9di\u00e9val des trois cultures<\/h2>\n<p class=\"p1\">Lorsque le mois de novembre arrive, la vieille ville de C\u00e1ceres assiste \u00e0 l&rsquo;installation du March\u00e9 m\u00e9di\u00e9val des trois cultures, qui nous fait remonter le temps pour d\u00e9couvrir le m\u00e9lange des traditions musulmanes, juives et chr\u00e9tiennes.<\/p>\n<p><img loading=\"lazy\" decoding=\"async\" class=\"alignnone size-full wp-image-5260\" src=\"https:\/\/brochure.spain.info\/wp-content\/uploads\/2018\/10\/Interior_encanto_04.jpg\" alt=\"\" width=\"845\" height=\"475\" srcset=\"https:\/\/brochure.spain.info\/wp-content\/uploads\/2018\/10\/Interior_encanto_04.jpg 845w, https:\/\/brochure.spain.info\/wp-content\/uploads\/2018\/10\/Interior_encanto_04-300x169.jpg 300w, https:\/\/brochure.spain.info\/wp-content\/uploads\/2018\/10\/Interior_encanto_04-768x432.jpg 768w\" sizes=\"(max-width: 845px) 100vw, 845px\" \/><\/p>\n<hr \/>\n<h2 class=\"p1\">Festival des patios cordouans<\/h2>\n<p class=\"p2\">Mai est \u00e9galement le mois du <a href=\"https:\/\/www.spain.info\/fr\/evenements\/festival-patios-cordoue\/\">Festival des patios cordouans<\/a>, class\u00e9s au patrimoine culturel immat\u00e9riel de l&rsquo;humanit\u00e9 de l&rsquo;UNESCO. Pendant deux semaines, les habitants de la ville ouvrent avec fiert\u00e9 les portes des patios du centre-ville. Ils les d\u00e9corent \u00e0 cette occasion de pots de g\u00e9raniums, d&rsquo;oeillets et de jasmin. On peut les visiter pendant pratiquement toute la journ\u00e9e. Vous pourrez aussi y d\u00e9guster les savoureuses tapas locales, accompagn\u00e9es de vin Montilla-Moriles.<\/p>\n<p><img loading=\"lazy\" decoding=\"async\" class=\"alignnone wp-image-2082 size-full\" src=\"https:\/\/brochure.spain.info\/wp-content\/uploads\/2018\/08\/Patrimonio-fiestas-04.jpg\" alt=\"\" width=\"845\" height=\"562\" srcset=\"https:\/\/brochure.spain.info\/wp-content\/uploads\/2018\/08\/Patrimonio-fiestas-04.jpg 845w, https:\/\/brochure.spain.info\/wp-content\/uploads\/2018\/08\/Patrimonio-fiestas-04-300x200.jpg 300w, https:\/\/brochure.spain.info\/wp-content\/uploads\/2018\/08\/Patrimonio-fiestas-04-768x511.jpg 768w\" sizes=\"(max-width: 845px) 100vw, 845px\" \/><\/p>\n<hr \/>\n<h2>Semaine sainte<\/h2>\n<p class=\"p1\">Pendant les mois de mars et d&rsquo;avril, Cuenca s&rsquo;appr\u00eate pour la c\u00e9l\u00e9bration solennelle de la Semaine sainte. Vous pourrez y assister \u00e0 la procession du chemin du calvaire et vous laisser surprendre par \u00ab Las Turbas \u00bb. C&rsquo;est ainsi que l&rsquo;on nomme le vacarme que font les tambours et les trompettes qui pr\u00e9c\u00e8dent l&rsquo;image du Christ pendant les processions qui parcourent les rues abruptes de la vieille ville de Cuenca.<\/p>\n<figure id=\"attachment_5502\" aria-describedby=\"caption-attachment-5502\" style=\"width: 845px\" class=\"wp-caption alignnone\"><img loading=\"lazy\" decoding=\"async\" class=\"wp-image-5502 size-full\" src=\"https:\/\/brochure.spain.info\/wp-content\/uploads\/2018\/10\/Ciudades_expe_05.jpg\" alt=\"\" width=\"845\" height=\"563\" srcset=\"https:\/\/brochure.spain.info\/wp-content\/uploads\/2018\/10\/Ciudades_expe_05.jpg 845w, https:\/\/brochure.spain.info\/wp-content\/uploads\/2018\/10\/Ciudades_expe_05-300x200.jpg 300w, https:\/\/brochure.spain.info\/wp-content\/uploads\/2018\/10\/Ciudades_expe_05-768x512.jpg 768w\" sizes=\"(max-width: 845px) 100vw, 845px\" \/><figcaption id=\"caption-attachment-5502\" class=\"wp-caption-text\">Photo: Villes du Patrimoine de l\u2019Humanit\u00e9<\/figcaption><\/figure>\n<hr \/>\n<h2>Corpus Christi<\/h2>\n<p class=\"p1\">Vers la fin du printemps, venez \u00e0 Tol\u00e8de d\u00e9couvrir la f\u00eate du Corpus Christi. Un d\u00e9fil\u00e9 solennel dans une ville d\u00e9cor\u00e9e pour l&rsquo;occasion \u00e0 l&rsquo;aide d&rsquo;anciens \u00e9tendards et de tapis accroch\u00e9s aux balcons des \u00e9difices, et de compositions florales dans les rues.<\/p>\n<p><img loading=\"lazy\" decoding=\"async\" class=\"alignnone size-full wp-image-5496\" src=\"https:\/\/brochure.spain.info\/wp-content\/uploads\/2018\/10\/Ciudades_expe_04.jpg\" alt=\"\" width=\"845\" height=\"563\" srcset=\"https:\/\/brochure.spain.info\/wp-content\/uploads\/2018\/10\/Ciudades_expe_04.jpg 845w, https:\/\/brochure.spain.info\/wp-content\/uploads\/2018\/10\/Ciudades_expe_04-300x200.jpg 300w, https:\/\/brochure.spain.info\/wp-content\/uploads\/2018\/10\/Ciudades_expe_04-768x512.jpg 768w\" sizes=\"(max-width: 845px) 100vw, 845px\" \/><\/p>\n","protected":false},"excerpt":{"rendered":"<p>Festival international de Th\u00e9\u00e2tre classique de M\u00e9rida Le Festival international de Th\u00e9\u00e2tre classique de M\u00e9rida, se d\u00e9roule en juillet et en ao\u00fbt dans le cadre privil\u00e9gi\u00e9 d&rsquo;un th\u00e9\u00e2tre romain datant du Ier si\u00e8cle avant J.-C. Son impressionnante sc\u00e8ne accueille principalement des repr\u00e9sentations de textes de l&rsquo;\u00e9poque gr\u00e9co-latine, mais aussi des spectacles musicaux et des projections &hellip;<\/p>\n","protected":false},"author":1,"featured_media":0,"parent":10438,"menu_order":0,"comment_status":"closed","ping_status":"closed","template":"articulo.php","meta":{"footnotes":""},"acf":[],"_links":{"self":[{"href":"https:\/\/brochure.spain.info\/fr\/wp-json\/wp\/v2\/pages\/10446"}],"collection":[{"href":"https:\/\/brochure.spain.info\/fr\/wp-json\/wp\/v2\/pages"}],"about":[{"href":"https:\/\/brochure.spain.info\/fr\/wp-json\/wp\/v2\/types\/page"}],"author":[{"embeddable":true,"href":"https:\/\/brochure.spain.info\/fr\/wp-json\/wp\/v2\/users\/1"}],"replies":[{"embeddable":true,"href":"https:\/\/brochure.spain.info\/fr\/wp-json\/wp\/v2\/comments?post=10446"}],"version-history":[{"count":6,"href":"https:\/\/brochure.spain.info\/fr\/wp-json\/wp\/v2\/pages\/10446\/revisions"}],"predecessor-version":[{"id":15623,"href":"https:\/\/brochure.spain.info\/fr\/wp-json\/wp\/v2\/pages\/10446\/revisions\/15623"}],"up":[{"embeddable":true,"href":"https:\/\/brochure.spain.info\/fr\/wp-json\/wp\/v2\/pages\/10438"}],"wp:attachment":[{"href":"https:\/\/brochure.spain.info\/fr\/wp-json\/wp\/v2\/media?parent=10446"}],"curies":[{"name":"wp","href":"https:\/\/api.w.org\/{rel}","templated":true}]}}