{"id":10687,"date":"2018-10-03T13:56:13","date_gmt":"2018-10-03T13:56:13","guid":{"rendered":"https:\/\/brochure.spain.info\/espana-cruce-de-culturas\/un-viaje-al-pasado\/"},"modified":"2021-01-14T16:16:11","modified_gmt":"2021-01-14T16:16:11","slug":"a-journey-back-in-time","status":"publish","type":"page","link":"https:\/\/brochure.spain.info\/en\/spain-a-cultural-crossroads\/a-journey-back-in-time\/","title":{"rendered":"A journey back in time"},"content":{"rendered":"<h2>Prehistory, be enraptured by Spain&#8217;s roots<\/h2>\n<h3 class=\"p1\"><a href=\"https:\/\/www.spain.info\/en\/places-of-interest\/site-atapuerca\/\" target=\"_blank\" rel=\"noopener\">ATAPUERCA<\/a><\/h3>\n<p class=\"p1\">Feel like an archaeologist for a day at the <strong>Sierra de Atapuerca<\/strong> mountains (Burgos province): an exciting journey to excavations where human fossils from approximately one million years ago have been discovered.<\/p>\n<figure id=\"attachment_4906\" aria-describedby=\"caption-attachment-4906\" style=\"width: 750px\" class=\"wp-caption alignnone\"><img loading=\"lazy\" decoding=\"async\" class=\"wp-image-4906\" src=\"https:\/\/brochure.spain.info\/wp-content\/uploads\/2018\/10\/Cruce_pasado_01.jpg\" alt=\"\" width=\"750\" height=\"391\" srcset=\"https:\/\/brochure.spain.info\/wp-content\/uploads\/2018\/10\/Cruce_pasado_01.jpg 845w, https:\/\/brochure.spain.info\/wp-content\/uploads\/2018\/10\/Cruce_pasado_01-300x157.jpg 300w, https:\/\/brochure.spain.info\/wp-content\/uploads\/2018\/10\/Cruce_pasado_01-768x401.jpg 768w\" sizes=\"(max-width: 750px) 100vw, 750px\" \/><figcaption id=\"caption-attachment-4906\" class=\"wp-caption-text\">Museum of Human Evolution, Burgos<\/figcaption><\/figure>\n<h3 class=\"p1\"><a href=\"https:\/\/www.spain.info\/en\/places-of-interest\/palaeolithic-cave-art-cantabrian-coast-extension-altamira-site\/\" target=\"_blank\" rel=\"noopener\">CAVE ART IN NORTHERN SPAIN<\/a><\/h3>\n<p class=\"p1\">Our country has some of the most important examples of prehistoric art in the world, the cave paintings of Altamira being the most outstanding.<\/p>\n<figure id=\"attachment_4912\" aria-describedby=\"caption-attachment-4912\" style=\"width: 845px\" class=\"wp-caption alignnone\"><img loading=\"lazy\" decoding=\"async\" class=\"wp-image-4912 size-full\" src=\"https:\/\/brochure.spain.info\/wp-content\/uploads\/2018\/10\/Cruce_pasado_02.jpg\" alt=\"\" width=\"845\" height=\"441\" srcset=\"https:\/\/brochure.spain.info\/wp-content\/uploads\/2018\/10\/Cruce_pasado_02.jpg 845w, https:\/\/brochure.spain.info\/wp-content\/uploads\/2018\/10\/Cruce_pasado_02-300x157.jpg 300w, https:\/\/brochure.spain.info\/wp-content\/uploads\/2018\/10\/Cruce_pasado_02-768x401.jpg 768w\" sizes=\"(max-width: 845px) 100vw, 845px\" \/><figcaption id=\"caption-attachment-4912\" class=\"wp-caption-text\">Neocueva- Altamira National Museum and Research Centre, Santillana del Mar<\/figcaption><\/figure>\n<h3 class=\"p1\"><span style=\"color: #c70808;\">MEGALITHIC MONUMENTS<\/span><\/h3>\n<p class=\"p1\">Be amazed at the grandeur of some of the most important megalithic constructions in Europe.<\/p>\n<figure id=\"attachment_4918\" aria-describedby=\"caption-attachment-4918\" style=\"width: 750px\" class=\"wp-caption alignnone\"><img loading=\"lazy\" decoding=\"async\" class=\"wp-image-4918\" src=\"https:\/\/brochure.spain.info\/wp-content\/uploads\/2018\/10\/Cruce_pasado_03.jpg\" alt=\"\" width=\"750\" height=\"391\" srcset=\"https:\/\/brochure.spain.info\/wp-content\/uploads\/2018\/10\/Cruce_pasado_03.jpg 845w, https:\/\/brochure.spain.info\/wp-content\/uploads\/2018\/10\/Cruce_pasado_03-300x157.jpg 300w, https:\/\/brochure.spain.info\/wp-content\/uploads\/2018\/10\/Cruce_pasado_03-768x401.jpg 768w\" sizes=\"(max-width: 750px) 100vw, 750px\" \/><figcaption id=\"caption-attachment-4918\" class=\"wp-caption-text\">Antequera Dolmens Archaeological Complex<\/figcaption><\/figure>\n<hr \/>\n<h2>Phoenicians and Carthaginians<\/h2>\n<p class=\"p1\">The most important Phoenician constructions are found at the Gadir archaeological site, one of the oldest of such sites in the western world, which also has an important collection of utensils from daily life on show.<\/p>\n<p class=\"p1\">Most of the pieces of Punic craftwork conserved in Spain come from the Puig des Molins archaeological site, in Ibiza (Balearic Islands), where the Carthaginians founded an important naval base.<\/p>\n<figure id=\"attachment_4924\" aria-describedby=\"caption-attachment-4924\" style=\"width: 750px\" class=\"wp-caption alignnone\"><img loading=\"lazy\" decoding=\"async\" class=\"wp-image-4924\" src=\"https:\/\/brochure.spain.info\/wp-content\/uploads\/2018\/10\/Cruce_pasado_04.jpg\" alt=\"\" width=\"750\" height=\"391\" srcset=\"https:\/\/brochure.spain.info\/wp-content\/uploads\/2018\/10\/Cruce_pasado_04.jpg 845w, https:\/\/brochure.spain.info\/wp-content\/uploads\/2018\/10\/Cruce_pasado_04-300x157.jpg 300w, https:\/\/brochure.spain.info\/wp-content\/uploads\/2018\/10\/Cruce_pasado_04-768x401.jpg 768w\" sizes=\"(max-width: 750px) 100vw, 750px\" \/><figcaption id=\"caption-attachment-4924\" class=\"wp-caption-text\">Dama de C\u00e1diz (Lady of C\u00e1diz), C\u00e1diz Museum<\/figcaption><\/figure>\n<hr \/>\n<h2>Roman Hispania<\/h2>\n<p class=\"p1\">Walk on bridges and roads with centuries of history, attend performances of classical drama in amphitheatres or take part in Roman banquets in Almedinilla (C\u00f3rdoba province).<\/p>\n<h3 class=\"p1\"><a href=\"https:\/\/www.spain.info\/en\/places-of-interest\/segovia-aqueduct\/\" target=\"_blank\" rel=\"noopener\">SEGOVIA AQUEDUCT<\/a><\/h3>\n<p class=\"p1\">This majestic work of engineering from the 2nd century AD was built to collect water from the Sierra de Guadarrama mountains and distribute it through the different urban facilities.<\/p>\n<figure id=\"attachment_4930\" aria-describedby=\"caption-attachment-4930\" style=\"width: 750px\" class=\"wp-caption alignnone\"><img loading=\"lazy\" decoding=\"async\" class=\"wp-image-4930\" src=\"https:\/\/brochure.spain.info\/wp-content\/uploads\/2018\/10\/Cruce_pasado_05.jpg\" alt=\"\" width=\"750\" height=\"391\" srcset=\"https:\/\/brochure.spain.info\/wp-content\/uploads\/2018\/10\/Cruce_pasado_05.jpg 845w, https:\/\/brochure.spain.info\/wp-content\/uploads\/2018\/10\/Cruce_pasado_05-300x157.jpg 300w, https:\/\/brochure.spain.info\/wp-content\/uploads\/2018\/10\/Cruce_pasado_05-768x401.jpg 768w\" sizes=\"(max-width: 750px) 100vw, 750px\" \/><figcaption id=\"caption-attachment-4930\" class=\"wp-caption-text\">Segovia Aqueduct<\/figcaption><\/figure>\n<h3 class=\"p1\"><a href=\"https:\/\/www.spain.info\/en\/destination\/merida\/\" target=\"_blank\" rel=\"noopener\">M\u00c9RIDA<\/a><\/h3>\n<p class=\"p1\">Augusta Emerita, today the city of M\u00e9rida in the Extremadura region, was the capital of the Roman province of Lusitania and one of the Empire&#8217;s most flourishing cities.<\/p>\n<figure id=\"attachment_4936\" aria-describedby=\"caption-attachment-4936\" style=\"width: 750px\" class=\"wp-caption alignnone\"><img loading=\"lazy\" decoding=\"async\" class=\"wp-image-4936\" src=\"https:\/\/brochure.spain.info\/wp-content\/uploads\/2018\/10\/Cruce_pasado_06.jpg\" alt=\"\" width=\"750\" height=\"391\" srcset=\"https:\/\/brochure.spain.info\/wp-content\/uploads\/2018\/10\/Cruce_pasado_06.jpg 845w, https:\/\/brochure.spain.info\/wp-content\/uploads\/2018\/10\/Cruce_pasado_06-300x157.jpg 300w, https:\/\/brochure.spain.info\/wp-content\/uploads\/2018\/10\/Cruce_pasado_06-768x401.jpg 768w\" sizes=\"(max-width: 750px) 100vw, 750px\" \/><figcaption id=\"caption-attachment-4936\" class=\"wp-caption-text\">Roman Theatre, M\u00e9rida<\/figcaption><\/figure>\n<h3 class=\"p1\"><a href=\"https:\/\/www.spain.info\/en\/places-of-interest\/puente-alcantara-toledo\/\" target=\"_blank\" rel=\"noopener\">ALC\u00c1NTARA BRIDGE<\/a><\/h3>\n<p class=\"p1\">This spectacular work of civil engineering remains in perfect condition having undergone several restorations since the 2nd century AD.<\/p>\n<figure id=\"attachment_4942\" aria-describedby=\"caption-attachment-4942\" style=\"width: 750px\" class=\"wp-caption alignnone\"><img loading=\"lazy\" decoding=\"async\" class=\"wp-image-4942\" src=\"https:\/\/brochure.spain.info\/wp-content\/uploads\/2018\/10\/Cruce_pasado_07.jpg\" alt=\"\" width=\"750\" height=\"391\" srcset=\"https:\/\/brochure.spain.info\/wp-content\/uploads\/2018\/10\/Cruce_pasado_07.jpg 845w, https:\/\/brochure.spain.info\/wp-content\/uploads\/2018\/10\/Cruce_pasado_07-300x157.jpg 300w, https:\/\/brochure.spain.info\/wp-content\/uploads\/2018\/10\/Cruce_pasado_07-768x401.jpg 768w\" sizes=\"(max-width: 750px) 100vw, 750px\" \/><figcaption id=\"caption-attachment-4942\" class=\"wp-caption-text\">Alc\u00e1ntara Bridge, Toledo<\/figcaption><\/figure>\n<h3 class=\"p1\"><a href=\"https:\/\/www.spain.info\/en\/destination\/las-medulas\/\" target=\"_blank\" rel=\"noopener\">LAS M\u00c9DULAS<\/a><\/h3>\n<p class=\"p1\">In El Bierzo (Le\u00f3n province, Castile-Le\u00f3n) you will find what was the largest open-cast gold mine in the entire Roman Empire.<\/p>\n<figure id=\"attachment_4948\" aria-describedby=\"caption-attachment-4948\" style=\"width: 750px\" class=\"wp-caption alignnone\"><img loading=\"lazy\" decoding=\"async\" class=\"wp-image-4948\" src=\"https:\/\/brochure.spain.info\/wp-content\/uploads\/2018\/10\/Cruce_pasado_08.jpg\" alt=\"\" width=\"750\" height=\"391\" srcset=\"https:\/\/brochure.spain.info\/wp-content\/uploads\/2018\/10\/Cruce_pasado_08.jpg 845w, https:\/\/brochure.spain.info\/wp-content\/uploads\/2018\/10\/Cruce_pasado_08-300x157.jpg 300w, https:\/\/brochure.spain.info\/wp-content\/uploads\/2018\/10\/Cruce_pasado_08-768x401.jpg 768w\" sizes=\"(max-width: 750px) 100vw, 750px\" \/><figcaption id=\"caption-attachment-4948\" class=\"wp-caption-text\">Las M\u00e9dulas, Le\u00f3n<\/figcaption><\/figure>\n<hr \/>\n<h2>Visigoth culture<\/h2>\n<p class=\"p1\">Traces of this Germanic people in Spain are scarce and scattered throughout the country. The capital of their kingdom was Toledo (Castile-La Mancha), from where they organised a system that anticipated feudalism.<\/p>\n<figure id=\"attachment_4954\" aria-describedby=\"caption-attachment-4954\" style=\"width: 750px\" class=\"wp-caption alignnone\"><img loading=\"lazy\" decoding=\"async\" class=\"wp-image-4954\" src=\"https:\/\/brochure.spain.info\/wp-content\/uploads\/2018\/10\/Cruce_pasado_09.jpg\" alt=\"\" width=\"750\" height=\"391\" srcset=\"https:\/\/brochure.spain.info\/wp-content\/uploads\/2018\/10\/Cruce_pasado_09.jpg 845w, https:\/\/brochure.spain.info\/wp-content\/uploads\/2018\/10\/Cruce_pasado_09-300x157.jpg 300w, https:\/\/brochure.spain.info\/wp-content\/uploads\/2018\/10\/Cruce_pasado_09-768x401.jpg 768w\" sizes=\"(max-width: 750px) 100vw, 750px\" \/><figcaption id=\"caption-attachment-4954\" class=\"wp-caption-text\">San Mill\u00e1n de Suso Monastery, San Mill\u00e1n de la Cogolla<\/figcaption><\/figure>\n","protected":false},"excerpt":{"rendered":"<p>Prehistory, be enraptured by Spain&#8217;s roots ATAPUERCA Feel like an archaeologist for a day at the Sierra de Atapuerca mountains (Burgos province): an exciting journey to excavations where human fossils from approximately one million years ago have been discovered. CAVE ART IN NORTHERN SPAIN Our country has some of the most important examples of prehistoric &hellip;<\/p>\n","protected":false},"author":1,"featured_media":0,"parent":10679,"menu_order":0,"comment_status":"closed","ping_status":"closed","template":"articulo.php","meta":{"footnotes":""},"acf":[],"_links":{"self":[{"href":"https:\/\/brochure.spain.info\/en\/wp-json\/wp\/v2\/pages\/10687"}],"collection":[{"href":"https:\/\/brochure.spain.info\/en\/wp-json\/wp\/v2\/pages"}],"about":[{"href":"https:\/\/brochure.spain.info\/en\/wp-json\/wp\/v2\/types\/page"}],"author":[{"embeddable":true,"href":"https:\/\/brochure.spain.info\/en\/wp-json\/wp\/v2\/users\/1"}],"replies":[{"embeddable":true,"href":"https:\/\/brochure.spain.info\/en\/wp-json\/wp\/v2\/comments?post=10687"}],"version-history":[{"count":7,"href":"https:\/\/brochure.spain.info\/en\/wp-json\/wp\/v2\/pages\/10687\/revisions"}],"predecessor-version":[{"id":15835,"href":"https:\/\/brochure.spain.info\/en\/wp-json\/wp\/v2\/pages\/10687\/revisions\/15835"}],"up":[{"embeddable":true,"href":"https:\/\/brochure.spain.info\/en\/wp-json\/wp\/v2\/pages\/10679"}],"wp:attachment":[{"href":"https:\/\/brochure.spain.info\/en\/wp-json\/wp\/v2\/media?parent=10687"}],"curies":[{"name":"wp","href":"https:\/\/api.w.org\/{rel}","templated":true}]}}