{"id":8971,"date":"2018-08-29T08:40:02","date_gmt":"2018-08-29T08:40:02","guid":{"rendered":"https:\/\/brochure.spain.info\/espana-en-tren\/grandes-rutas-todo-un-lujo\/"},"modified":"2021-01-15T13:49:05","modified_gmt":"2021-01-15T13:49:05","slug":"grosse-reiserouten-ein-wahrer-luxus","status":"publish","type":"page","link":"https:\/\/brochure.spain.info\/de\/spanien-mit-dem-zug\/grosse-reiserouten-ein-wahrer-luxus\/","title":{"rendered":"Gro\u00dfe Reiserouten \u2013 ein wahrer Luxus"},"content":{"rendered":"<h2><strong>Transcant\u00e1brico Gran Lujo<\/strong><\/h2>\n<p class=\"p1\">Erleben Sie acht Tage lang den ganzen Glanz der gro\u00dfen Express-Z\u00fcge der 20er Jahre, die das Kino und die Literatur inspiriert haben, und genie\u00dfen Sie dabei den Komfort des 21. Jahrhunderts. Entdecken Sie den Norden Spaniens, indem Sie entlang der K\u00fcste der Biskaya von San Sebasti\u00e1n (Baskenland) bis nach Santiago de Compostela (Galicien) oder umgekehrt fahren.<\/p>\n<p class=\"p1\">Sie k\u00f6nnen sich in einer der 14 luxuri\u00f6sen, liebevoll eingerichteten Suiten entspannen und durch das Fenster Ihres privaten Salons oder durch die gro\u00dfen Fenster der Originalsalonwagen aus dem Jahre 1923, diesen echten Juwelen der Eisenbahngeschichte, sehen, wie die sch\u00f6nsten Landschaften an Ihnen vorbeiziehen.<\/p>\n<figure id=\"attachment_2091\" aria-describedby=\"caption-attachment-2091\" style=\"width: 750px\" class=\"wp-caption alignnone\"><img loading=\"lazy\" decoding=\"async\" class=\"wp-image-2091\" src=\"https:\/\/brochure.spain.info\/wp-content\/uploads\/2018\/08\/Tren-lujo-02.jpg\" alt=\"\" width=\"750\" height=\"378\" srcset=\"https:\/\/brochure.spain.info\/wp-content\/uploads\/2018\/08\/Tren-lujo-02.jpg 845w, https:\/\/brochure.spain.info\/wp-content\/uploads\/2018\/08\/Tren-lujo-02-300x151.jpg 300w, https:\/\/brochure.spain.info\/wp-content\/uploads\/2018\/08\/Tren-lujo-02-768x387.jpg 768w\" sizes=\"(max-width: 750px) 100vw, 750px\" \/><figcaption id=\"caption-attachment-2091\" class=\"wp-caption-text\">Foto: RENFE<\/figcaption><\/figure>\n<p><img loading=\"lazy\" decoding=\"async\" class=\"alignnone wp-image-13576 size-full\" src=\"https:\/\/brochure.spain.info\/wp-content\/uploads\/2018\/11\/Tren-lujo-01_DE.png\" alt=\"\" width=\"845\" height=\"426\" srcset=\"https:\/\/brochure.spain.info\/wp-content\/uploads\/2018\/11\/Tren-lujo-01_DE.png 845w, https:\/\/brochure.spain.info\/wp-content\/uploads\/2018\/11\/Tren-lujo-01_DE-300x151.png 300w, https:\/\/brochure.spain.info\/wp-content\/uploads\/2018\/11\/Tren-lujo-01_DE-768x387.png 768w\" sizes=\"(max-width: 845px) 100vw, 845px\" \/><\/p>\n<hr \/>\n<h2><a href=\"https:\/\/www.spain.info\/de\/spanien-entdecken\/transcantabrico-zug-hotel-luxus\/\"><strong>Transcant\u00e1brico Cl\u00e1sico<\/strong><\/a><\/h2>\n<p class=\"p1\">Eine weitere wunderbare Alternative zum Transcant\u00e1brico Gran Lujo ist<br \/>\nder Transcant\u00e1brico Cl\u00e1sico, der die Biskayak\u00fcste mit dem Landesinnern von<br \/>\nKastilien-Le\u00f3n verbindet. Sie haben die Wahl zwischen einer 8-t\u00e4gigen Fahrt ab der Stadt Le\u00f3n bis nach Santiago de Compostela oder k\u00fcrzeren Reisen:<br \/>\nSantiago de Compostela- Santander oder Le\u00f3n-Santander.<\/p>\n<figure id=\"attachment_2093\" aria-describedby=\"caption-attachment-2093\" style=\"width: 750px\" class=\"wp-caption alignnone\"><img loading=\"lazy\" decoding=\"async\" class=\"wp-image-2093\" src=\"https:\/\/brochure.spain.info\/wp-content\/uploads\/2018\/08\/Tren-lujo-04.jpg\" alt=\"\" width=\"750\" height=\"378\" srcset=\"https:\/\/brochure.spain.info\/wp-content\/uploads\/2018\/08\/Tren-lujo-04.jpg 845w, https:\/\/brochure.spain.info\/wp-content\/uploads\/2018\/08\/Tren-lujo-04-300x151.jpg 300w, https:\/\/brochure.spain.info\/wp-content\/uploads\/2018\/08\/Tren-lujo-04-768x387.jpg 768w\" sizes=\"(max-width: 750px) 100vw, 750px\" \/><figcaption id=\"caption-attachment-2093\" class=\"wp-caption-text\">Foto: RENFE<\/figcaption><\/figure>\n<p><img loading=\"lazy\" decoding=\"async\" class=\"alignnone wp-image-13601 size-full\" src=\"https:\/\/brochure.spain.info\/wp-content\/uploads\/2018\/11\/Tren-lujo-02_DE.png\" alt=\"\" width=\"845\" height=\"426\" srcset=\"https:\/\/brochure.spain.info\/wp-content\/uploads\/2018\/11\/Tren-lujo-02_DE.png 845w, https:\/\/brochure.spain.info\/wp-content\/uploads\/2018\/11\/Tren-lujo-02_DE-300x151.png 300w, https:\/\/brochure.spain.info\/wp-content\/uploads\/2018\/11\/Tren-lujo-02_DE-768x387.png 768w\" sizes=\"(max-width: 845px) 100vw, 845px\" \/><\/p>\n<hr \/>\n<h2><a href=\"https:\/\/www.spain.info\/de\/spanien-entdecken\/zug-alandalus-palast-schienen-andalusien\/\"><strong>Al Andalus<\/strong><\/a><\/h2>\n<p class=\"p1\">Der Al Andalus ist einer der ger\u00e4umigsten Luxusz\u00fcge der Welt. Sie f\u00fchlen sich zur\u00fcckversetzt in die zauberhaften Jahre der Belle \u00c9poque. Die Suite-Wagen geh\u00f6ren zu derselben Serie wie die Wagen, die in Frankreich f\u00fcr die britischen Monarchen gebaut wurden, die von Calais bis zur C\u00f4te d\u2019Azur fuhren. Der Charme der Vergangenheit verbindet sich mit modernster Ausstattung.<\/p>\n<p class=\"p1\">In den Salonwagen genie\u00dfen Sie die Landschaft bei einem Fr\u00fchst\u00fcck oder einem feinen Abendessen an Bord. Wenn Sie sich entspannen m\u00f6chten, nehmen Sie w\u00e4hrend einer musikalischen Darbietung einen Drink im Piano-Barwagen.<\/p>\n<figure id=\"attachment_2095\" aria-describedby=\"caption-attachment-2095\" style=\"width: 750px\" class=\"wp-caption alignnone\"><img loading=\"lazy\" decoding=\"async\" class=\"wp-image-2095\" src=\"https:\/\/brochure.spain.info\/wp-content\/uploads\/2018\/08\/Tren-lujo-06.jpg\" alt=\"\" width=\"750\" height=\"378\" srcset=\"https:\/\/brochure.spain.info\/wp-content\/uploads\/2018\/08\/Tren-lujo-06.jpg 845w, https:\/\/brochure.spain.info\/wp-content\/uploads\/2018\/08\/Tren-lujo-06-300x151.jpg 300w, https:\/\/brochure.spain.info\/wp-content\/uploads\/2018\/08\/Tren-lujo-06-768x387.jpg 768w\" sizes=\"(max-width: 750px) 100vw, 750px\" \/><figcaption id=\"caption-attachment-2095\" class=\"wp-caption-text\">Foto: RENFE<\/figcaption><\/figure>\n<figure id=\"attachment_2096\" aria-describedby=\"caption-attachment-2096\" style=\"width: 750px\" class=\"wp-caption alignnone\"><img loading=\"lazy\" decoding=\"async\" class=\"wp-image-2096\" src=\"https:\/\/brochure.spain.info\/wp-content\/uploads\/2018\/08\/Tren-lujo-07.jpg\" alt=\"\" width=\"750\" height=\"378\" srcset=\"https:\/\/brochure.spain.info\/wp-content\/uploads\/2018\/08\/Tren-lujo-07.jpg 845w, https:\/\/brochure.spain.info\/wp-content\/uploads\/2018\/08\/Tren-lujo-07-300x151.jpg 300w, https:\/\/brochure.spain.info\/wp-content\/uploads\/2018\/08\/Tren-lujo-07-768x387.jpg 768w\" sizes=\"(max-width: 750px) 100vw, 750px\" \/><figcaption id=\"caption-attachment-2096\" class=\"wp-caption-text\">Foto: RENFE<\/figcaption><\/figure>\n<p><img loading=\"lazy\" decoding=\"async\" class=\"alignnone wp-image-13626 size-full\" src=\"https:\/\/brochure.spain.info\/wp-content\/uploads\/2018\/11\/Tren-lujo-03_DE.png\" alt=\"\" width=\"845\" height=\"426\" srcset=\"https:\/\/brochure.spain.info\/wp-content\/uploads\/2018\/11\/Tren-lujo-03_DE.png 845w, https:\/\/brochure.spain.info\/wp-content\/uploads\/2018\/11\/Tren-lujo-03_DE-300x151.png 300w, https:\/\/brochure.spain.info\/wp-content\/uploads\/2018\/11\/Tren-lujo-03_DE-768x387.png 768w\" sizes=\"(max-width: 845px) 100vw, 845px\" \/><\/p>\n","protected":false},"excerpt":{"rendered":"<p>Transcant\u00e1brico Gran Lujo Erleben Sie acht Tage lang den ganzen Glanz der gro\u00dfen Express-Z\u00fcge der 20er Jahre, die das Kino und die Literatur inspiriert haben, und genie\u00dfen Sie dabei den Komfort des 21. Jahrhunderts. Entdecken Sie den Norden Spaniens, indem Sie entlang der K\u00fcste der Biskaya von San Sebasti\u00e1n (Baskenland) bis nach Santiago de Compostela &hellip;<\/p>\n","protected":false},"author":1,"featured_media":0,"parent":8967,"menu_order":0,"comment_status":"closed","ping_status":"closed","template":"articulo.php","meta":{"footnotes":""},"acf":[],"_links":{"self":[{"href":"https:\/\/brochure.spain.info\/de\/wp-json\/wp\/v2\/pages\/8971"}],"collection":[{"href":"https:\/\/brochure.spain.info\/de\/wp-json\/wp\/v2\/pages"}],"about":[{"href":"https:\/\/brochure.spain.info\/de\/wp-json\/wp\/v2\/types\/page"}],"author":[{"embeddable":true,"href":"https:\/\/brochure.spain.info\/de\/wp-json\/wp\/v2\/users\/1"}],"replies":[{"embeddable":true,"href":"https:\/\/brochure.spain.info\/de\/wp-json\/wp\/v2\/comments?post=8971"}],"version-history":[{"count":8,"href":"https:\/\/brochure.spain.info\/de\/wp-json\/wp\/v2\/pages\/8971\/revisions"}],"predecessor-version":[{"id":15912,"href":"https:\/\/brochure.spain.info\/de\/wp-json\/wp\/v2\/pages\/8971\/revisions\/15912"}],"up":[{"embeddable":true,"href":"https:\/\/brochure.spain.info\/de\/wp-json\/wp\/v2\/pages\/8967"}],"wp:attachment":[{"href":"https:\/\/brochure.spain.info\/de\/wp-json\/wp\/v2\/media?parent=8971"}],"curies":[{"name":"wp","href":"https:\/\/api.w.org\/{rel}","templated":true}]}}