{"id":5959,"date":"2018-08-23T10:54:48","date_gmt":"2018-08-23T10:54:48","guid":{"rendered":"https:\/\/brochure.spain.info\/parque-nacionales\/"},"modified":"2021-02-18T15:18:49","modified_gmt":"2021-02-18T15:18:49","slug":"nationalparks","status":"publish","type":"page","link":"https:\/\/brochure.spain.info\/de\/natur-in-spanien\/nationalparks\/","title":{"rendered":"Nationalparks"},"content":{"rendered":"<h2><img loading=\"lazy\" decoding=\"async\" class=\"alignnone wp-image-13676 size-full\" src=\"https:\/\/brochure.spain.info\/wp-content\/uploads\/2018\/11\/Mapa-naturaleza_DE.png\" alt=\"\" width=\"845\" height=\"628\" srcset=\"https:\/\/brochure.spain.info\/wp-content\/uploads\/2018\/11\/Mapa-naturaleza_DE.png 845w, https:\/\/brochure.spain.info\/wp-content\/uploads\/2018\/11\/Mapa-naturaleza_DE-300x223.png 300w, https:\/\/brochure.spain.info\/wp-content\/uploads\/2018\/11\/Mapa-naturaleza_DE-768x571.png 768w\" sizes=\"(max-width: 845px) 100vw, 845px\" \/><\/h2>\n<hr \/>\n<h2><strong>1. Nationalpark de las Islas Atl\u00e1nticas de Galicia<\/strong><\/h2>\n<p class=\"p1\">Besuchen Sie dieses Naturparadies mit seinen steilen Klippen und entdecken Sie den nat\u00fcrlichen Reichtum seines Meeresbodens zwischen der R\u00eda de Arousa und der R\u00eda de Vigo, wo Sie zwischen gesunkenen Schiffen tauchen k\u00f6nnen.<\/p>\n<hr \/>\n<h2><strong>2. Nationalpark Picos de Europa<\/strong><\/h2>\n<p class=\"p1\">Im Norden des Landes zwischen Le\u00f3n, Kantabrien und Asturien gelegen, ist dies der gr\u00f6\u00dfte und einer der meistbesuchten Nationalparks der Iberischen Halbinsel. Hier k\u00f6nnen Sie zwischen Fl\u00fcssen und Schluchten wandern, einen der h\u00f6chsten Gipfel, den Naranjo de Bulnes, besteigen oder die imposante Sch\u00f6nheit der Landschaft.<\/p>\n<hr \/>\n<h2><strong>3. Nationalpark Ordesa y Monte Perdido<\/strong><\/h2>\n<p class=\"p1\">Lassen Sie sich von den Kontrasten dieses einzigartigen Naturraumes mit seinen Buchenw\u00e4ldern, Wasserf\u00e4llen und Schluchten \u00fcberraschen. Biwakieren Sie auf dem Gipfel des Monte Perdido, dem h\u00f6chsten Punkt der aragonesischen Pyren\u00e4en, oder steigen Sie von den Wiesen von Ordesa zum Wasserfall Cola de Caballo auf und entdecken Sie ein Naturgebiet von au\u00dfergew\u00f6hnlicher Sch\u00f6nheit.<\/p>\n<hr \/>\n<h2><strong>4. Nationalpark Aig\u00fcestortes i Estany de Sant Maurici<\/strong><\/h2>\n<p class=\"p1\">Das Wasser ist das wichtigste Identit\u00e4tsmerkmal dieses sch\u00f6nen Ortes im Herzen der katalanischen Pyren\u00e4en, Heimat des Rothirsches und einer der letzten Zufluchtsorte des L\u00e4mmergeiers in Europa. Dort finden Sie mehr als 200 Bergseen, unz\u00e4hlige B\u00e4che und Wasserf\u00e4lle mit kristallklarem Wasser.<\/p>\n<hr \/>\n<h2><strong>5. Nationalpark Monfrag\u00fce<\/strong><\/h2>\n<p class=\"p1\">Er ist einer der Natursch\u00e4tze der Provinz C\u00e1ceres, ein wahres Paradies f\u00fcr die Vogelbeobachtung. Kommen Sie zum Felsblock Roquedo de Pe\u00f1a Falc\u00f3n, einem der Aussichtspunkte \u00fcber dem Tajo, und sehen Sie den M\u00f6nchsgeier, den gr\u00f6\u00dften Raubvogel Spaniens, durch die Luft gleiten.<\/p>\n<hr \/>\n<h2><strong>6. Nationalpark Sierra de Guadarrama<\/strong><\/h2>\n<p class=\"p1\">Mit einer L\u00e4nge von 500 Kilometer im Zentrum der Iberischen Halbinsel ist der Park durchzogen von Wander- und Fahrradrouten entlang an Bergkesseln und Gletscherseen.<\/p>\n<hr \/>\n<h2><strong>7. Nationalpark Tablas de Daimiel<\/strong><\/h2>\n<p class=\"p1\">Die \u00dcberflutungen der Fl\u00fcsse Cig\u00fcela und Guadiana im Gebiet von Daimiel haben ein europaweit einzigartiges Feuchtgebiet geschaffen. Der Park ist ein privilegiertes \u00d6kosystem, in dem jedes Jahr w\u00e4hrend des Vogelzugs zahlreiche Wasserv\u00f6gel die absoluten Protagonisten sind.<\/p>\n<hr \/>\n<h2><strong>8. Nationalpark Caba\u00f1eros<\/strong><\/h2>\n<p class=\"p1\">In den Montes de Toledo finden Sie eine der gr\u00f6\u00dften mediterranen Waldfl\u00e4chen der ganzen Iberischen Halbinsel. In den weiten Ebenen der Ra\u00f1a de Santiago, bekannt als die \u201eSpanische Serengeti\u201c, kann man viele Hirsche bewundern.<\/p>\n<hr \/>\n<h2><strong>9. Nationalpark Do\u00f1ana<\/strong><\/h2>\n<p class=\"p1\">Der Nationalpark Do\u00f1ana liegt an der andalusischen Atlantikk\u00fcste und ist das artenreichste Naturgebiet Europas. Entdecken Sie zu Fu\u00df, zu Pferd oder im Gel\u00e4ndewagen die Vielfalt der \u00d6kosysteme, die mediterranen Schutzgebiete, die w\u00fcstenhaften Landschaften der Wanderd\u00fcnen und den nat\u00fcrlichen Reichtum der Feuchtgebiete.<\/p>\n<hr \/>\n<h2><strong>10. Nationalpark Sierra Nevada<\/strong><\/h2>\n<p class=\"p1\">Hinter der Alhambra von Granada erheben sich die h\u00f6chsten Gipfel der Halbinsel, der Mulhac\u00e9n und der Veleta, deren Flanken zu verschiedenen Jahreszeiten schneebedeckt sind.<\/p>\n<hr \/>\n<h2><strong>11. Nationalpark Caldera de Taburiente<\/strong><\/h2>\n<p class=\"p1\">Eine weitere, von schwarzen und r\u00f6tlichen Farben dominierte Landschaft, die von einem riesigen Vulkankrater von 8 Kilometern Durchmesser auf der Insel La Palma beherrscht wird. Ihre Pinienhaine mit hundertj\u00e4hrigen Exemplaren \u00fcberraschen bei Touren zu Fu\u00df und zu Pferd.<\/p>\n<hr \/>\n<h2><strong>12. Nationalpark Garajonay<\/strong><\/h2>\n<p>Die Kanarischen Inseln sind voller \u00dcberraschungen. Dringen Sie tief in die W\u00e4lder der Insel La Gomera ein und entdecken Sie ein einzigartiges \u00d6kosystem. Die \u00fcppige Vegetation ist gepr\u00e4gt vom <em>Lorbeerwald<\/em>, dem einzigen \u00dcberbleibsel der subtropischen W\u00e4lder, die vor Millionen von Jahren den gesamten Mittelmeerraum bedeckten.<\/p>\n<hr \/>\n<h2><strong>13. Teide-Nationalpark<\/strong><\/h2>\n<p class=\"p1\">Kommen Sie an die H\u00e4nge des Teide, einem Welterbe der UNESCO. Der riesige inaktive Vulkan auf der Insel Teneriffa ist der h\u00f6chste Gipfel Spaniens. Von dort aus bietet sich Ihnen ein Blick auf eine Vielzahl von Vulkankegeln und Lavastr\u00f6men.<\/p>\n<hr \/>\n<h2><strong>14. Nationalpark Timanfaya<\/strong><\/h2>\n<p class=\"p1\">Auf der Insel Lanzarote ist der vulkanische Ursprung des Archipels an Orten wie dem nat\u00fcrlichen Aussichtspunkt Monta\u00f1a Rajada erkennbar. Von dort aus k\u00f6nnen Sie eine Landschaft betrachten, in der Feuer, Asche und Gestein miteinander verschmelzen.<\/p>\n<hr \/>\n<h2><strong>15. Nationalpark des\u00a0Cabrera-Archipels<\/strong><\/h2>\n<p class=\"p2\">Nehmen Sie von der Baleareninsel Mallorca aus ein Schiff, das Sie zum Cabrera-Archipel bringt. Wenn Sie gerne tauchen, werden Sie fasziniert sein von dem pr\u00e4chtigen Meeresgrund und den wundersch\u00f6nen H\u00f6hlen, in die das Meer eindringt.<\/p>\n","protected":false},"excerpt":{"rendered":"<p>1. Nationalpark de las Islas Atl\u00e1nticas de Galicia Besuchen Sie dieses Naturparadies mit seinen steilen Klippen und entdecken Sie den nat\u00fcrlichen Reichtum seines Meeresbodens zwischen der R\u00eda de Arousa und der R\u00eda de Vigo, wo Sie zwischen gesunkenen Schiffen tauchen k\u00f6nnen. 2. Nationalpark Picos de Europa Im Norden des Landes zwischen Le\u00f3n, Kantabrien und Asturien &hellip;<\/p>\n","protected":false},"author":1,"featured_media":0,"parent":9373,"menu_order":0,"comment_status":"closed","ping_status":"closed","template":"articulo.php","meta":{"footnotes":""},"acf":[],"_links":{"self":[{"href":"https:\/\/brochure.spain.info\/de\/wp-json\/wp\/v2\/pages\/5959"}],"collection":[{"href":"https:\/\/brochure.spain.info\/de\/wp-json\/wp\/v2\/pages"}],"about":[{"href":"https:\/\/brochure.spain.info\/de\/wp-json\/wp\/v2\/types\/page"}],"author":[{"embeddable":true,"href":"https:\/\/brochure.spain.info\/de\/wp-json\/wp\/v2\/users\/1"}],"replies":[{"embeddable":true,"href":"https:\/\/brochure.spain.info\/de\/wp-json\/wp\/v2\/comments?post=5959"}],"version-history":[{"count":12,"href":"https:\/\/brochure.spain.info\/de\/wp-json\/wp\/v2\/pages\/5959\/revisions"}],"predecessor-version":[{"id":16586,"href":"https:\/\/brochure.spain.info\/de\/wp-json\/wp\/v2\/pages\/5959\/revisions\/16586"}],"up":[{"embeddable":true,"href":"https:\/\/brochure.spain.info\/de\/wp-json\/wp\/v2\/pages\/9373"}],"wp:attachment":[{"href":"https:\/\/brochure.spain.info\/de\/wp-json\/wp\/v2\/media?parent=5959"}],"curies":[{"name":"wp","href":"https:\/\/api.w.org\/{rel}","templated":true}]}}