{"id":10689,"date":"2018-10-03T13:56:13","date_gmt":"2018-10-03T13:56:13","guid":{"rendered":"https:\/\/brochure.spain.info\/espana-cruce-de-culturas\/un-viaje-al-pasado\/"},"modified":"2021-01-14T16:22:09","modified_gmt":"2021-01-14T16:22:09","slug":"eine-reise-in-die-vergangenheit","status":"publish","type":"page","link":"https:\/\/brochure.spain.info\/de\/schmelztiegel-der-kulturen-spanien\/eine-reise-in-die-vergangenheit\/","title":{"rendered":"Eine Reise in die Vergangenheit"},"content":{"rendered":"<h2>Vorgeschichte: Spaniens faszinierende Wurzeln<\/h2>\n<h3 class=\"p1\"><a href=\"https:\/\/www.spain.info\/de\/highlights\/fundstaette-atapuerca\/\" target=\"_blank\" rel=\"noopener\">ATAPUERCA<\/a><\/h3>\n<p class=\"p1\">F\u00fchlen Sie sich in der <strong>Sierra de Atapuerca<\/strong> (Burgos) einen Tag lang wie ein Arch\u00e4ologe. Es erwartet Sie eine spannende Reise zu den Ausgrabungen, bei denen etwa eine Million Jahre alte menschliche Fossilien entdeckt wurden.<\/p>\n<figure id=\"attachment_4906\" aria-describedby=\"caption-attachment-4906\" style=\"width: 750px\" class=\"wp-caption alignnone\"><img loading=\"lazy\" decoding=\"async\" class=\"wp-image-4906\" src=\"https:\/\/brochure.spain.info\/wp-content\/uploads\/2018\/10\/Cruce_pasado_01.jpg\" alt=\"\" width=\"750\" height=\"391\" srcset=\"https:\/\/brochure.spain.info\/wp-content\/uploads\/2018\/10\/Cruce_pasado_01.jpg 845w, https:\/\/brochure.spain.info\/wp-content\/uploads\/2018\/10\/Cruce_pasado_01-300x157.jpg 300w, https:\/\/brochure.spain.info\/wp-content\/uploads\/2018\/10\/Cruce_pasado_01-768x401.jpg 768w\" sizes=\"(max-width: 750px) 100vw, 750px\" \/><figcaption id=\"caption-attachment-4906\" class=\"wp-caption-text\">Museum der Evolutionsgeschichte des Menschen, Burgos<\/figcaption><\/figure>\n<h3 class=\"p1\"><a href=\"https:\/\/www.spain.info\/de\/highlights\/hoehlenkunst-altsteinzeit-kantabrische-kueste-erweiterung-altamira-hoehle\/\" target=\"_blank\" rel=\"noopener\">H\u00d6HLENKUNST IN NORDSPANIEN<\/a><\/h3>\n<p class=\"p1\">In unserem Land gibt es einige der wichtigsten pr\u00e4historischen Kunstmanifestationen der Welt, unter denen die H\u00f6hlenmalereien von Altamira besonders hervorzuheben sind.<\/p>\n<figure id=\"attachment_4912\" aria-describedby=\"caption-attachment-4912\" style=\"width: 845px\" class=\"wp-caption alignnone\"><img loading=\"lazy\" decoding=\"async\" class=\"wp-image-4912 size-full\" src=\"https:\/\/brochure.spain.info\/wp-content\/uploads\/2018\/10\/Cruce_pasado_02.jpg\" alt=\"\" width=\"845\" height=\"441\" srcset=\"https:\/\/brochure.spain.info\/wp-content\/uploads\/2018\/10\/Cruce_pasado_02.jpg 845w, https:\/\/brochure.spain.info\/wp-content\/uploads\/2018\/10\/Cruce_pasado_02-300x157.jpg 300w, https:\/\/brochure.spain.info\/wp-content\/uploads\/2018\/10\/Cruce_pasado_02-768x401.jpg 768w\" sizes=\"(max-width: 845px) 100vw, 845px\" \/><figcaption id=\"caption-attachment-4912\" class=\"wp-caption-text\">Neocueva- Nationalmuseum und Forschungszentrum Altamira, Santillana del Mar<\/figcaption><\/figure>\n<h3 class=\"p1\"><span style=\"color: #c70808;\">MEGALITHISCHE MONUMENTE<\/span><\/h3>\n<p class=\"p1\">Bestaunen Sie die Gr\u00f6\u00dfe einiger der wichtigsten megalithischen Bauwerke Europas.<\/p>\n<figure id=\"attachment_4918\" aria-describedby=\"caption-attachment-4918\" style=\"width: 750px\" class=\"wp-caption alignnone\"><img loading=\"lazy\" decoding=\"async\" class=\"wp-image-4918\" src=\"https:\/\/brochure.spain.info\/wp-content\/uploads\/2018\/10\/Cruce_pasado_03.jpg\" alt=\"\" width=\"750\" height=\"391\" srcset=\"https:\/\/brochure.spain.info\/wp-content\/uploads\/2018\/10\/Cruce_pasado_03.jpg 845w, https:\/\/brochure.spain.info\/wp-content\/uploads\/2018\/10\/Cruce_pasado_03-300x157.jpg 300w, https:\/\/brochure.spain.info\/wp-content\/uploads\/2018\/10\/Cruce_pasado_03-768x401.jpg 768w\" sizes=\"(max-width: 750px) 100vw, 750px\" \/><figcaption id=\"caption-attachment-4918\" class=\"wp-caption-text\">Arch\u00e4ologische Ausgrabungsst\u00e4tte Dolmen von Antequera<\/figcaption><\/figure>\n<hr \/>\n<h2>Ph\u00f6nizier und Karthager<\/h2>\n<p class=\"p1\">Die wichtigsten ph\u00f6nizischen Bauten finden sich in der arch\u00e4ologischen Fundst\u00e4tte von Gadir, einer der \u00e4ltesten des Abendlandes, die auch eine bedeutende Sammlung von Alltagsgegenst\u00e4nden beherbergt.<\/p>\n<p class=\"p1\">Die meisten der in Spanien erhaltenen punischen Kunsthandwerksobjekte stammen aus der arch\u00e4ologischen St\u00e4tte Puig des Molins auf Ibiza (Balearen), wo die Karthager einen wichtigen Marinest\u00fctzpunkt gr\u00fcndeten.<\/p>\n<figure id=\"attachment_4924\" aria-describedby=\"caption-attachment-4924\" style=\"width: 750px\" class=\"wp-caption alignnone\"><img loading=\"lazy\" decoding=\"async\" class=\"wp-image-4924\" src=\"https:\/\/brochure.spain.info\/wp-content\/uploads\/2018\/10\/Cruce_pasado_04.jpg\" alt=\"\" width=\"750\" height=\"391\" srcset=\"https:\/\/brochure.spain.info\/wp-content\/uploads\/2018\/10\/Cruce_pasado_04.jpg 845w, https:\/\/brochure.spain.info\/wp-content\/uploads\/2018\/10\/Cruce_pasado_04-300x157.jpg 300w, https:\/\/brochure.spain.info\/wp-content\/uploads\/2018\/10\/Cruce_pasado_04-768x401.jpg 768w\" sizes=\"(max-width: 750px) 100vw, 750px\" \/><figcaption id=\"caption-attachment-4924\" class=\"wp-caption-text\">Dame von C\u00e1diz, Museum von C\u00e1diz<\/figcaption><\/figure>\n<hr \/>\n<h2>R\u00f6misches Hispanien<\/h2>\n<p class=\"p1\">\u00dcberqueren Sie Br\u00fccken und R\u00f6merstra\u00dfen, schauen Sie sich klassische Theaterauff\u00fchrungen in Amphitheatern mit jahrhundertelanger Geschichte an oder nehmen Sie an den r\u00f6mischen Banketten von Almedinilla (C\u00f3rdoba) teil.<\/p>\n<h3 class=\"p1\"><a href=\"https:\/\/www.spain.info\/de\/highlights\/aquaedukt-segovia\/\" target=\"_blank\" rel=\"noopener\">AQU\u00c4DUKT VON SEGOVIA<\/a><\/h3>\n<p class=\"p1\">Dieses majest\u00e4tische Bauwerk wurde im 2. Jahrhundert n. Chr. gebaut, um Wasser aus der Sierra de Guadarrama zu sammeln und in der ganzen Stadt zug\u00e4nglich zu machen.<\/p>\n<figure id=\"attachment_4930\" aria-describedby=\"caption-attachment-4930\" style=\"width: 750px\" class=\"wp-caption alignnone\"><img loading=\"lazy\" decoding=\"async\" class=\"wp-image-4930\" src=\"https:\/\/brochure.spain.info\/wp-content\/uploads\/2018\/10\/Cruce_pasado_05.jpg\" alt=\"\" width=\"750\" height=\"391\" srcset=\"https:\/\/brochure.spain.info\/wp-content\/uploads\/2018\/10\/Cruce_pasado_05.jpg 845w, https:\/\/brochure.spain.info\/wp-content\/uploads\/2018\/10\/Cruce_pasado_05-300x157.jpg 300w, https:\/\/brochure.spain.info\/wp-content\/uploads\/2018\/10\/Cruce_pasado_05-768x401.jpg 768w\" sizes=\"(max-width: 750px) 100vw, 750px\" \/><figcaption id=\"caption-attachment-4930\" class=\"wp-caption-text\">Aqu\u00e4dukt von Segovia<\/figcaption><\/figure>\n<h3 class=\"p1\"><a href=\"https:\/\/www.spain.info\/de\/reiseziel\/merida\/\" target=\"_blank\" rel=\"noopener\">M\u00c9RIDA<\/a><\/h3>\n<p class=\"p1\">Augusta Emerita, heute bekannt als M\u00e9rida (Extremadura), war die Hauptstadt des r\u00f6mischen Lusitaniens und eine der bl\u00fchendsten St\u00e4dte des Reiches.<\/p>\n<figure id=\"attachment_4936\" aria-describedby=\"caption-attachment-4936\" style=\"width: 750px\" class=\"wp-caption alignnone\"><img loading=\"lazy\" decoding=\"async\" class=\"wp-image-4936\" src=\"https:\/\/brochure.spain.info\/wp-content\/uploads\/2018\/10\/Cruce_pasado_06.jpg\" alt=\"\" width=\"750\" height=\"391\" srcset=\"https:\/\/brochure.spain.info\/wp-content\/uploads\/2018\/10\/Cruce_pasado_06.jpg 845w, https:\/\/brochure.spain.info\/wp-content\/uploads\/2018\/10\/Cruce_pasado_06-300x157.jpg 300w, https:\/\/brochure.spain.info\/wp-content\/uploads\/2018\/10\/Cruce_pasado_06-768x401.jpg 768w\" sizes=\"(max-width: 750px) 100vw, 750px\" \/><figcaption id=\"caption-attachment-4936\" class=\"wp-caption-text\">R\u00f6misches Theater, M\u00e9rida<\/figcaption><\/figure>\n<h3 class=\"p1\"><a href=\"https:\/\/www.spain.info\/de\/highlights\/alcantara-bruecke-toledo\/\" target=\"_blank\" rel=\"noopener\">BR\u00dcCKE VON ALC\u00c1NTARA<\/a><\/h3>\n<p class=\"p1\">Dieses eindrucksvolle Bauwerk ist nach mehreren Restaurierungen seit dem zweiten Jahrhundert n. Chr.\u00a0in perfektem Zustand.<\/p>\n<figure id=\"attachment_4942\" aria-describedby=\"caption-attachment-4942\" style=\"width: 750px\" class=\"wp-caption alignnone\"><img loading=\"lazy\" decoding=\"async\" class=\"wp-image-4942\" src=\"https:\/\/brochure.spain.info\/wp-content\/uploads\/2018\/10\/Cruce_pasado_07.jpg\" alt=\"\" width=\"750\" height=\"391\" srcset=\"https:\/\/brochure.spain.info\/wp-content\/uploads\/2018\/10\/Cruce_pasado_07.jpg 845w, https:\/\/brochure.spain.info\/wp-content\/uploads\/2018\/10\/Cruce_pasado_07-300x157.jpg 300w, https:\/\/brochure.spain.info\/wp-content\/uploads\/2018\/10\/Cruce_pasado_07-768x401.jpg 768w\" sizes=\"(max-width: 750px) 100vw, 750px\" \/><figcaption id=\"caption-attachment-4942\" class=\"wp-caption-text\">Puente de Alc\u00e1ntara, Toledo<\/figcaption><\/figure>\n<h3 class=\"p1\"><a href=\"https:\/\/www.spain.info\/de\/reiseziel\/las-medulas\/\" target=\"_blank\" rel=\"noopener\">LAS M\u00c9DULAS<\/a><\/h3>\n<p class=\"p1\">Entdecken Sie in der Region El Bierzo (Le\u00f3n, Kastilien-Le\u00f3n) die gr\u00f6\u00dfte Goldmine im Tagebau des gesamten R\u00f6mischen Reiches.<\/p>\n<figure id=\"attachment_4948\" aria-describedby=\"caption-attachment-4948\" style=\"width: 750px\" class=\"wp-caption alignnone\"><img loading=\"lazy\" decoding=\"async\" class=\"wp-image-4948\" src=\"https:\/\/brochure.spain.info\/wp-content\/uploads\/2018\/10\/Cruce_pasado_08.jpg\" alt=\"\" width=\"750\" height=\"391\" srcset=\"https:\/\/brochure.spain.info\/wp-content\/uploads\/2018\/10\/Cruce_pasado_08.jpg 845w, https:\/\/brochure.spain.info\/wp-content\/uploads\/2018\/10\/Cruce_pasado_08-300x157.jpg 300w, https:\/\/brochure.spain.info\/wp-content\/uploads\/2018\/10\/Cruce_pasado_08-768x401.jpg 768w\" sizes=\"(max-width: 750px) 100vw, 750px\" \/><figcaption id=\"caption-attachment-4948\" class=\"wp-caption-text\">Las M\u00e9dulas, Le\u00f3n<\/figcaption><\/figure>\n<hr \/>\n<h2>Die Kultur der Westgoten<\/h2>\n<p class=\"p1\">Die Spuren dieses germanischen Volkes in Spanien sind sp\u00e4rlich und \u00fcber das ganze Land verstreut. Die Hauptstadt des Reichs war Toledo (Kastilien-La Mancha), von wo aus sie ein System organisierten, das den Feudalismus vorwegnahm.<\/p>\n<figure id=\"attachment_4954\" aria-describedby=\"caption-attachment-4954\" style=\"width: 750px\" class=\"wp-caption alignnone\"><img loading=\"lazy\" decoding=\"async\" class=\"wp-image-4954\" src=\"https:\/\/brochure.spain.info\/wp-content\/uploads\/2018\/10\/Cruce_pasado_09.jpg\" alt=\"\" width=\"750\" height=\"391\" srcset=\"https:\/\/brochure.spain.info\/wp-content\/uploads\/2018\/10\/Cruce_pasado_09.jpg 845w, https:\/\/brochure.spain.info\/wp-content\/uploads\/2018\/10\/Cruce_pasado_09-300x157.jpg 300w, https:\/\/brochure.spain.info\/wp-content\/uploads\/2018\/10\/Cruce_pasado_09-768x401.jpg 768w\" sizes=\"(max-width: 750px) 100vw, 750px\" \/><figcaption id=\"caption-attachment-4954\" class=\"wp-caption-text\">Kloster San Mill\u00e1n de Suso, San Mill\u00e1n de la Cogolla<\/figcaption><\/figure>\n","protected":false},"excerpt":{"rendered":"<p>Vorgeschichte: Spaniens faszinierende Wurzeln ATAPUERCA F\u00fchlen Sie sich in der Sierra de Atapuerca (Burgos) einen Tag lang wie ein Arch\u00e4ologe. Es erwartet Sie eine spannende Reise zu den Ausgrabungen, bei denen etwa eine Million Jahre alte menschliche Fossilien entdeckt wurden. H\u00d6HLENKUNST IN NORDSPANIEN In unserem Land gibt es einige der wichtigsten pr\u00e4historischen Kunstmanifestationen der Welt, &hellip;<\/p>\n","protected":false},"author":1,"featured_media":0,"parent":10681,"menu_order":0,"comment_status":"closed","ping_status":"closed","template":"articulo.php","meta":{"footnotes":""},"acf":[],"_links":{"self":[{"href":"https:\/\/brochure.spain.info\/de\/wp-json\/wp\/v2\/pages\/10689"}],"collection":[{"href":"https:\/\/brochure.spain.info\/de\/wp-json\/wp\/v2\/pages"}],"about":[{"href":"https:\/\/brochure.spain.info\/de\/wp-json\/wp\/v2\/types\/page"}],"author":[{"embeddable":true,"href":"https:\/\/brochure.spain.info\/de\/wp-json\/wp\/v2\/users\/1"}],"replies":[{"embeddable":true,"href":"https:\/\/brochure.spain.info\/de\/wp-json\/wp\/v2\/comments?post=10689"}],"version-history":[{"count":5,"href":"https:\/\/brochure.spain.info\/de\/wp-json\/wp\/v2\/pages\/10689\/revisions"}],"predecessor-version":[{"id":15840,"href":"https:\/\/brochure.spain.info\/de\/wp-json\/wp\/v2\/pages\/10689\/revisions\/15840"}],"up":[{"embeddable":true,"href":"https:\/\/brochure.spain.info\/de\/wp-json\/wp\/v2\/pages\/10681"}],"wp:attachment":[{"href":"https:\/\/brochure.spain.info\/de\/wp-json\/wp\/v2\/media?parent=10689"}],"curies":[{"name":"wp","href":"https:\/\/api.w.org\/{rel}","templated":true}]}}