{"id":10507,"date":"2018-08-22T11:02:49","date_gmt":"2018-08-22T11:02:49","guid":{"rendered":"https:\/\/brochure.spain.info\/aprender-espanol-en-espana\/las-mejores-ciudades-para-estudiantes\/"},"modified":"2020-12-29T13:30:40","modified_gmt":"2020-12-29T13:30:40","slug":"die-besten-staedte-fu%cc%88r-studenten","status":"publish","type":"page","link":"https:\/\/brochure.spain.info\/de\/lernen-sie-spanischin-spanien\/die-besten-staedte-fu%cc%88r-studenten\/","title":{"rendered":"Die besten St\u00e4dte fu\u0308r Studenten"},"content":{"rendered":"<p><img loading=\"lazy\" decoding=\"async\" class=\"alignnone wp-image-13140 size-full\" src=\"https:\/\/brochure.spain.info\/wp-content\/uploads\/2018\/11\/mapa_aprende_DE.png\" alt=\"\" width=\"2802\" height=\"2096\" srcset=\"https:\/\/brochure.spain.info\/wp-content\/uploads\/2018\/11\/mapa_aprende_DE.png 2802w, https:\/\/brochure.spain.info\/wp-content\/uploads\/2018\/11\/mapa_aprende_DE-300x224.png 300w, https:\/\/brochure.spain.info\/wp-content\/uploads\/2018\/11\/mapa_aprende_DE-768x574.png 768w, https:\/\/brochure.spain.info\/wp-content\/uploads\/2018\/11\/mapa_aprende_DE-1024x766.png 1024w\" sizes=\"(max-width: 2802px) 100vw, 2802px\" \/><\/p>\n<hr \/>\n<h2><a href=\"https:\/\/www.spain.info\/de\/reiseziel\/alcala-de-henares\/\" target=\"_blank\" rel=\"noopener\">Alcal\u00e1 de Henares<\/a><\/h2>\n<p>Diese kleine Stadt ist nicht weit von Madrid entfernt und punktet mit guten Unterku\u0308nften sowie einer sehr aktiven Studentengemeinschaft. Die Universit\u00e4t Alcal\u00e1 de Henares ist eine der am h\u00f6chsten bewerteten Universit\u00e4ten Spaniens.<\/p>\n<p><img loading=\"lazy\" decoding=\"async\" class=\"alignnone size-full wp-image-5555\" src=\"https:\/\/brochure.spain.info\/wp-content\/uploads\/2018\/10\/Aprender_ciudades_02.jpg\" alt=\"\" width=\"845\" height=\"450\" srcset=\"https:\/\/brochure.spain.info\/wp-content\/uploads\/2018\/10\/Aprender_ciudades_02.jpg 845w, https:\/\/brochure.spain.info\/wp-content\/uploads\/2018\/10\/Aprender_ciudades_02-300x160.jpg 300w, https:\/\/brochure.spain.info\/wp-content\/uploads\/2018\/10\/Aprender_ciudades_02-768x409.jpg 768w\" sizes=\"(max-width: 845px) 100vw, 845px\" \/><\/p>\n<hr \/>\n<h2><a href=\"https:\/\/www.spain.info\/de\/reiseziel\/madrid\/\" target=\"_blank\" rel=\"noopener\">Madrid<\/a><\/h2>\n<p>In der Hauptstadt finden Sie zu jeder Tages- und Nachtzeit alles, was Sie suchen. Madrid ist eine multikulturelle Stadt, in der man immer etwas unternehmen kann.<\/p>\n<p><img loading=\"lazy\" decoding=\"async\" class=\"alignnone size-full wp-image-5561\" src=\"https:\/\/brochure.spain.info\/wp-content\/uploads\/2018\/10\/Aprender_ciudades_03.jpg\" alt=\"\" width=\"845\" height=\"450\" srcset=\"https:\/\/brochure.spain.info\/wp-content\/uploads\/2018\/10\/Aprender_ciudades_03.jpg 845w, https:\/\/brochure.spain.info\/wp-content\/uploads\/2018\/10\/Aprender_ciudades_03-300x160.jpg 300w, https:\/\/brochure.spain.info\/wp-content\/uploads\/2018\/10\/Aprender_ciudades_03-768x409.jpg 768w\" sizes=\"(max-width: 845px) 100vw, 845px\" \/><\/p>\n<hr \/>\n<h2><a href=\"https:\/\/www.spain.info\/de\/reiseziel\/barcelona\/\" target=\"_blank\" rel=\"noopener\">Barcelona<\/a><\/h2>\n<p class=\"p1\">Ihre geographische Lage und ihr Kultur-und Freizeitangebot machen diese kosmopolitische und offene Stadt zu einem idealen Ziel f\u00fcr alle, die einen unvergesslichen Aufenthalt erleben m\u00f6chten.<\/p>\n<figure id=\"attachment_5567\" aria-describedby=\"caption-attachment-5567\" style=\"width: 750px\" class=\"wp-caption alignnone\"><img loading=\"lazy\" decoding=\"async\" class=\"wp-image-5567\" src=\"https:\/\/brochure.spain.info\/wp-content\/uploads\/2018\/10\/Aprender_ciudades_04.jpg\" alt=\"\" width=\"750\" height=\"399\" srcset=\"https:\/\/brochure.spain.info\/wp-content\/uploads\/2018\/10\/Aprender_ciudades_04.jpg 845w, https:\/\/brochure.spain.info\/wp-content\/uploads\/2018\/10\/Aprender_ciudades_04-300x160.jpg 300w, https:\/\/brochure.spain.info\/wp-content\/uploads\/2018\/10\/Aprender_ciudades_04-768x409.jpg 768w\" sizes=\"(max-width: 750px) 100vw, 750px\" \/><figcaption id=\"caption-attachment-5567\" class=\"wp-caption-text\">Foto: Marco Rubino\/123rf.com<\/figcaption><\/figure>\n<hr \/>\n<h2><a href=\"https:\/\/www.spain.info\/de\/reiseziel\/valencia\/\" target=\"_blank\" rel=\"noopener\">Valencia<\/a><\/h2>\n<p class=\"p1\">Obwohl die Stadt international f\u00fcr ihre Str\u00e4nde, ihre Paella oder ihr ausgezeichnetes Klima bekannt ist, bietet Valencia weitaus mehr. Sie besitzt \u00f6ffentliche und private Universit\u00e4ten, gute Forschungszentren und ein hohes akademisches Niveau sowie ein hervorragendes universit\u00e4res Umfeld.<\/p>\n<p><img loading=\"lazy\" decoding=\"async\" class=\"alignnone size-full wp-image-5549\" src=\"https:\/\/brochure.spain.info\/wp-content\/uploads\/2018\/10\/Aprender_ciudades_01.jpg\" alt=\"\" width=\"845\" height=\"450\" srcset=\"https:\/\/brochure.spain.info\/wp-content\/uploads\/2018\/10\/Aprender_ciudades_01.jpg 845w, https:\/\/brochure.spain.info\/wp-content\/uploads\/2018\/10\/Aprender_ciudades_01-300x160.jpg 300w, https:\/\/brochure.spain.info\/wp-content\/uploads\/2018\/10\/Aprender_ciudades_01-768x409.jpg 768w\" sizes=\"(max-width: 845px) 100vw, 845px\" \/><\/p>\n<hr \/>\n<h2><a href=\"https:\/\/www.spain.info\/de\/reiseziel\/salamanca\/\" target=\"_blank\" rel=\"noopener\">Salamanca<\/a><\/h2>\n<p class=\"p1\">Salamanca bietet nicht nur eine exzellente Ausbildung, sondern auch sehr erschwingliche Lebenshaltungskosten. Dank des Rufs ihrer Universit\u00e4t und ihres quirligen Nachtlebens ist sie eine der von spanischen und ausl\u00e4ndischen Studenten bevorzugten St\u00e4dte.<\/p>\n<p><img loading=\"lazy\" decoding=\"async\" class=\"alignnone size-full wp-image-5573\" src=\"https:\/\/brochure.spain.info\/wp-content\/uploads\/2018\/10\/Aprender_ciudades_05.jpg\" alt=\"\" width=\"845\" height=\"450\" srcset=\"https:\/\/brochure.spain.info\/wp-content\/uploads\/2018\/10\/Aprender_ciudades_05.jpg 845w, https:\/\/brochure.spain.info\/wp-content\/uploads\/2018\/10\/Aprender_ciudades_05-300x160.jpg 300w, https:\/\/brochure.spain.info\/wp-content\/uploads\/2018\/10\/Aprender_ciudades_05-768x409.jpg 768w\" sizes=\"(max-width: 845px) 100vw, 845px\" \/><\/p>\n<hr \/>\n<h2><a href=\"https:\/\/www.spain.info\/de\/reiseziel\/alicante-alacant\/\" target=\"_blank\" rel=\"noopener\">Alicante<\/a><\/h2>\n<p class=\"p1\">Sonne und Strand die meiste Zeit des Jahres, g\u00fcnstige Preise f\u00fcr Unterkunft und Verpflegung und ein breites Angebot an Freizeitaktivit\u00e4ten machen Alicante zu einem sehr attraktiven Ziel f\u00fcr das Erlernen der Sprache. Jahr f\u00fcr Jahr steigt die Zahl der ausl\u00e4ndische Studenten, die sich f\u00fcr diese Stadt in der Region Valencia entscheiden.<\/p>\n<p><img loading=\"lazy\" decoding=\"async\" class=\"alignnone size-full wp-image-5579\" src=\"https:\/\/brochure.spain.info\/wp-content\/uploads\/2018\/10\/Aprender_ciudades_06.jpg\" alt=\"\" width=\"845\" height=\"450\" srcset=\"https:\/\/brochure.spain.info\/wp-content\/uploads\/2018\/10\/Aprender_ciudades_06.jpg 845w, https:\/\/brochure.spain.info\/wp-content\/uploads\/2018\/10\/Aprender_ciudades_06-300x160.jpg 300w, https:\/\/brochure.spain.info\/wp-content\/uploads\/2018\/10\/Aprender_ciudades_06-768x409.jpg 768w\" sizes=\"(max-width: 845px) 100vw, 845px\" \/><\/p>\n<hr \/>\n<h2><a href=\"https:\/\/www.spain.info\/de\/reiseziel\/malaga\/\" target=\"_blank\" rel=\"noopener\">M\u00e1laga<\/a><\/h2>\n<p class=\"p1\">In der Hauptstadt der Costa del Sol werden Spanischkurse f\u00fcr Ausl\u00e4nder von der Universit\u00e4t M\u00e1laga und einer Vielzahl privater Einrichtungen angeboten. Die Stadt besitzt einen besonderen Charme. Das zeigt insbesondere die gro\u00dfe Zahl der Personen, die sich jedes Jahr f\u00fcr sie entscheiden.<\/p>\n<figure id=\"attachment_5585\" aria-describedby=\"caption-attachment-5585\" style=\"width: 750px\" class=\"wp-caption alignnone\"><img loading=\"lazy\" decoding=\"async\" class=\"wp-image-5585\" src=\"https:\/\/brochure.spain.info\/wp-content\/uploads\/2018\/10\/Aprender_ciudades_07.jpg\" alt=\"\" width=\"750\" height=\"399\" srcset=\"https:\/\/brochure.spain.info\/wp-content\/uploads\/2018\/10\/Aprender_ciudades_07.jpg 845w, https:\/\/brochure.spain.info\/wp-content\/uploads\/2018\/10\/Aprender_ciudades_07-300x160.jpg 300w, https:\/\/brochure.spain.info\/wp-content\/uploads\/2018\/10\/Aprender_ciudades_07-768x409.jpg 768w\" sizes=\"(max-width: 750px) 100vw, 750px\" \/><figcaption id=\"caption-attachment-5585\" class=\"wp-caption-text\">Foto: Ivo De Rooij\/123rf.com<\/figcaption><\/figure>\n<hr \/>\n<h2><a href=\"https:\/\/www.spain.info\/de\/reiseziel\/granada\/\" target=\"_blank\" rel=\"noopener\">Granada<\/a><\/h2>\n<p>Die Universit\u00e4t Granada ist das bevorzugte Ziel fu\u0308r europ\u00e4ische Austauschstudenten (Erasmus). Sie z\u00e4hlt zu den St\u00e4dten mit der l\u00e4ngsten Hochschultradition.<\/p>\n<figure id=\"attachment_5591\" aria-describedby=\"caption-attachment-5591\" style=\"width: 750px\" class=\"wp-caption alignnone\"><img loading=\"lazy\" decoding=\"async\" class=\"wp-image-5591\" src=\"https:\/\/brochure.spain.info\/wp-content\/uploads\/2018\/10\/Aprender_ciudades_08.jpg\" alt=\"\" width=\"750\" height=\"399\" srcset=\"https:\/\/brochure.spain.info\/wp-content\/uploads\/2018\/10\/Aprender_ciudades_08.jpg 845w, https:\/\/brochure.spain.info\/wp-content\/uploads\/2018\/10\/Aprender_ciudades_08-300x160.jpg 300w, https:\/\/brochure.spain.info\/wp-content\/uploads\/2018\/10\/Aprender_ciudades_08-768x409.jpg 768w\" sizes=\"(max-width: 750px) 100vw, 750px\" \/><figcaption id=\"caption-attachment-5591\" class=\"wp-caption-text\">Foto: lachris77\/123rf.com<\/figcaption><\/figure>\n<hr \/>\n<h2><a href=\"https:\/\/www.spain.info\/de\/reiseziel\/cadiz\/\" target=\"_blank\" rel=\"noopener\">C\u00e1diz<\/a><\/h2>\n<p>Viele der Bildungseinrichtungen befinden sich in der Altstadt in historischen Geb\u00e4uden. Hinsichtlich der Feierlaune ihrer Bewohner gibt es nur wenige St\u00e4dte, die mit C\u00e1diz mithalten k\u00f6nnen, insbesondere im Februar, dem Monat des Karnevals.<\/p>\n<p><img loading=\"lazy\" decoding=\"async\" class=\"alignnone size-full wp-image-5597\" src=\"https:\/\/brochure.spain.info\/wp-content\/uploads\/2018\/10\/Aprender_ciudades_09.jpg\" alt=\"\" width=\"845\" height=\"450\" srcset=\"https:\/\/brochure.spain.info\/wp-content\/uploads\/2018\/10\/Aprender_ciudades_09.jpg 845w, https:\/\/brochure.spain.info\/wp-content\/uploads\/2018\/10\/Aprender_ciudades_09-300x160.jpg 300w, https:\/\/brochure.spain.info\/wp-content\/uploads\/2018\/10\/Aprender_ciudades_09-768x409.jpg 768w\" sizes=\"(max-width: 845px) 100vw, 845px\" \/><\/p>\n<hr \/>\n<h2><a href=\"https:\/\/www.spain.info\/de\/reiseziel\/sevilla\/\" target=\"_blank\" rel=\"noopener\">Sevilla<\/a><\/h2>\n<p>Die Hauptstadt Andalusiens bietet den auf dem internationalen Campus Studierenden eine Lebensqualit\u00e4t, wie sie nur in wenigen anderen Universit\u00e4tsst\u00e4dten erreicht wird.<\/p>\n<figure id=\"attachment_5603\" aria-describedby=\"caption-attachment-5603\" style=\"width: 750px\" class=\"wp-caption alignnone\"><img loading=\"lazy\" decoding=\"async\" class=\"wp-image-5603\" src=\"https:\/\/brochure.spain.info\/wp-content\/uploads\/2018\/10\/Aprender_ciudades_10.jpg\" alt=\"\" width=\"750\" height=\"399\" srcset=\"https:\/\/brochure.spain.info\/wp-content\/uploads\/2018\/10\/Aprender_ciudades_10.jpg 845w, https:\/\/brochure.spain.info\/wp-content\/uploads\/2018\/10\/Aprender_ciudades_10-300x160.jpg 300w, https:\/\/brochure.spain.info\/wp-content\/uploads\/2018\/10\/Aprender_ciudades_10-768x409.jpg 768w\" sizes=\"(max-width: 750px) 100vw, 750px\" \/><figcaption id=\"caption-attachment-5603\" class=\"wp-caption-text\">Foto: Karol Kozlowski\/123rf.com<\/figcaption><\/figure>\n","protected":false},"excerpt":{"rendered":"<p>Alcal\u00e1 de Henares Diese kleine Stadt ist nicht weit von Madrid entfernt und punktet mit guten Unterku\u0308nften sowie einer sehr aktiven Studentengemeinschaft. Die Universit\u00e4t Alcal\u00e1 de Henares ist eine der am h\u00f6chsten bewerteten Universit\u00e4ten Spaniens. Madrid In der Hauptstadt finden Sie zu jeder Tages- und Nachtzeit alles, was Sie suchen. Madrid ist eine multikulturelle Stadt, &hellip;<\/p>\n","protected":false},"author":1,"featured_media":0,"parent":10499,"menu_order":0,"comment_status":"closed","ping_status":"closed","template":"articulo.php","meta":{"footnotes":""},"acf":[],"_links":{"self":[{"href":"https:\/\/brochure.spain.info\/de\/wp-json\/wp\/v2\/pages\/10507"}],"collection":[{"href":"https:\/\/brochure.spain.info\/de\/wp-json\/wp\/v2\/pages"}],"about":[{"href":"https:\/\/brochure.spain.info\/de\/wp-json\/wp\/v2\/types\/page"}],"author":[{"embeddable":true,"href":"https:\/\/brochure.spain.info\/de\/wp-json\/wp\/v2\/users\/1"}],"replies":[{"embeddable":true,"href":"https:\/\/brochure.spain.info\/de\/wp-json\/wp\/v2\/comments?post=10507"}],"version-history":[{"count":5,"href":"https:\/\/brochure.spain.info\/de\/wp-json\/wp\/v2\/pages\/10507\/revisions"}],"predecessor-version":[{"id":15496,"href":"https:\/\/brochure.spain.info\/de\/wp-json\/wp\/v2\/pages\/10507\/revisions\/15496"}],"up":[{"embeddable":true,"href":"https:\/\/brochure.spain.info\/de\/wp-json\/wp\/v2\/pages\/10499"}],"wp:attachment":[{"href":"https:\/\/brochure.spain.info\/de\/wp-json\/wp\/v2\/media?parent=10507"}],"curies":[{"name":"wp","href":"https:\/\/api.w.org\/{rel}","templated":true}]}}