{"id":10447,"date":"2018-08-29T08:11:46","date_gmt":"2018-08-29T08:11:46","guid":{"rendered":"https:\/\/brochure.spain.info\/ciudades-patrimonio-de-la-humanidad\/fiestas-y-ferias-en-las-ciudades-patrimonio\/"},"modified":"2020-12-30T12:10:47","modified_gmt":"2020-12-30T12:10:47","slug":"10-erlebnisse-in-den-welterbestaedten-die-sie-sich-nicht-entgehen-lassen-sollten","status":"publish","type":"page","link":"https:\/\/brochure.spain.info\/de\/welterbestaedte\/10-erlebnisse-in-den-welterbestaedten-die-sie-sich-nicht-entgehen-lassen-sollten\/","title":{"rendered":"10\u00a0Erlebnisse in den Welterbest\u00e4dten, die Sie sich nicht entgehen lassen sollten"},"content":{"rendered":"<h2 class=\"p1\">Internationalen Festival f\u00fcr Klassisches Theater von M\u00e9rida<\/h2>\n<p class=\"p2\">Beim\u00a0<a href=\"https:\/\/www.spain.info\/de\/kalender\/festival-klassisches-theater-merida\/\" target=\"_blank\" rel=\"noopener\">Internationalen Festival f\u00fcr Klassisches Theater von M\u00e9rida<\/a>, das im Juli und August stattfindet, genie\u00dfen Sie die privilegierte Kulisse eines r\u00f6mischen Theaters aus dem 1. Jahrhundert v. Chr. Eine imposante B\u00fchne, die ideal ist f\u00fcr die Auff\u00fchrung von Texten mit griechisch-lateinischen Wurzeln, aber auch f\u00fcr die darstellende Kunst im Allgemeinen, einschlie\u00dflich Musik und Film.<\/p>\n<figure id=\"attachment_2079\" aria-describedby=\"caption-attachment-2079\" style=\"width: 750px\" class=\"wp-caption alignnone\"><img loading=\"lazy\" decoding=\"async\" class=\"wp-image-2079\" src=\"https:\/\/brochure.spain.info\/wp-content\/uploads\/2018\/08\/Patrimonio-fiestas-01.jpg\" alt=\"Foto: Ciudades Patrimonio de la Humanidad\" width=\"750\" height=\"501\" srcset=\"https:\/\/brochure.spain.info\/wp-content\/uploads\/2018\/08\/Patrimonio-fiestas-01.jpg 845w, https:\/\/brochure.spain.info\/wp-content\/uploads\/2018\/08\/Patrimonio-fiestas-01-300x200.jpg 300w, https:\/\/brochure.spain.info\/wp-content\/uploads\/2018\/08\/Patrimonio-fiestas-01-768x513.jpg 768w\" sizes=\"(max-width: 750px) 100vw, 750px\" \/><figcaption id=\"caption-attachment-2079\" class=\"wp-caption-text\">Foto: Welterbest\u00e4dte<\/figcaption><\/figure>\n<hr \/>\n<h2 class=\"p1\">Fiesta de Santa Tecla<\/h2>\n<p class=\"p1\">Wenn Sie Tarragona in der zweiten Septemberh\u00e4lfte besuchen, k\u00f6nnen Sie die Fiesta de Santa Tecla mit einigen der ber\u00fchmtesten Festtraditionen Kataloniens mitfeiern. Springen und laufen Sie durch Feuerwerksk\u00f6rper, w\u00e4hrend die Einheimischen als Teufel und Drachen verkleidet beim <em>Correfoc<\/em> Ihre Reflexe auf die Probe stellen.<\/p>\n<figure id=\"attachment_5478\" aria-describedby=\"caption-attachment-5478\" style=\"width: 750px\" class=\"wp-caption alignnone\"><img loading=\"lazy\" decoding=\"async\" class=\"wp-image-5478\" src=\"https:\/\/brochure.spain.info\/wp-content\/uploads\/2018\/10\/Ciudades_expe_01.jpg\" alt=\"\" width=\"750\" height=\"500\" srcset=\"https:\/\/brochure.spain.info\/wp-content\/uploads\/2018\/10\/Ciudades_expe_01.jpg 845w, https:\/\/brochure.spain.info\/wp-content\/uploads\/2018\/10\/Ciudades_expe_01-300x200.jpg 300w, https:\/\/brochure.spain.info\/wp-content\/uploads\/2018\/10\/Ciudades_expe_01-768x512.jpg 768w\" sizes=\"(max-width: 750px) 100vw, 750px\" \/><figcaption id=\"caption-attachment-5478\" class=\"wp-caption-text\">Foto: Joan Capdevila<\/figcaption><\/figure>\n<hr \/>\n<h2>Oto\u00f1o Cultural Flamenco<\/h2>\n<p class=\"p1\">In Baeza werden Sie im selben Zeitraum im Rahmen des Oto\u00f1o Cultural Flamenco in die Geheimnisse des Flamencogesangs und -tanzes eingef\u00fchrt. Der Flamenco-Club der Stadt organisiert literarische Tref-fen, Ausstellungen und Konzerte rund um diese typisch spanische Kunst.<\/p>\n<p><img loading=\"lazy\" decoding=\"async\" class=\"alignnone size-full wp-image-5490\" src=\"https:\/\/brochure.spain.info\/wp-content\/uploads\/2018\/10\/Ciudades_expe_03.jpg\" alt=\"\" width=\"845\" height=\"563\" srcset=\"https:\/\/brochure.spain.info\/wp-content\/uploads\/2018\/10\/Ciudades_expe_03.jpg 845w, https:\/\/brochure.spain.info\/wp-content\/uploads\/2018\/10\/Ciudades_expe_03-300x200.jpg 300w, https:\/\/brochure.spain.info\/wp-content\/uploads\/2018\/10\/Ciudades_expe_03-768x512.jpg 768w\" sizes=\"(max-width: 845px) 100vw, 845px\" \/><\/p>\n<hr \/>\n<h2>Cervantes-Woche<\/h2>\n<p class=\"p1\">Im Oktober wird in Alcal\u00e1 de Henares <a href=\"https:\/\/www.spain.info\/de\/kalender\/cervantes-woche\/\">die Cervantes-Woche<\/a> gefeiert, eine gute Gelegenheit, um mehr \u00fcber das Erbe zu erfahren, das Miguel de Cervantes, der Autor des Don Quijote, in seinem Geburtsort hinterlassen hat. Die Stra\u00dfen sind erf\u00fcllt von Literatur, Unterhaltung und Gastronomie, darunter der mittelalterliche Cervantinische Markt, wo Sie lokale Produkte und sch\u00f6ne handgefertigte <em>Souvenirs<\/em> finden.<\/p>\n<figure id=\"attachment_2080\" aria-describedby=\"caption-attachment-2080\" style=\"width: 750px\" class=\"wp-caption alignnone\"><img loading=\"lazy\" decoding=\"async\" class=\"wp-image-2080\" src=\"https:\/\/brochure.spain.info\/wp-content\/uploads\/2018\/08\/Patrimonio-fiestas-02.jpg\" alt=\"Foto: Ciudades Patrimonio de la Humanidad \" width=\"750\" height=\"501\" srcset=\"https:\/\/brochure.spain.info\/wp-content\/uploads\/2018\/08\/Patrimonio-fiestas-02.jpg 845w, https:\/\/brochure.spain.info\/wp-content\/uploads\/2018\/08\/Patrimonio-fiestas-02-300x200.jpg 300w, https:\/\/brochure.spain.info\/wp-content\/uploads\/2018\/08\/Patrimonio-fiestas-02-768x513.jpg 768w\" sizes=\"(max-width: 750px) 100vw, 750px\" \/><figcaption id=\"caption-attachment-2080\" class=\"wp-caption-text\">Foto: Welterbest\u00e4dte<\/figcaption><\/figure>\n<hr \/>\n<h2>Ehrentag des Apostels Santiago<\/h2>\n<p class=\"p1\">Kommen Sie nach Santiago de Compostela, um den 25. Juli zu feiern, den Ehrentag des Apostels Santiago, der Schutzpatron von Galicien und ganz Spanien ist.<\/p>\n<figure id=\"attachment_5484\" aria-describedby=\"caption-attachment-5484\" style=\"width: 750px\" class=\"wp-caption alignnone\"><img loading=\"lazy\" decoding=\"async\" class=\"wp-image-5484\" src=\"https:\/\/brochure.spain.info\/wp-content\/uploads\/2018\/10\/Ciudades_expe_02.jpg\" alt=\"\" width=\"750\" height=\"500\" srcset=\"https:\/\/brochure.spain.info\/wp-content\/uploads\/2018\/10\/Ciudades_expe_02.jpg 845w, https:\/\/brochure.spain.info\/wp-content\/uploads\/2018\/10\/Ciudades_expe_02-300x200.jpg 300w, https:\/\/brochure.spain.info\/wp-content\/uploads\/2018\/10\/Ciudades_expe_02-768x512.jpg 768w\" sizes=\"(max-width: 750px) 100vw, 750px\" \/><figcaption id=\"caption-attachment-5484\" class=\"wp-caption-text\">\u00a9 Turismo de Santiago de Compostela<\/figcaption><\/figure>\n<hr \/>\n<h2 class=\"p1\">Karneval<\/h2>\n<p class=\"p2\">Der Karneval ist in ganz Spanien bunt und lustig, aber gerade in St\u00e4dten wie Santiago de Compostela hat er einen einzigartigen Charme. In der galicischen Hauptstadt konzentriert sich die Lust an Masken, Schminke und Kost\u00fcmen auf den Umzug am Karnevalsdienstag, bei dem Wagen und Gruppen von Nachbarn und Freunden durch die ganze Stadt<br \/>\nziehen.<\/p>\n<figure id=\"attachment_2081\" aria-describedby=\"caption-attachment-2081\" style=\"width: 750px\" class=\"wp-caption alignnone\"><img loading=\"lazy\" decoding=\"async\" class=\"wp-image-2081\" src=\"https:\/\/brochure.spain.info\/wp-content\/uploads\/2018\/08\/Patrimonio-fiestas-03.jpg\" alt=\"Foto: sssanchez\/123rf.com\" width=\"750\" height=\"498\" srcset=\"https:\/\/brochure.spain.info\/wp-content\/uploads\/2018\/08\/Patrimonio-fiestas-03.jpg 845w, https:\/\/brochure.spain.info\/wp-content\/uploads\/2018\/08\/Patrimonio-fiestas-03-300x199.jpg 300w, https:\/\/brochure.spain.info\/wp-content\/uploads\/2018\/08\/Patrimonio-fiestas-03-768x510.jpg 768w\" sizes=\"(max-width: 750px) 100vw, 750px\" \/><figcaption id=\"caption-attachment-2081\" class=\"wp-caption-text\">Foto: sssanchez\/123rf.com<\/figcaption><\/figure>\n<hr \/>\n<h2>Mittelalterliche Markt der drei Kulturen<\/h2>\n<p class=\"p1\">Jedes Jahr im November findet im historischen Zentrum von C\u00e1ceres der Mittelalterliche Markt der drei Kulturen statt, der Sie einl\u00e4dt, in die Vergangenheit zu reisen und die Mischung muslimischer, j\u00fcdischer und christlicher Traditionen zu entdecken.<\/p>\n<p><img loading=\"lazy\" decoding=\"async\" class=\"alignnone size-full wp-image-5260\" src=\"https:\/\/brochure.spain.info\/wp-content\/uploads\/2018\/10\/Interior_encanto_04.jpg\" alt=\"\" width=\"845\" height=\"475\" srcset=\"https:\/\/brochure.spain.info\/wp-content\/uploads\/2018\/10\/Interior_encanto_04.jpg 845w, https:\/\/brochure.spain.info\/wp-content\/uploads\/2018\/10\/Interior_encanto_04-300x169.jpg 300w, https:\/\/brochure.spain.info\/wp-content\/uploads\/2018\/10\/Interior_encanto_04-768x432.jpg 768w\" sizes=\"(max-width: 845px) 100vw, 845px\" \/><\/p>\n<hr \/>\n<h2 class=\"p1\">Festivals der Innenh\u00f6fe C\u00f3rdobas<\/h2>\n<p class=\"p2\">Der Mai ist auch der Monat des <a href=\"https:\/\/www.spain.info\/de\/kalender\/festival-innenhoefe-cordoba\/\">Festivals der Innenh\u00f6fe C\u00f3rdobas<\/a>, das zum immateriellen Kulturerbe der UNESCO erkl\u00e4rt wurde. Zwei Wochen lang\u00a0\u00f6ffnen die B\u00fcrger der Stadt stolz ihre Innenh\u00f6fe in der Altstadt, die sie zu diesem Anlass mit Blument\u00f6pfen geschm\u00fcckt haben, in denen insbesondere Geranien, Nelken und Jasmin gedeihen. Sie sind praktisch den ganzen Tag \u00fcber zu besichtigen und es werden dort leckere regionale Tapas und der Montilla-Moriles-Wein angeboten.<\/p>\n<p><img loading=\"lazy\" decoding=\"async\" class=\"alignnone wp-image-2082 size-full\" src=\"https:\/\/brochure.spain.info\/wp-content\/uploads\/2018\/08\/Patrimonio-fiestas-04.jpg\" alt=\"\" width=\"845\" height=\"562\" srcset=\"https:\/\/brochure.spain.info\/wp-content\/uploads\/2018\/08\/Patrimonio-fiestas-04.jpg 845w, https:\/\/brochure.spain.info\/wp-content\/uploads\/2018\/08\/Patrimonio-fiestas-04-300x200.jpg 300w, https:\/\/brochure.spain.info\/wp-content\/uploads\/2018\/08\/Patrimonio-fiestas-04-768x511.jpg 768w\" sizes=\"(max-width: 845px) 100vw, 845px\" \/><\/p>\n<hr \/>\n<h2>Karwoche<\/h2>\n<p class=\"p1\">Im M\u00e4rz und April bereitet sich Cuenca auf die feierliche Karwoche vor. Dort k\u00f6nnen Sie an der Kreuzweg-Prozession teilnehmen und sich von Las Turbas \u00fcberraschen lassen. So wird der laute Klang der Trommeln und Trompeten genannt, der den Prozessionen mit der Heiligenfigur Jesu Christi durch die steilen Gassen des historischen Zentrums von Cuenca vorausgeht.<\/p>\n<figure id=\"attachment_5502\" aria-describedby=\"caption-attachment-5502\" style=\"width: 845px\" class=\"wp-caption alignnone\"><img loading=\"lazy\" decoding=\"async\" class=\"wp-image-5502 size-full\" title=\"Foto: Welterbest\u00e4dte\" src=\"https:\/\/brochure.spain.info\/wp-content\/uploads\/2018\/10\/Ciudades_expe_05.jpg\" alt=\"Foto: Welterbest\u00e4dte\" width=\"845\" height=\"563\" srcset=\"https:\/\/brochure.spain.info\/wp-content\/uploads\/2018\/10\/Ciudades_expe_05.jpg 845w, https:\/\/brochure.spain.info\/wp-content\/uploads\/2018\/10\/Ciudades_expe_05-300x200.jpg 300w, https:\/\/brochure.spain.info\/wp-content\/uploads\/2018\/10\/Ciudades_expe_05-768x512.jpg 768w\" sizes=\"(max-width: 845px) 100vw, 845px\" \/><figcaption id=\"caption-attachment-5502\" class=\"wp-caption-text\">Foto: Welterbest\u00e4dte<\/figcaption><\/figure>\n<hr \/>\n<h2>Fronleichnamsfest<\/h2>\n<p class=\"p1\">Gegen Ende des Fr\u00fchlings erwartet Sie das Fronleichnamsfest in Toledo. Die feierliche Prozession f\u00fchrt durch die mit Blumen geschm\u00fcckten Stra\u00dfen, entlang an H\u00e4usern, deren Balkone alte Flaggen und Beh\u00e4nge zieren.<\/p>\n<p><img loading=\"lazy\" decoding=\"async\" class=\"alignnone size-full wp-image-5496\" src=\"https:\/\/brochure.spain.info\/wp-content\/uploads\/2018\/10\/Ciudades_expe_04.jpg\" alt=\"\" width=\"845\" height=\"563\" srcset=\"https:\/\/brochure.spain.info\/wp-content\/uploads\/2018\/10\/Ciudades_expe_04.jpg 845w, https:\/\/brochure.spain.info\/wp-content\/uploads\/2018\/10\/Ciudades_expe_04-300x200.jpg 300w, https:\/\/brochure.spain.info\/wp-content\/uploads\/2018\/10\/Ciudades_expe_04-768x512.jpg 768w\" sizes=\"(max-width: 845px) 100vw, 845px\" \/><\/p>\n","protected":false},"excerpt":{"rendered":"<p>Internationalen Festival f\u00fcr Klassisches Theater von M\u00e9rida Beim\u00a0Internationalen Festival f\u00fcr Klassisches Theater von M\u00e9rida, das im Juli und August stattfindet, genie\u00dfen Sie die privilegierte Kulisse eines r\u00f6mischen Theaters aus dem 1. Jahrhundert v. Chr. Eine imposante B\u00fchne, die ideal ist f\u00fcr die Auff\u00fchrung von Texten mit griechisch-lateinischen Wurzeln, aber auch f\u00fcr die darstellende Kunst im &hellip;<\/p>\n","protected":false},"author":1,"featured_media":0,"parent":10439,"menu_order":0,"comment_status":"closed","ping_status":"closed","template":"articulo.php","meta":{"footnotes":""},"acf":[],"_links":{"self":[{"href":"https:\/\/brochure.spain.info\/de\/wp-json\/wp\/v2\/pages\/10447"}],"collection":[{"href":"https:\/\/brochure.spain.info\/de\/wp-json\/wp\/v2\/pages"}],"about":[{"href":"https:\/\/brochure.spain.info\/de\/wp-json\/wp\/v2\/types\/page"}],"author":[{"embeddable":true,"href":"https:\/\/brochure.spain.info\/de\/wp-json\/wp\/v2\/users\/1"}],"replies":[{"embeddable":true,"href":"https:\/\/brochure.spain.info\/de\/wp-json\/wp\/v2\/comments?post=10447"}],"version-history":[{"count":6,"href":"https:\/\/brochure.spain.info\/de\/wp-json\/wp\/v2\/pages\/10447\/revisions"}],"predecessor-version":[{"id":15625,"href":"https:\/\/brochure.spain.info\/de\/wp-json\/wp\/v2\/pages\/10447\/revisions\/15625"}],"up":[{"embeddable":true,"href":"https:\/\/brochure.spain.info\/de\/wp-json\/wp\/v2\/pages\/10439"}],"wp:attachment":[{"href":"https:\/\/brochure.spain.info\/de\/wp-json\/wp\/v2\/media?parent=10447"}],"curies":[{"name":"wp","href":"https:\/\/api.w.org\/{rel}","templated":true}]}}